{"id":476,"date":"2012-10-22T12:16:48","date_gmt":"2012-10-22T12:16:48","guid":{"rendered":"http:\/\/template-demos.com\/wp\/WP01\/WP010005\/?page_id=10"},"modified":"2022-12-02T15:12:55","modified_gmt":"2022-12-02T15:12:55","slug":"contact-us","status":"publish","type":"page","link":"https:\/\/erec-cm.com\/index.php\/contact-us\/","title":{"rendered":"Contact"},"content":{"rendered":"<p>[vc_row css=\u00a0\u00bb.vc_custom_1630650638542{padding-top: 10px !important;padding-bottom: 40px !important;}\u00a0\u00bb el_class=\u00a0\u00bbcustom-content-main contact-form\u00a0\u00bb][vc_column width=\u00a0\u00bb1\/2&Prime;][vc_row_inner css=\u00a0\u00bb.vc_custom_1630650704808{border-top-width: 1px !important;border-right-width: 1px !important;border-bottom-width: 1px !important;border-left-width: 1px !important;padding-top: 10px !important;padding-right: 30px !important;padding-left: 30px !important;border-left-color: #e0e0e0 !important;border-left-style: solid !important;border-right-color: #e0e0e0 !important;border-right-style: solid !important;border-top-color: #e0e0e0 !important;border-top-style: solid !important;border-bottom-color: #e0e0e0 !important;border-bottom-style: solid !important;border-radius: 5px !important;}\u00a0\u00bb][vc_column_inner]<div class=\"shortcode-title center \"><h1 class=\"big-title\" style=\"color:#e76453;\">Contactez nous en cas de besoin<\/h1><\/div>[vc_column_text css=\u00a0\u00bb.vc_custom_1669993081618{padding-bottom: 40px !important;}\u00a0\u00bb]<\/p>\n<p style=\"text-align: center;\">Nous sommes \u00e0 disposition pour r\u00e9pondre \u00e0 tous vos besoins<\/p>\n<p>[\/vc_column_text]\n<div class=\"wpcf7 no-js\" id=\"wpcf7-f5-o1\" lang=\"en-US\" dir=\"ltr\">\n<div class=\"screen-reader-response\"><p role=\"status\" aria-live=\"polite\" aria-atomic=\"true\"><\/p> <ul><\/ul><\/div>\n<form action=\"\/index.php\/wp-json\/wp\/v2\/pages\/476#wpcf7-f5-o1\" method=\"post\" class=\"wpcf7-form init\" aria-label=\"Contact form\" novalidate=\"novalidate\" data-status=\"init\">\n<div style=\"display: none;\">\n<input type=\"hidden\" name=\"_wpcf7\" value=\"5\" \/>\n<input type=\"hidden\" name=\"_wpcf7_version\" value=\"5.9.8\" \/>\n<input type=\"hidden\" name=\"_wpcf7_locale\" value=\"en_US\" \/>\n<input type=\"hidden\" name=\"_wpcf7_unit_tag\" value=\"wpcf7-f5-o1\" \/>\n<input type=\"hidden\" name=\"_wpcf7_container_post\" value=\"0\" \/>\n<input type=\"hidden\" name=\"_wpcf7_posted_data_hash\" value=\"\" \/>\n<\/div>\n<p><span class=\"wpcf7-form-control-wrap\" data-name=\"your-name\"><input size=\"40\" maxlength=\"400\" class=\"wpcf7-form-control wpcf7-text wpcf7-validates-as-required\" aria-required=\"true\" aria-invalid=\"false\" placeholder=\"Your Name*\" value=\"\" type=\"text\" name=\"your-name\" \/><\/span><span class=\"wpcf7-form-control-wrap\" data-name=\"your-email\"><input size=\"40\" maxlength=\"400\" class=\"wpcf7-form-control wpcf7-email wpcf7-validates-as-required wpcf7-text wpcf7-validates-as-email\" aria-required=\"true\" aria-invalid=\"false\" placeholder=\"Votre email*\" value=\"\" type=\"email\" name=\"your-email\" \/><\/span>\n<\/p>\n<p><span class=\"wpcf7-form-control-wrap\" data-name=\"your-subject\"><input size=\"40\" maxlength=\"400\" class=\"wpcf7-form-control wpcf7-text\" aria-invalid=\"false\" placeholder=\"Subjet*\" value=\"\" type=\"text\" name=\"your-subject\" \/><\/span>\n<\/p>\n<p><span class=\"wpcf7-form-control-wrap\" data-name=\"your-message\"><textarea cols=\"40\" rows=\"10\" maxlength=\"2000\" class=\"wpcf7-form-control wpcf7-textarea\" aria-invalid=\"false\" placeholder=\"Votre Message*\" name=\"your-message\"><\/textarea><\/span>\n<\/p>\n<p><input class=\"wpcf7-form-control wpcf7-submit has-spinner\" type=\"submit\" value=\"Envoyer le message\" \/>\n<\/p><div class=\"wpcf7-response-output\" aria-hidden=\"true\"><\/div>\n<\/form>\n<\/div>\n[\/vc_column_inner][\/vc_row_inner][\/vc_column][vc_column width=\u00a0\u00bb1\/2&Prime;]<div class=\"address-container hb-animate-element right-to-left\"><div class=\"address-text first\"><div class=\"address-text-inner\"><div class=\"icon\"><i class=\"fa fa-home\"><\/i><\/div> <div class=\"content\"><div class=\"address-label\">Address :<\/div>Mokolo, Yaound\u00e9<\/div> <\/div><\/div><div class=\"address-text second\"><div class=\"address-text-inner\"><div class=\"icon\"><i class=\"fa fa-phone\"><\/i><\/div> <div class=\"content\"><div class=\"address-label\">T\u00e9l\u00e9phone :<\/div>+237 6 74 72 29 72<\/div> <\/div><\/div><div class=\"address-text third\"><div class=\"address-text-inner\"><div class=\"icon\"><i class=\"fa fa-envelope \"><\/i><\/div> <div class=\"content\"><div class=\"address-label\">Email :<\/div><a href=\"mailto:contact@erec-cm.com\">contact@erec-cm.com<\/a><\/div><\/div><\/div><div class=\"address-text other\"><div class=\"address-text-inner\"><div class=\"icon\"><i class=\"fa fa-clock-o\"><\/i><\/div> <div class=\"content\"><div class=\"address-label\">We are open:<\/div>Lundi \u2013 Samedi 9 h \u2013 18 PM<\/div> <\/div><\/div><\/div>[\/vc_column][\/vc_row][vc_row full_width=\u00a0\u00bbstretch_row_content\u00a0\u00bb css=\u00a0\u00bb.vc_custom_1630650648023{padding-top: 40px !important;}\u00a0\u00bb][vc_column][vc_row_inner el_class=\u00a0\u00bbcontent-main-other\u00a0\u00bb][vc_column_inner][vc_gmaps link=\u00a0\u00bb#E-8_JTNDaWZyYW1lJTIwc3JjJTNEJTIyaHR0cHMlM0ElMkYlMkZtYXBzLmdvb2dsZS5jb20lMkZtYXBzJTNGd2lkdGglM0Q2MDAlMjZhbXAlM0JoZWlnaHQlM0Q0MDAlMjZhbXAlM0JobCUzRGVuJTI2YW1wJTNCcSUzRG1hcmNoJUMzJUE5JTIwbW9rb2xvJTIweWFvdW5kJUMzJUE5JTI2YW1wJTNCdCUzRCUyNmFtcCUzQnolM0QxNCUyNmFtcCUzQmllJTNEVVRGOCUyNmFtcCUzQml3bG9jJTNEQiUyNmFtcCUzQm91dHB1dCUzRGVtYmVkJTIyJTIwd2lkdGglM0QlMjI2MDAlMjIlMjBoZWlnaHQlM0QlMjI0NTAlMjIlMjBmcmFtZWJvcmRlciUzRCUyMjAlMjIlMjBzdHlsZSUzRCUyMmJvcmRlciUzQTAlMjIlMjBhbGxvd2Z1bGxzY3JlZW4lM0UlM0MlMkZpZnJhbWUlM0U=\u00a0\u00bb el_class=\u00a0\u00bbgoogle-map\u00a0\u00bb][\/vc_column_inner][\/vc_row_inner][\/vc_column][\/vc_row]<\/p>\n","protected":false},"excerpt":{"rendered":"<p>[vc_row css=\u00a0\u00bb.vc_custom_1630650638542{padding-top: 10px !important;padding-bottom: 40px !important;}\u00a0\u00bb el_class=\u00a0\u00bbcustom-content-main contact-form\u00a0\u00bb][vc_column width=\u00a0\u00bb1\/2&Prime;][vc_row_inner css=\u00a0\u00bb.vc_custom_1630650704808{border-top-width: 1px !important;border-right-width: 1px !important;border-bottom-width: 1px !important;border-left-width: 1px !important;padding-top: 10px !important;padding-right: 30px !important;padding-left: 30px !important;border-left-color: #e0e0e0 !important;border-left-style: solid !important;border-right-color: #e0e0e0 !important;border-right-style: solid !important;border-top-color: #e0e0e0 !important;border-top-style: solid !important;border-bottom-color: #e0e0e0 !important;border-bottom-style: solid !important;border-radius: 5px !important;}\u00a0\u00bb][vc_column_inner][vc_column_text css=\u00a0\u00bb.vc_custom_1669993081618{padding-bottom: 40px !important;}\u00a0\u00bb] Nous sommes \u00e0 disposition pour r\u00e9pondre \u00e0 tous vos besoins [&hellip;]<\/p>\n","protected":false},"author":1,"featured_media":0,"parent":0,"menu_order":0,"comment_status":"closed","ping_status":"closed","template":"","meta":{"footnotes":""},"class_list":["post-476","page","type-page","status-publish","hentry"],"yoast_head":"<!-- This site is optimized with the Yoast SEO plugin v23.2 - https:\/\/yoast.com\/wordpress\/plugins\/seo\/ -->\n<title>Contact - Erec Cameroun<\/title>\n<meta name=\"robots\" content=\"index, follow, max-snippet:-1, max-image-preview:large, max-video-preview:-1\" \/>\n<link rel=\"canonical\" href=\"https:\/\/erec-cm.com\/index.php\/contact-us\/\" \/>\n<meta property=\"og:locale\" content=\"fr_FR\" \/>\n<meta property=\"og:type\" content=\"article\" \/>\n<meta property=\"og:title\" content=\"Contact - Erec Cameroun\" \/>\n<meta property=\"og:description\" content=\"[vc_row css=\u00a0\u00bb.vc_custom_1630650638542{padding-top: 10px !important;padding-bottom: 40px !important;}\u00a0\u00bb el_class=\u00a0\u00bbcustom-content-main contact-form\u00a0\u00bb][vc_column width=\u00a0\u00bb1\/2&Prime;][vc_row_inner css=\u00a0\u00bb.vc_custom_1630650704808{border-top-width: 1px !important;border-right-width: 1px !important;border-bottom-width: 1px !important;border-left-width: 1px !important;padding-top: 10px !important;padding-right: 30px !important;padding-left: 30px !important;border-left-color: #e0e0e0 !important;border-left-style: solid !important;border-right-color: #e0e0e0 !important;border-right-style: solid !important;border-top-color: #e0e0e0 !important;border-top-style: solid !important;border-bottom-color: #e0e0e0 !important;border-bottom-style: solid !important;border-radius: 5px !important;}\u00a0\u00bb][vc_column_inner][vc_column_text css=\u00a0\u00bb.vc_custom_1669993081618{padding-bottom: 40px !important;}\u00a0\u00bb] Nous sommes \u00e0 disposition pour r\u00e9pondre \u00e0 tous vos besoins [&hellip;]\" \/>\n<meta property=\"og:url\" content=\"https:\/\/erec-cm.com\/index.php\/contact-us\/\" \/>\n<meta property=\"og:site_name\" content=\"Erec Cameroun\" \/>\n<meta property=\"article:modified_time\" content=\"2022-12-02T15:12:55+00:00\" \/>\n<meta name=\"twitter:card\" content=\"summary_large_image\" \/>\n<meta name=\"twitter:label1\" content=\"Dur\u00e9e de lecture estim\u00e9e\" \/>\n\t<meta name=\"twitter:data1\" content=\"1 minute\" \/>\n<script type=\"application\/ld+json\" class=\"yoast-schema-graph\">{\"@context\":\"https:\/\/schema.org\",\"@graph\":[{\"@type\":\"WebPage\",\"@id\":\"https:\/\/erec-cm.com\/index.php\/contact-us\/\",\"url\":\"https:\/\/erec-cm.com\/index.php\/contact-us\/\",\"name\":\"Contact - Erec Cameroun\",\"isPartOf\":{\"@id\":\"https:\/\/erec-cm.com\/#website\"},\"datePublished\":\"2012-10-22T12:16:48+00:00\",\"dateModified\":\"2022-12-02T15:12:55+00:00\",\"breadcrumb\":{\"@id\":\"https:\/\/erec-cm.com\/index.php\/contact-us\/#breadcrumb\"},\"inLanguage\":\"fr-FR\",\"potentialAction\":[{\"@type\":\"ReadAction\",\"target\":[\"https:\/\/erec-cm.com\/index.php\/contact-us\/\"]}]},{\"@type\":\"BreadcrumbList\",\"@id\":\"https:\/\/erec-cm.com\/index.php\/contact-us\/#breadcrumb\",\"itemListElement\":[{\"@type\":\"ListItem\",\"position\":1,\"name\":\"Home\",\"item\":\"https:\/\/erec-cm.com\/\"},{\"@type\":\"ListItem\",\"position\":2,\"name\":\"Contact\"}]},{\"@type\":\"WebSite\",\"@id\":\"https:\/\/erec-cm.com\/#website\",\"url\":\"https:\/\/erec-cm.com\/\",\"name\":\"Erec Cameroun\",\"description\":\"Just another WordPress site\",\"potentialAction\":[{\"@type\":\"SearchAction\",\"target\":{\"@type\":\"EntryPoint\",\"urlTemplate\":\"https:\/\/erec-cm.com\/?s={search_term_string}\"},\"query-input\":\"required name=search_term_string\"}],\"inLanguage\":\"fr-FR\"}]}<\/script>\n<!-- \/ Yoast SEO plugin. -->","yoast_head_json":{"title":"Contact - Erec Cameroun","robots":{"index":"index","follow":"follow","max-snippet":"max-snippet:-1","max-image-preview":"max-image-preview:large","max-video-preview":"max-video-preview:-1"},"canonical":"https:\/\/erec-cm.com\/index.php\/contact-us\/","og_locale":"fr_FR","og_type":"article","og_title":"Contact - Erec Cameroun","og_description":"[vc_row css=\u00a0\u00bb.vc_custom_1630650638542{padding-top: 10px !important;padding-bottom: 40px !important;}\u00a0\u00bb el_class=\u00a0\u00bbcustom-content-main contact-form\u00a0\u00bb][vc_column width=\u00a0\u00bb1\/2&Prime;][vc_row_inner css=\u00a0\u00bb.vc_custom_1630650704808{border-top-width: 1px !important;border-right-width: 1px !important;border-bottom-width: 1px !important;border-left-width: 1px !important;padding-top: 10px !important;padding-right: 30px !important;padding-left: 30px !important;border-left-color: #e0e0e0 !important;border-left-style: solid !important;border-right-color: #e0e0e0 !important;border-right-style: solid !important;border-top-color: #e0e0e0 !important;border-top-style: solid !important;border-bottom-color: #e0e0e0 !important;border-bottom-style: solid !important;border-radius: 5px !important;}\u00a0\u00bb][vc_column_inner][vc_column_text css=\u00a0\u00bb.vc_custom_1669993081618{padding-bottom: 40px !important;}\u00a0\u00bb] Nous sommes \u00e0 disposition pour r\u00e9pondre \u00e0 tous vos besoins [&hellip;]","og_url":"https:\/\/erec-cm.com\/index.php\/contact-us\/","og_site_name":"Erec Cameroun","article_modified_time":"2022-12-02T15:12:55+00:00","twitter_card":"summary_large_image","twitter_misc":{"Dur\u00e9e de lecture estim\u00e9e":"1 minute"},"schema":{"@context":"https:\/\/schema.org","@graph":[{"@type":"WebPage","@id":"https:\/\/erec-cm.com\/index.php\/contact-us\/","url":"https:\/\/erec-cm.com\/index.php\/contact-us\/","name":"Contact - Erec Cameroun","isPartOf":{"@id":"https:\/\/erec-cm.com\/#website"},"datePublished":"2012-10-22T12:16:48+00:00","dateModified":"2022-12-02T15:12:55+00:00","breadcrumb":{"@id":"https:\/\/erec-cm.com\/index.php\/contact-us\/#breadcrumb"},"inLanguage":"fr-FR","potentialAction":[{"@type":"ReadAction","target":["https:\/\/erec-cm.com\/index.php\/contact-us\/"]}]},{"@type":"BreadcrumbList","@id":"https:\/\/erec-cm.com\/index.php\/contact-us\/#breadcrumb","itemListElement":[{"@type":"ListItem","position":1,"name":"Home","item":"https:\/\/erec-cm.com\/"},{"@type":"ListItem","position":2,"name":"Contact"}]},{"@type":"WebSite","@id":"https:\/\/erec-cm.com\/#website","url":"https:\/\/erec-cm.com\/","name":"Erec Cameroun","description":"Just another WordPress site","potentialAction":[{"@type":"SearchAction","target":{"@type":"EntryPoint","urlTemplate":"https:\/\/erec-cm.com\/?s={search_term_string}"},"query-input":"required name=search_term_string"}],"inLanguage":"fr-FR"}]}},"_links":{"self":[{"href":"https:\/\/erec-cm.com\/index.php\/wp-json\/wp\/v2\/pages\/476","targetHints":{"allow":["GET"]}}],"collection":[{"href":"https:\/\/erec-cm.com\/index.php\/wp-json\/wp\/v2\/pages"}],"about":[{"href":"https:\/\/erec-cm.com\/index.php\/wp-json\/wp\/v2\/types\/page"}],"author":[{"embeddable":true,"href":"https:\/\/erec-cm.com\/index.php\/wp-json\/wp\/v2\/users\/1"}],"replies":[{"embeddable":true,"href":"https:\/\/erec-cm.com\/index.php\/wp-json\/wp\/v2\/comments?post=476"}],"version-history":[{"count":3,"href":"https:\/\/erec-cm.com\/index.php\/wp-json\/wp\/v2\/pages\/476\/revisions"}],"predecessor-version":[{"id":20421,"href":"https:\/\/erec-cm.com\/index.php\/wp-json\/wp\/v2\/pages\/476\/revisions\/20421"}],"wp:attachment":[{"href":"https:\/\/erec-cm.com\/index.php\/wp-json\/wp\/v2\/media?parent=476"}],"curies":[{"name":"wp","href":"https:\/\/api.w.org\/{rel}","templated":true}]}}