{"id":20522,"date":"2022-12-05T11:07:59","date_gmt":"2022-12-05T11:07:59","guid":{"rendered":"https:\/\/erec-cm.com\/?post_type=product&#038;p=20522"},"modified":"2026-04-24T04:23:03","modified_gmt":"2026-04-24T04:23:03","slug":"babyliss-simple-portable-hair","status":"publish","type":"product","link":"https:\/\/erec-cm.com\/index.php\/product\/babyliss-simple-portable-hair\/","title":{"rendered":"babyliss-simple-portable-hair"},"content":{"rendered":"<p>Notre pince \u00e0 friser Rose-Quartz 38mm est con\u00e7ue pour cr\u00e9er des boucles ultra l\u00e2ches et du mouvement. Le syst\u00e8me de chauffage Advanced Ceramics\u2122 offre une chaleur constante et uniforme sur chaque section de cheveux. Avec un rev\u00eatement en c\u00e9ramique rose-quartz pour un coiffage en douceur. Rapide \u00e0 chauffer et avec un baril extra-long pour faciliter le bouclage des cheveux longs.<\/p>\n","protected":false},"excerpt":{"rendered":"<p>Notre pince \u00e0 friser Rose-Quartz 38mm est con\u00e7ue pour cr\u00e9er des boucles ultra l\u00e2ches et du mouvement. Le syst\u00e8me de chauffage Advanced Ceramics\u2122 offre une chaleur constante et uniforme sur chaque section de cheveux. Avec un rev\u00eatement en c\u00e9ramique rose-quartz pour un coiffage en douceur. Rapide \u00e0 chauffer et avec un baril extra-long pour faciliter [&hellip;]<\/p>\n","protected":false},"featured_media":20523,"comment_status":"open","ping_status":"closed","template":"","meta":[],"product_cat":[119],"product_tag":[],"class_list":{"0":"post-20522","1":"product","2":"type-product","3":"status-publish","4":"has-post-thumbnail","6":"product_cat-materiel-desthetique","9":"first","10":"instock","11":"shipping-taxable","12":"purchasable","13":"product-type-simple"},"yoast_head":"<!-- This site is optimized with the Yoast SEO plugin v23.2 - https:\/\/yoast.com\/wordpress\/plugins\/seo\/ -->\n<title>babyliss-simple-portable-hair - Erec Cameroun<\/title>\n<meta name=\"robots\" content=\"index, follow, max-snippet:-1, max-image-preview:large, max-video-preview:-1\" \/>\n<link rel=\"canonical\" href=\"https:\/\/erec-cm.com\/index.php\/product\/babyliss-simple-portable-hair\/\" \/>\n<meta property=\"og:locale\" content=\"fr_FR\" \/>\n<meta property=\"og:type\" content=\"article\" \/>\n<meta property=\"og:title\" content=\"babyliss-simple-portable-hair - Erec Cameroun\" \/>\n<meta property=\"og:description\" content=\"Notre pince \u00e0 friser Rose-Quartz 38mm est con\u00e7ue pour cr\u00e9er des boucles ultra l\u00e2ches et du mouvement. Le syst\u00e8me de chauffage Advanced Ceramics\u2122 offre une chaleur constante et uniforme sur chaque section de cheveux. Avec un rev\u00eatement en c\u00e9ramique rose-quartz pour un coiffage en douceur. Rapide \u00e0 chauffer et avec un baril extra-long pour faciliter [&hellip;]\" \/>\n<meta property=\"og:url\" content=\"https:\/\/erec-cm.com\/index.php\/product\/babyliss-simple-portable-hair\/\" \/>\n<meta property=\"og:site_name\" content=\"Erec Cameroun\" \/>\n<meta property=\"article:modified_time\" content=\"2026-04-24T04:23:03+00:00\" \/>\n<meta property=\"og:image\" content=\"https:\/\/erec-cm.com\/wp-content\/uploads\/2022\/12\/babyliss-simple-portable-hair.jpg\" \/>\n\t<meta property=\"og:image:width\" content=\"1000\" \/>\n\t<meta property=\"og:image:height\" content=\"1000\" \/>\n\t<meta property=\"og:image:type\" content=\"image\/jpeg\" \/>\n<meta name=\"twitter:card\" content=\"summary_large_image\" \/>\n<meta name=\"twitter:label1\" content=\"Dur\u00e9e de lecture estim\u00e9e\" \/>\n\t<meta name=\"twitter:data1\" content=\"1 minute\" \/>\n<script type=\"application\/ld+json\" class=\"yoast-schema-graph\">{\"@context\":\"https:\/\/schema.org\",\"@graph\":[{\"@type\":\"WebPage\",\"@id\":\"https:\/\/erec-cm.com\/index.php\/product\/babyliss-simple-portable-hair\/\",\"url\":\"https:\/\/erec-cm.com\/index.php\/product\/babyliss-simple-portable-hair\/\",\"name\":\"babyliss-simple-portable-hair - Erec Cameroun\",\"isPartOf\":{\"@id\":\"https:\/\/erec-cm.com\/#website\"},\"primaryImageOfPage\":{\"@id\":\"https:\/\/erec-cm.com\/index.php\/product\/babyliss-simple-portable-hair\/#primaryimage\"},\"image\":{\"@id\":\"https:\/\/erec-cm.com\/index.php\/product\/babyliss-simple-portable-hair\/#primaryimage\"},\"thumbnailUrl\":\"https:\/\/erec-cm.com\/wp-content\/uploads\/2022\/12\/babyliss-simple-portable-hair.jpg\",\"datePublished\":\"2022-12-05T11:07:59+00:00\",\"dateModified\":\"2026-04-24T04:23:03+00:00\",\"breadcrumb\":{\"@id\":\"https:\/\/erec-cm.com\/index.php\/product\/babyliss-simple-portable-hair\/#breadcrumb\"},\"inLanguage\":\"fr-FR\",\"potentialAction\":[{\"@type\":\"ReadAction\",\"target\":[\"https:\/\/erec-cm.com\/index.php\/product\/babyliss-simple-portable-hair\/\"]}]},{\"@type\":\"ImageObject\",\"inLanguage\":\"fr-FR\",\"@id\":\"https:\/\/erec-cm.com\/index.php\/product\/babyliss-simple-portable-hair\/#primaryimage\",\"url\":\"https:\/\/erec-cm.com\/wp-content\/uploads\/2022\/12\/babyliss-simple-portable-hair.jpg\",\"contentUrl\":\"https:\/\/erec-cm.com\/wp-content\/uploads\/2022\/12\/babyliss-simple-portable-hair.jpg\",\"width\":1000,\"height\":1000},{\"@type\":\"BreadcrumbList\",\"@id\":\"https:\/\/erec-cm.com\/index.php\/product\/babyliss-simple-portable-hair\/#breadcrumb\",\"itemListElement\":[{\"@type\":\"ListItem\",\"position\":1,\"name\":\"Home\",\"item\":\"https:\/\/erec-cm.com\/\"},{\"@type\":\"ListItem\",\"position\":2,\"name\":\"Shop\",\"item\":\"https:\/\/erec-cm.com\/index.php\/shop\/\"},{\"@type\":\"ListItem\",\"position\":3,\"name\":\"babyliss-simple-portable-hair\"}]},{\"@type\":\"WebSite\",\"@id\":\"https:\/\/erec-cm.com\/#website\",\"url\":\"https:\/\/erec-cm.com\/\",\"name\":\"Erec Cameroun\",\"description\":\"Just another WordPress site\",\"potentialAction\":[{\"@type\":\"SearchAction\",\"target\":{\"@type\":\"EntryPoint\",\"urlTemplate\":\"https:\/\/erec-cm.com\/?s={search_term_string}\"},\"query-input\":\"required name=search_term_string\"}],\"inLanguage\":\"fr-FR\"}]}<\/script>\n<!-- \/ Yoast SEO plugin. -->","yoast_head_json":{"title":"babyliss-simple-portable-hair - Erec Cameroun","robots":{"index":"index","follow":"follow","max-snippet":"max-snippet:-1","max-image-preview":"max-image-preview:large","max-video-preview":"max-video-preview:-1"},"canonical":"https:\/\/erec-cm.com\/index.php\/product\/babyliss-simple-portable-hair\/","og_locale":"fr_FR","og_type":"article","og_title":"babyliss-simple-portable-hair - Erec Cameroun","og_description":"Notre pince \u00e0 friser Rose-Quartz 38mm est con\u00e7ue pour cr\u00e9er des boucles ultra l\u00e2ches et du mouvement. Le syst\u00e8me de chauffage Advanced Ceramics\u2122 offre une chaleur constante et uniforme sur chaque section de cheveux. Avec un rev\u00eatement en c\u00e9ramique rose-quartz pour un coiffage en douceur. Rapide \u00e0 chauffer et avec un baril extra-long pour faciliter [&hellip;]","og_url":"https:\/\/erec-cm.com\/index.php\/product\/babyliss-simple-portable-hair\/","og_site_name":"Erec Cameroun","article_modified_time":"2026-04-24T04:23:03+00:00","og_image":[{"width":1000,"height":1000,"url":"https:\/\/erec-cm.com\/wp-content\/uploads\/2022\/12\/babyliss-simple-portable-hair.jpg","type":"image\/jpeg"}],"twitter_card":"summary_large_image","twitter_misc":{"Dur\u00e9e de lecture estim\u00e9e":"1 minute"},"schema":{"@context":"https:\/\/schema.org","@graph":[{"@type":"WebPage","@id":"https:\/\/erec-cm.com\/index.php\/product\/babyliss-simple-portable-hair\/","url":"https:\/\/erec-cm.com\/index.php\/product\/babyliss-simple-portable-hair\/","name":"babyliss-simple-portable-hair - Erec Cameroun","isPartOf":{"@id":"https:\/\/erec-cm.com\/#website"},"primaryImageOfPage":{"@id":"https:\/\/erec-cm.com\/index.php\/product\/babyliss-simple-portable-hair\/#primaryimage"},"image":{"@id":"https:\/\/erec-cm.com\/index.php\/product\/babyliss-simple-portable-hair\/#primaryimage"},"thumbnailUrl":"https:\/\/erec-cm.com\/wp-content\/uploads\/2022\/12\/babyliss-simple-portable-hair.jpg","datePublished":"2022-12-05T11:07:59+00:00","dateModified":"2026-04-24T04:23:03+00:00","breadcrumb":{"@id":"https:\/\/erec-cm.com\/index.php\/product\/babyliss-simple-portable-hair\/#breadcrumb"},"inLanguage":"fr-FR","potentialAction":[{"@type":"ReadAction","target":["https:\/\/erec-cm.com\/index.php\/product\/babyliss-simple-portable-hair\/"]}]},{"@type":"ImageObject","inLanguage":"fr-FR","@id":"https:\/\/erec-cm.com\/index.php\/product\/babyliss-simple-portable-hair\/#primaryimage","url":"https:\/\/erec-cm.com\/wp-content\/uploads\/2022\/12\/babyliss-simple-portable-hair.jpg","contentUrl":"https:\/\/erec-cm.com\/wp-content\/uploads\/2022\/12\/babyliss-simple-portable-hair.jpg","width":1000,"height":1000},{"@type":"BreadcrumbList","@id":"https:\/\/erec-cm.com\/index.php\/product\/babyliss-simple-portable-hair\/#breadcrumb","itemListElement":[{"@type":"ListItem","position":1,"name":"Home","item":"https:\/\/erec-cm.com\/"},{"@type":"ListItem","position":2,"name":"Shop","item":"https:\/\/erec-cm.com\/index.php\/shop\/"},{"@type":"ListItem","position":3,"name":"babyliss-simple-portable-hair"}]},{"@type":"WebSite","@id":"https:\/\/erec-cm.com\/#website","url":"https:\/\/erec-cm.com\/","name":"Erec Cameroun","description":"Just another WordPress site","potentialAction":[{"@type":"SearchAction","target":{"@type":"EntryPoint","urlTemplate":"https:\/\/erec-cm.com\/?s={search_term_string}"},"query-input":"required name=search_term_string"}],"inLanguage":"fr-FR"}]}},"_links":{"self":[{"href":"https:\/\/erec-cm.com\/index.php\/wp-json\/wp\/v2\/product\/20522","targetHints":{"allow":["GET"]}}],"collection":[{"href":"https:\/\/erec-cm.com\/index.php\/wp-json\/wp\/v2\/product"}],"about":[{"href":"https:\/\/erec-cm.com\/index.php\/wp-json\/wp\/v2\/types\/product"}],"replies":[{"embeddable":true,"href":"https:\/\/erec-cm.com\/index.php\/wp-json\/wp\/v2\/comments?post=20522"}],"wp:featuredmedia":[{"embeddable":true,"href":"https:\/\/erec-cm.com\/index.php\/wp-json\/wp\/v2\/media\/20523"}],"wp:attachment":[{"href":"https:\/\/erec-cm.com\/index.php\/wp-json\/wp\/v2\/media?parent=20522"}],"wp:term":[{"taxonomy":"product_cat","embeddable":true,"href":"https:\/\/erec-cm.com\/index.php\/wp-json\/wp\/v2\/product_cat?post=20522"},{"taxonomy":"product_tag","embeddable":true,"href":"https:\/\/erec-cm.com\/index.php\/wp-json\/wp\/v2\/product_tag?post=20522"}],"curies":[{"name":"wp","href":"https:\/\/api.w.org\/{rel}","templated":true}]}}