{"id":20527,"date":"2022-12-05T12:11:57","date_gmt":"2022-12-05T12:11:57","guid":{"rendered":"https:\/\/erec-cm.com\/?post_type=product&#038;p=20527"},"modified":"2026-04-29T11:18:39","modified_gmt":"2026-04-29T11:18:39","slug":"chaise-pour-coiffeur-soft-soupple-et-confortable-pour-vos-clients","status":"publish","type":"product","link":"https:\/\/erec-cm.com\/index.php\/product\/chaise-pour-coiffeur-soft-soupple-et-confortable-pour-vos-clients\/","title":{"rendered":"Chaise pour coiffeur soft soupple et confortable pour vos clients"},"content":{"rendered":"<p><span class=\"sw\">Gardez<\/span> <span class=\"sw\"><b>vos<\/b><\/span> <span class=\"sw\">v\u00eatements<\/span> <span class=\"sw\">propres<\/span> <span class=\"sw\">et<\/span> <span class=\"sw\"><b>secs.<\/b><\/span> <span class=\"sw\">Parfait<\/span> <span class=\"sw\">pour<\/span> <span class=\"sw\">les<\/span> <span class=\"sw\"><b>coupes<\/b><\/span> <span class=\"sw\"><b>de<\/b><\/span> <span class=\"sw\">cheveux,<\/span> <span class=\"sw\">la<\/span> <span class=\"sw\">coloration<\/span> <span class=\"sw\">et<\/span> <span class=\"sw\"><b>les<\/b><\/span> <span class=\"sw\"><b>permanentes.<\/b><\/span> <span class=\"sw\"><b>Fabriqu\u00e9<\/b><\/span> <span class=\"sw\"><b>\u00e0<\/b><\/span> <span class=\"sw\"><b>partir<\/b><\/span> <span class=\"sw\"><b>de<\/b><\/span> <span class=\"sw\"><b>tissu<\/b><\/span> <span class=\"sw\"><b>hydrofuge<\/b><\/span> <span class=\"sw\">souple,<\/span> <span class=\"sw\">l\u00e9ger<\/span> <span class=\"sw\">et<\/span> <span class=\"sw\">durable<\/span> <span class=\"sw\"><b>qui<\/b><\/span> <span class=\"sw\"><b>garde<\/b><\/span> <span class=\"sw\"><b>les<\/b><\/span> <span class=\"sw\">v\u00eatements<\/span> <span class=\"sw\">secs<\/span> <span class=\"sw\">et<\/span> <span class=\"sw\">propres\u00a0<\/span><\/p>\n","protected":false},"excerpt":{"rendered":"<p>Gardez vos v\u00eatements propres et secs. Parfait pour les coupes de cheveux, la coloration et les permanentes. Fabriqu\u00e9 \u00e0 partir de tissu hydrofuge souple, l\u00e9ger et durable qui garde les v\u00eatements secs et propres\u00a0<\/p>\n","protected":false},"featured_media":20528,"comment_status":"open","ping_status":"closed","template":"","meta":[],"product_cat":[119],"product_tag":[],"class_list":{"0":"post-20527","1":"product","2":"type-product","3":"status-publish","4":"has-post-thumbnail","6":"product_cat-materiel-desthetique","9":"first","10":"instock","11":"shipping-taxable","12":"purchasable","13":"product-type-simple"},"yoast_head":"<!-- This site is optimized with the Yoast SEO plugin v23.2 - https:\/\/yoast.com\/wordpress\/plugins\/seo\/ -->\n<title>Chaise pour coiffeur soft soupple et confortable pour vos clients - Erec Cameroun<\/title>\n<meta name=\"robots\" content=\"index, follow, max-snippet:-1, max-image-preview:large, max-video-preview:-1\" \/>\n<link rel=\"canonical\" href=\"https:\/\/erec-cm.com\/index.php\/product\/chaise-pour-coiffeur-soft-soupple-et-confortable-pour-vos-clients\/\" \/>\n<meta property=\"og:locale\" content=\"fr_FR\" \/>\n<meta property=\"og:type\" content=\"article\" \/>\n<meta property=\"og:title\" content=\"Chaise pour coiffeur soft soupple et confortable pour vos clients - Erec Cameroun\" \/>\n<meta property=\"og:description\" content=\"Gardez vos v\u00eatements propres et secs. Parfait pour les coupes de cheveux, la coloration et les permanentes. Fabriqu\u00e9 \u00e0 partir de tissu hydrofuge souple, l\u00e9ger et durable qui garde les v\u00eatements secs et propres\u00a0\" \/>\n<meta property=\"og:url\" content=\"https:\/\/erec-cm.com\/index.php\/product\/chaise-pour-coiffeur-soft-soupple-et-confortable-pour-vos-clients\/\" \/>\n<meta property=\"og:site_name\" content=\"Erec Cameroun\" \/>\n<meta property=\"article:modified_time\" content=\"2026-04-29T11:18:39+00:00\" \/>\n<meta property=\"og:image\" content=\"https:\/\/erec-cm.com\/wp-content\/uploads\/2022\/12\/Chaise-pour-coiffeur-soft-soupple-et-confortable-pour-vos-clients-face.webp\" \/>\n\t<meta property=\"og:image:width\" content=\"1200\" \/>\n\t<meta property=\"og:image:height\" content=\"1200\" \/>\n\t<meta property=\"og:image:type\" content=\"image\/webp\" \/>\n<meta name=\"twitter:card\" content=\"summary_large_image\" \/>\n<meta name=\"twitter:label1\" content=\"Dur\u00e9e de lecture estim\u00e9e\" \/>\n\t<meta name=\"twitter:data1\" content=\"1 minute\" \/>\n<script type=\"application\/ld+json\" class=\"yoast-schema-graph\">{\"@context\":\"https:\/\/schema.org\",\"@graph\":[{\"@type\":\"WebPage\",\"@id\":\"https:\/\/erec-cm.com\/index.php\/product\/chaise-pour-coiffeur-soft-soupple-et-confortable-pour-vos-clients\/\",\"url\":\"https:\/\/erec-cm.com\/index.php\/product\/chaise-pour-coiffeur-soft-soupple-et-confortable-pour-vos-clients\/\",\"name\":\"Chaise pour coiffeur soft soupple et confortable pour vos clients - Erec Cameroun\",\"isPartOf\":{\"@id\":\"https:\/\/erec-cm.com\/#website\"},\"primaryImageOfPage\":{\"@id\":\"https:\/\/erec-cm.com\/index.php\/product\/chaise-pour-coiffeur-soft-soupple-et-confortable-pour-vos-clients\/#primaryimage\"},\"image\":{\"@id\":\"https:\/\/erec-cm.com\/index.php\/product\/chaise-pour-coiffeur-soft-soupple-et-confortable-pour-vos-clients\/#primaryimage\"},\"thumbnailUrl\":\"https:\/\/erec-cm.com\/wp-content\/uploads\/2022\/12\/Chaise-pour-coiffeur-soft-soupple-et-confortable-pour-vos-clients-face.webp\",\"datePublished\":\"2022-12-05T12:11:57+00:00\",\"dateModified\":\"2026-04-29T11:18:39+00:00\",\"breadcrumb\":{\"@id\":\"https:\/\/erec-cm.com\/index.php\/product\/chaise-pour-coiffeur-soft-soupple-et-confortable-pour-vos-clients\/#breadcrumb\"},\"inLanguage\":\"fr-FR\",\"potentialAction\":[{\"@type\":\"ReadAction\",\"target\":[\"https:\/\/erec-cm.com\/index.php\/product\/chaise-pour-coiffeur-soft-soupple-et-confortable-pour-vos-clients\/\"]}]},{\"@type\":\"ImageObject\",\"inLanguage\":\"fr-FR\",\"@id\":\"https:\/\/erec-cm.com\/index.php\/product\/chaise-pour-coiffeur-soft-soupple-et-confortable-pour-vos-clients\/#primaryimage\",\"url\":\"https:\/\/erec-cm.com\/wp-content\/uploads\/2022\/12\/Chaise-pour-coiffeur-soft-soupple-et-confortable-pour-vos-clients-face.webp\",\"contentUrl\":\"https:\/\/erec-cm.com\/wp-content\/uploads\/2022\/12\/Chaise-pour-coiffeur-soft-soupple-et-confortable-pour-vos-clients-face.webp\",\"width\":1200,\"height\":1200},{\"@type\":\"BreadcrumbList\",\"@id\":\"https:\/\/erec-cm.com\/index.php\/product\/chaise-pour-coiffeur-soft-soupple-et-confortable-pour-vos-clients\/#breadcrumb\",\"itemListElement\":[{\"@type\":\"ListItem\",\"position\":1,\"name\":\"Home\",\"item\":\"https:\/\/erec-cm.com\/\"},{\"@type\":\"ListItem\",\"position\":2,\"name\":\"Shop\",\"item\":\"https:\/\/erec-cm.com\/index.php\/shop\/\"},{\"@type\":\"ListItem\",\"position\":3,\"name\":\"Chaise pour coiffeur soft soupple et confortable pour vos clients\"}]},{\"@type\":\"WebSite\",\"@id\":\"https:\/\/erec-cm.com\/#website\",\"url\":\"https:\/\/erec-cm.com\/\",\"name\":\"Erec Cameroun\",\"description\":\"Just another WordPress site\",\"potentialAction\":[{\"@type\":\"SearchAction\",\"target\":{\"@type\":\"EntryPoint\",\"urlTemplate\":\"https:\/\/erec-cm.com\/?s={search_term_string}\"},\"query-input\":\"required name=search_term_string\"}],\"inLanguage\":\"fr-FR\"}]}<\/script>\n<!-- \/ Yoast SEO plugin. -->","yoast_head_json":{"title":"Chaise pour coiffeur soft soupple et confortable pour vos clients - Erec Cameroun","robots":{"index":"index","follow":"follow","max-snippet":"max-snippet:-1","max-image-preview":"max-image-preview:large","max-video-preview":"max-video-preview:-1"},"canonical":"https:\/\/erec-cm.com\/index.php\/product\/chaise-pour-coiffeur-soft-soupple-et-confortable-pour-vos-clients\/","og_locale":"fr_FR","og_type":"article","og_title":"Chaise pour coiffeur soft soupple et confortable pour vos clients - Erec Cameroun","og_description":"Gardez vos v\u00eatements propres et secs. Parfait pour les coupes de cheveux, la coloration et les permanentes. Fabriqu\u00e9 \u00e0 partir de tissu hydrofuge souple, l\u00e9ger et durable qui garde les v\u00eatements secs et propres\u00a0","og_url":"https:\/\/erec-cm.com\/index.php\/product\/chaise-pour-coiffeur-soft-soupple-et-confortable-pour-vos-clients\/","og_site_name":"Erec Cameroun","article_modified_time":"2026-04-29T11:18:39+00:00","og_image":[{"width":1200,"height":1200,"url":"https:\/\/erec-cm.com\/wp-content\/uploads\/2022\/12\/Chaise-pour-coiffeur-soft-soupple-et-confortable-pour-vos-clients-face.webp","type":"image\/webp"}],"twitter_card":"summary_large_image","twitter_misc":{"Dur\u00e9e de lecture estim\u00e9e":"1 minute"},"schema":{"@context":"https:\/\/schema.org","@graph":[{"@type":"WebPage","@id":"https:\/\/erec-cm.com\/index.php\/product\/chaise-pour-coiffeur-soft-soupple-et-confortable-pour-vos-clients\/","url":"https:\/\/erec-cm.com\/index.php\/product\/chaise-pour-coiffeur-soft-soupple-et-confortable-pour-vos-clients\/","name":"Chaise pour coiffeur soft soupple et confortable pour vos clients - Erec Cameroun","isPartOf":{"@id":"https:\/\/erec-cm.com\/#website"},"primaryImageOfPage":{"@id":"https:\/\/erec-cm.com\/index.php\/product\/chaise-pour-coiffeur-soft-soupple-et-confortable-pour-vos-clients\/#primaryimage"},"image":{"@id":"https:\/\/erec-cm.com\/index.php\/product\/chaise-pour-coiffeur-soft-soupple-et-confortable-pour-vos-clients\/#primaryimage"},"thumbnailUrl":"https:\/\/erec-cm.com\/wp-content\/uploads\/2022\/12\/Chaise-pour-coiffeur-soft-soupple-et-confortable-pour-vos-clients-face.webp","datePublished":"2022-12-05T12:11:57+00:00","dateModified":"2026-04-29T11:18:39+00:00","breadcrumb":{"@id":"https:\/\/erec-cm.com\/index.php\/product\/chaise-pour-coiffeur-soft-soupple-et-confortable-pour-vos-clients\/#breadcrumb"},"inLanguage":"fr-FR","potentialAction":[{"@type":"ReadAction","target":["https:\/\/erec-cm.com\/index.php\/product\/chaise-pour-coiffeur-soft-soupple-et-confortable-pour-vos-clients\/"]}]},{"@type":"ImageObject","inLanguage":"fr-FR","@id":"https:\/\/erec-cm.com\/index.php\/product\/chaise-pour-coiffeur-soft-soupple-et-confortable-pour-vos-clients\/#primaryimage","url":"https:\/\/erec-cm.com\/wp-content\/uploads\/2022\/12\/Chaise-pour-coiffeur-soft-soupple-et-confortable-pour-vos-clients-face.webp","contentUrl":"https:\/\/erec-cm.com\/wp-content\/uploads\/2022\/12\/Chaise-pour-coiffeur-soft-soupple-et-confortable-pour-vos-clients-face.webp","width":1200,"height":1200},{"@type":"BreadcrumbList","@id":"https:\/\/erec-cm.com\/index.php\/product\/chaise-pour-coiffeur-soft-soupple-et-confortable-pour-vos-clients\/#breadcrumb","itemListElement":[{"@type":"ListItem","position":1,"name":"Home","item":"https:\/\/erec-cm.com\/"},{"@type":"ListItem","position":2,"name":"Shop","item":"https:\/\/erec-cm.com\/index.php\/shop\/"},{"@type":"ListItem","position":3,"name":"Chaise pour coiffeur soft soupple et confortable pour vos clients"}]},{"@type":"WebSite","@id":"https:\/\/erec-cm.com\/#website","url":"https:\/\/erec-cm.com\/","name":"Erec Cameroun","description":"Just another WordPress site","potentialAction":[{"@type":"SearchAction","target":{"@type":"EntryPoint","urlTemplate":"https:\/\/erec-cm.com\/?s={search_term_string}"},"query-input":"required name=search_term_string"}],"inLanguage":"fr-FR"}]}},"_links":{"self":[{"href":"https:\/\/erec-cm.com\/index.php\/wp-json\/wp\/v2\/product\/20527","targetHints":{"allow":["GET"]}}],"collection":[{"href":"https:\/\/erec-cm.com\/index.php\/wp-json\/wp\/v2\/product"}],"about":[{"href":"https:\/\/erec-cm.com\/index.php\/wp-json\/wp\/v2\/types\/product"}],"replies":[{"embeddable":true,"href":"https:\/\/erec-cm.com\/index.php\/wp-json\/wp\/v2\/comments?post=20527"}],"wp:featuredmedia":[{"embeddable":true,"href":"https:\/\/erec-cm.com\/index.php\/wp-json\/wp\/v2\/media\/20528"}],"wp:attachment":[{"href":"https:\/\/erec-cm.com\/index.php\/wp-json\/wp\/v2\/media?parent=20527"}],"wp:term":[{"taxonomy":"product_cat","embeddable":true,"href":"https:\/\/erec-cm.com\/index.php\/wp-json\/wp\/v2\/product_cat?post=20527"},{"taxonomy":"product_tag","embeddable":true,"href":"https:\/\/erec-cm.com\/index.php\/wp-json\/wp\/v2\/product_tag?post=20527"}],"curies":[{"name":"wp","href":"https:\/\/api.w.org\/{rel}","templated":true}]}}