{"id":20532,"date":"2022-12-05T13:03:41","date_gmt":"2022-12-05T13:03:41","guid":{"rendered":"https:\/\/erec-cm.com\/?post_type=product&#038;p=20532"},"modified":"2026-04-24T04:27:13","modified_gmt":"2026-04-24T04:27:13","slug":"marmite-a-cire-pour-salon-esthetique","status":"publish","type":"product","link":"https:\/\/erec-cm.com\/index.php\/product\/marmite-a-cire-pour-salon-esthetique\/","title":{"rendered":"Marmite \u00e0 cire pour salon esth\u00e9tique"},"content":{"rendered":"<div class=\"col-lg-6 col-md-6 col-xs-12 ml-0 mr-0 p-1 paraphraser_input_box\">\n<form id=\"paraphrase_form\" action=\"https:\/\/www.rephrase.info\/fr\/outil-de-paraphrase\" enctype=\"multipart\/form-data\" method=\"POST\"><span class=\"sw\"><b>\u00c9quipement<\/b><\/span> <span class=\"sw\">de<\/span> <span class=\"sw\">beaut\u00e9<\/span> <span class=\"sw\"><b>multifonctionnel,<\/b><\/span> <span class=\"sw\"><b>\u00e9quipement<\/b><\/span> <span class=\"sw\">de<\/span> <span class=\"sw\">beaut\u00e9<\/span> <span class=\"sw\">corporelle,<\/span> <span class=\"sw\"><b>\u00e9quipement<\/b><\/span> <span class=\"sw\"><b>d&rsquo;amincissement,<\/b><\/span> <span class=\"sw\"><b>\u00e9quipement<\/b><\/span> <span class=\"sw\">d&rsquo;\u00e9pilation,<\/span> <span class=\"sw\"><b>\u00e9quipement<\/b><\/span> <span class=\"sw\">de<\/span> <span class=\"sw\">d\u00e9tatouage,<\/span> <span class=\"sw\"><b>\u00e9quipement<\/b><\/span> <span class=\"sw\">d&rsquo;\u00e9pilation,<\/span> <span class=\"sw\"><b>\u00e9quipement<\/b><\/span> <span class=\"sw\">SPA.<\/span><\/form>\n<\/div>\n","protected":false},"excerpt":{"rendered":"<div><strong>Caract\u00e9ristiques:<\/strong><\/div>\n<ul>\n<li>Bouton pour r\u00e9gler la temp\u00e9rature<\/li>\n<li>Large gamme d&rsquo;applications qu&rsquo;il peut appliquer pour l&rsquo;\u00e9pilation \u00e0 la cire dure, l&rsquo;\u00e9pilation \u00e0 la cire, l&rsquo;\u00e9pilation \u00e0 la paraffine et plus encore.<\/li>\n<li>Convient pour une utilisation personnelle, domestique et de salon.<\/li>\n<li>Appliquer pour l&rsquo;\u00e9pilation soins infirmiers, soins de beaut\u00e9.<\/li>\n<li>R\u00e9cipient suppl\u00e9mentaire en aluminium inclus.<\/li>\n<li data-spm-anchor-id=\"a2g0o.detail.1000023.i0.3fc53d37ERLvOz\">Design ergonomique pour une prise en main confortable.<\/li>\n<\/ul>\n","protected":false},"featured_media":20533,"comment_status":"open","ping_status":"closed","template":"","meta":[],"product_cat":[119],"product_tag":[],"class_list":{"0":"post-20532","1":"product","2":"type-product","3":"status-publish","4":"has-post-thumbnail","6":"product_cat-materiel-desthetique","9":"first","10":"instock","11":"shipping-taxable","12":"purchasable","13":"product-type-simple"},"yoast_head":"<!-- This site is optimized with the Yoast SEO plugin v23.2 - https:\/\/yoast.com\/wordpress\/plugins\/seo\/ -->\n<title>Marmite \u00e0 cire pour salon esth\u00e9tique - Erec Cameroun<\/title>\n<meta name=\"robots\" content=\"index, follow, max-snippet:-1, max-image-preview:large, max-video-preview:-1\" \/>\n<link rel=\"canonical\" href=\"https:\/\/erec-cm.com\/index.php\/product\/marmite-a-cire-pour-salon-esthetique\/\" \/>\n<meta property=\"og:locale\" content=\"fr_FR\" \/>\n<meta property=\"og:type\" content=\"article\" \/>\n<meta property=\"og:title\" content=\"Marmite \u00e0 cire pour salon esth\u00e9tique - Erec Cameroun\" \/>\n<meta property=\"og:description\" content=\"Caract\u00e9ristiques:   Bouton pour r\u00e9gler la temp\u00e9rature  Large gamme d&#039;applications qu&#039;il peut appliquer pour l&#039;\u00e9pilation \u00e0 la cire dure, l&#039;\u00e9pilation \u00e0 la cire, l&#039;\u00e9pilation \u00e0 la paraffine et plus encore.  Convient pour une utilisation personnelle, domestique et de salon.  Appliquer pour l&#039;\u00e9pilation soins infirmiers, soins de beaut\u00e9.  R\u00e9cipient suppl\u00e9mentaire en aluminium inclus.  Design ergonomique pour une prise en main confortable.\" \/>\n<meta property=\"og:url\" content=\"https:\/\/erec-cm.com\/index.php\/product\/marmite-a-cire-pour-salon-esthetique\/\" \/>\n<meta property=\"og:site_name\" content=\"Erec Cameroun\" \/>\n<meta property=\"article:modified_time\" content=\"2026-04-24T04:27:13+00:00\" \/>\n<meta property=\"og:image\" content=\"https:\/\/erec-cm.com\/wp-content\/uploads\/2022\/12\/Marmite-a-cire-pour-salon-esthetique.jpg\" \/>\n\t<meta property=\"og:image:width\" content=\"800\" \/>\n\t<meta property=\"og:image:height\" content=\"800\" \/>\n\t<meta property=\"og:image:type\" content=\"image\/jpeg\" \/>\n<meta name=\"twitter:card\" content=\"summary_large_image\" \/>\n<meta name=\"twitter:label1\" content=\"Dur\u00e9e de lecture estim\u00e9e\" \/>\n\t<meta name=\"twitter:data1\" content=\"1 minute\" \/>\n<script type=\"application\/ld+json\" class=\"yoast-schema-graph\">{\"@context\":\"https:\/\/schema.org\",\"@graph\":[{\"@type\":\"WebPage\",\"@id\":\"https:\/\/erec-cm.com\/index.php\/product\/marmite-a-cire-pour-salon-esthetique\/\",\"url\":\"https:\/\/erec-cm.com\/index.php\/product\/marmite-a-cire-pour-salon-esthetique\/\",\"name\":\"Marmite \u00e0 cire pour salon esth\u00e9tique - Erec Cameroun\",\"isPartOf\":{\"@id\":\"https:\/\/erec-cm.com\/#website\"},\"primaryImageOfPage\":{\"@id\":\"https:\/\/erec-cm.com\/index.php\/product\/marmite-a-cire-pour-salon-esthetique\/#primaryimage\"},\"image\":{\"@id\":\"https:\/\/erec-cm.com\/index.php\/product\/marmite-a-cire-pour-salon-esthetique\/#primaryimage\"},\"thumbnailUrl\":\"https:\/\/erec-cm.com\/wp-content\/uploads\/2022\/12\/Marmite-a-cire-pour-salon-esthetique.jpg\",\"datePublished\":\"2022-12-05T13:03:41+00:00\",\"dateModified\":\"2026-04-24T04:27:13+00:00\",\"breadcrumb\":{\"@id\":\"https:\/\/erec-cm.com\/index.php\/product\/marmite-a-cire-pour-salon-esthetique\/#breadcrumb\"},\"inLanguage\":\"fr-FR\",\"potentialAction\":[{\"@type\":\"ReadAction\",\"target\":[\"https:\/\/erec-cm.com\/index.php\/product\/marmite-a-cire-pour-salon-esthetique\/\"]}]},{\"@type\":\"ImageObject\",\"inLanguage\":\"fr-FR\",\"@id\":\"https:\/\/erec-cm.com\/index.php\/product\/marmite-a-cire-pour-salon-esthetique\/#primaryimage\",\"url\":\"https:\/\/erec-cm.com\/wp-content\/uploads\/2022\/12\/Marmite-a-cire-pour-salon-esthetique.jpg\",\"contentUrl\":\"https:\/\/erec-cm.com\/wp-content\/uploads\/2022\/12\/Marmite-a-cire-pour-salon-esthetique.jpg\",\"width\":800,\"height\":800},{\"@type\":\"BreadcrumbList\",\"@id\":\"https:\/\/erec-cm.com\/index.php\/product\/marmite-a-cire-pour-salon-esthetique\/#breadcrumb\",\"itemListElement\":[{\"@type\":\"ListItem\",\"position\":1,\"name\":\"Home\",\"item\":\"https:\/\/erec-cm.com\/\"},{\"@type\":\"ListItem\",\"position\":2,\"name\":\"Shop\",\"item\":\"https:\/\/erec-cm.com\/index.php\/shop\/\"},{\"@type\":\"ListItem\",\"position\":3,\"name\":\"Marmite \u00e0 cire pour salon esth\u00e9tique\"}]},{\"@type\":\"WebSite\",\"@id\":\"https:\/\/erec-cm.com\/#website\",\"url\":\"https:\/\/erec-cm.com\/\",\"name\":\"Erec Cameroun\",\"description\":\"Just another WordPress site\",\"potentialAction\":[{\"@type\":\"SearchAction\",\"target\":{\"@type\":\"EntryPoint\",\"urlTemplate\":\"https:\/\/erec-cm.com\/?s={search_term_string}\"},\"query-input\":\"required name=search_term_string\"}],\"inLanguage\":\"fr-FR\"}]}<\/script>\n<!-- \/ Yoast SEO plugin. -->","yoast_head_json":{"title":"Marmite \u00e0 cire pour salon esth\u00e9tique - Erec Cameroun","robots":{"index":"index","follow":"follow","max-snippet":"max-snippet:-1","max-image-preview":"max-image-preview:large","max-video-preview":"max-video-preview:-1"},"canonical":"https:\/\/erec-cm.com\/index.php\/product\/marmite-a-cire-pour-salon-esthetique\/","og_locale":"fr_FR","og_type":"article","og_title":"Marmite \u00e0 cire pour salon esth\u00e9tique - Erec Cameroun","og_description":"Caract\u00e9ristiques:   Bouton pour r\u00e9gler la temp\u00e9rature  Large gamme d'applications qu'il peut appliquer pour l'\u00e9pilation \u00e0 la cire dure, l'\u00e9pilation \u00e0 la cire, l'\u00e9pilation \u00e0 la paraffine et plus encore.  Convient pour une utilisation personnelle, domestique et de salon.  Appliquer pour l'\u00e9pilation soins infirmiers, soins de beaut\u00e9.  R\u00e9cipient suppl\u00e9mentaire en aluminium inclus.  Design ergonomique pour une prise en main confortable.","og_url":"https:\/\/erec-cm.com\/index.php\/product\/marmite-a-cire-pour-salon-esthetique\/","og_site_name":"Erec Cameroun","article_modified_time":"2026-04-24T04:27:13+00:00","og_image":[{"width":800,"height":800,"url":"https:\/\/erec-cm.com\/wp-content\/uploads\/2022\/12\/Marmite-a-cire-pour-salon-esthetique.jpg","type":"image\/jpeg"}],"twitter_card":"summary_large_image","twitter_misc":{"Dur\u00e9e de lecture estim\u00e9e":"1 minute"},"schema":{"@context":"https:\/\/schema.org","@graph":[{"@type":"WebPage","@id":"https:\/\/erec-cm.com\/index.php\/product\/marmite-a-cire-pour-salon-esthetique\/","url":"https:\/\/erec-cm.com\/index.php\/product\/marmite-a-cire-pour-salon-esthetique\/","name":"Marmite \u00e0 cire pour salon esth\u00e9tique - Erec Cameroun","isPartOf":{"@id":"https:\/\/erec-cm.com\/#website"},"primaryImageOfPage":{"@id":"https:\/\/erec-cm.com\/index.php\/product\/marmite-a-cire-pour-salon-esthetique\/#primaryimage"},"image":{"@id":"https:\/\/erec-cm.com\/index.php\/product\/marmite-a-cire-pour-salon-esthetique\/#primaryimage"},"thumbnailUrl":"https:\/\/erec-cm.com\/wp-content\/uploads\/2022\/12\/Marmite-a-cire-pour-salon-esthetique.jpg","datePublished":"2022-12-05T13:03:41+00:00","dateModified":"2026-04-24T04:27:13+00:00","breadcrumb":{"@id":"https:\/\/erec-cm.com\/index.php\/product\/marmite-a-cire-pour-salon-esthetique\/#breadcrumb"},"inLanguage":"fr-FR","potentialAction":[{"@type":"ReadAction","target":["https:\/\/erec-cm.com\/index.php\/product\/marmite-a-cire-pour-salon-esthetique\/"]}]},{"@type":"ImageObject","inLanguage":"fr-FR","@id":"https:\/\/erec-cm.com\/index.php\/product\/marmite-a-cire-pour-salon-esthetique\/#primaryimage","url":"https:\/\/erec-cm.com\/wp-content\/uploads\/2022\/12\/Marmite-a-cire-pour-salon-esthetique.jpg","contentUrl":"https:\/\/erec-cm.com\/wp-content\/uploads\/2022\/12\/Marmite-a-cire-pour-salon-esthetique.jpg","width":800,"height":800},{"@type":"BreadcrumbList","@id":"https:\/\/erec-cm.com\/index.php\/product\/marmite-a-cire-pour-salon-esthetique\/#breadcrumb","itemListElement":[{"@type":"ListItem","position":1,"name":"Home","item":"https:\/\/erec-cm.com\/"},{"@type":"ListItem","position":2,"name":"Shop","item":"https:\/\/erec-cm.com\/index.php\/shop\/"},{"@type":"ListItem","position":3,"name":"Marmite \u00e0 cire pour salon esth\u00e9tique"}]},{"@type":"WebSite","@id":"https:\/\/erec-cm.com\/#website","url":"https:\/\/erec-cm.com\/","name":"Erec Cameroun","description":"Just another WordPress site","potentialAction":[{"@type":"SearchAction","target":{"@type":"EntryPoint","urlTemplate":"https:\/\/erec-cm.com\/?s={search_term_string}"},"query-input":"required name=search_term_string"}],"inLanguage":"fr-FR"}]}},"_links":{"self":[{"href":"https:\/\/erec-cm.com\/index.php\/wp-json\/wp\/v2\/product\/20532","targetHints":{"allow":["GET"]}}],"collection":[{"href":"https:\/\/erec-cm.com\/index.php\/wp-json\/wp\/v2\/product"}],"about":[{"href":"https:\/\/erec-cm.com\/index.php\/wp-json\/wp\/v2\/types\/product"}],"replies":[{"embeddable":true,"href":"https:\/\/erec-cm.com\/index.php\/wp-json\/wp\/v2\/comments?post=20532"}],"wp:featuredmedia":[{"embeddable":true,"href":"https:\/\/erec-cm.com\/index.php\/wp-json\/wp\/v2\/media\/20533"}],"wp:attachment":[{"href":"https:\/\/erec-cm.com\/index.php\/wp-json\/wp\/v2\/media?parent=20532"}],"wp:term":[{"taxonomy":"product_cat","embeddable":true,"href":"https:\/\/erec-cm.com\/index.php\/wp-json\/wp\/v2\/product_cat?post=20532"},{"taxonomy":"product_tag","embeddable":true,"href":"https:\/\/erec-cm.com\/index.php\/wp-json\/wp\/v2\/product_tag?post=20532"}],"curies":[{"name":"wp","href":"https:\/\/api.w.org\/{rel}","templated":true}]}}