{"id":20534,"date":"2022-12-05T13:21:11","date_gmt":"2022-12-05T13:21:11","guid":{"rendered":"https:\/\/erec-cm.com\/?post_type=product&#038;p=20534"},"modified":"2026-04-09T03:45:09","modified_gmt":"2026-04-09T03:45:09","slug":"table-de-massage-pour-salon-esthetique","status":"publish","type":"product","link":"https:\/\/erec-cm.com\/index.php\/product\/table-de-massage-pour-salon-esthetique\/","title":{"rendered":"Table de massage pour salon esth\u00e9tique"},"content":{"rendered":"<p><span class=\"sw\">La<\/span> <span class=\"sw\">table<\/span> <span class=\"sw\">de<\/span> <span class=\"sw\">massage<\/span> <span class=\"sw\">pliante<\/span> <span class=\"sw\">TDM102<\/span> <span class=\"sw\"><b>offre<\/b><\/span> <span class=\"sw\">un<\/span> <span class=\"sw\">confort<\/span> <span class=\"sw\">de<\/span> <span class=\"sw\">massage<\/span> <span class=\"sw\">unique<\/span> <span class=\"sw\">pour<\/span> <span class=\"sw\"><b>vous<\/b><\/span> <span class=\"sw\"><b>faire<\/b><\/span> <span class=\"sw\"><b>sentir<\/b><\/span> <span class=\"sw\"><b>mieux.<\/b><\/span> <span class=\"sw\"><b>Installez<\/b><\/span> <span class=\"sw\"><b>et<\/b><\/span> <span class=\"sw\"><b>rangez<\/b><\/span> <span class=\"sw\"><b>rapidement<\/b><\/span> <span class=\"sw\"><b>la<\/b><\/span> <span class=\"sw\">table<\/span> <span class=\"sw\">de<\/span> <span class=\"sw\">massage<\/span> <span class=\"sw\">gr\u00e2ce<\/span> <span class=\"sw\">\u00e0<\/span> <span class=\"sw\"><b>sa<\/b><\/span> <span class=\"sw\"><b>conception<\/b><\/span> <span class=\"sw\"><b>pliante<\/b><\/span> <span class=\"sw\">en<\/span> <span class=\"sw\"><b>deux<\/b><\/span> <span class=\"sw\">parties<\/span> <span class=\"sw\">et<\/span> <span class=\"sw\">sa<\/span> <span class=\"sw\">poign\u00e9e<\/span> <span class=\"sw\">de<\/span> <span class=\"sw\">transport.<\/span> <span class=\"sw\"><b>Il<\/b><\/span> <span class=\"sw\"><b>peut<\/b><\/span> <span class=\"sw\"><b>\u00eatre<\/b><\/span> <span class=\"sw\"><b>ajust\u00e9<\/b><\/span> <span class=\"sw\"><b>pour<\/b><\/span> <span class=\"sw\">diff\u00e9rents<\/span> <span class=\"sw\">besoins<\/span> <span class=\"sw\"><b>tels<\/b><\/span> <span class=\"sw\"><b>que<\/b><\/span> <span class=\"sw\"><b>la<\/b><\/span> <span class=\"sw\"><b>taille<\/b><\/span> <span class=\"sw\"><b>(62-84,5<\/b><\/span> <span class=\"sw\">cm),<\/span> <span class=\"sw\"><b>les<\/b><\/span> <span class=\"sw\">jambes,<\/span> <span class=\"sw\"><b>le<\/b><\/span> <span class=\"sw\">cou<\/span> <span class=\"sw\">et<\/span> <span class=\"sw\"><b>les<\/b><\/span> <span class=\"sw\">bras.<\/span> <span class=\"sw\">Vous<\/span> <span class=\"sw\"><b>pouvez<\/b><\/span> <span class=\"sw\">\u00e9galement<\/span> <span class=\"sw\">r\u00e9gler<\/span> <span class=\"sw\"><b>vous-m\u00eame<\/b><\/span> <span class=\"sw\"><b>la<\/b><\/span> <span class=\"sw\"><b>distance<\/b><\/span> <span class=\"sw\"><b>entre<\/b><\/span> <span class=\"sw\">l&rsquo;appui-t\u00eate<\/span> <span class=\"sw\">et<\/span> <span class=\"sw\"><b>l&rsquo;accoudoir<\/b><\/span> <span class=\"sw\">pour<\/span> <span class=\"sw\"><b>rendre<\/b><\/span> <span class=\"sw\"><b>le<\/b><\/span> <span class=\"sw\"><b>lit<\/b><\/span> <span class=\"sw\"><b>plus<\/b><\/span> <span class=\"sw\"><b>confortable.<\/b><\/span> <span class=\"sw\"><b>La<\/b><\/span> <span class=\"sw\"><b>table<\/b><\/span> <span class=\"sw\"><b>a<\/b><\/span> <span class=\"sw\">un<\/span> <span class=\"sw\">rembourrage<\/span> <span class=\"sw\">tr\u00e8s<\/span> <span class=\"sw\">\u00e9pais<\/span> <span class=\"sw\">(jusqu&rsquo;\u00e0<\/span> <span class=\"sw\">5<\/span> <span class=\"sw\"><b>cm)<\/b><\/span> <span class=\"sw\"><b>pour<\/b><\/span> <span class=\"sw\"><b>offrir<\/b><\/span> <span class=\"sw\"><b>un<\/b><\/span> <span class=\"sw\"><b>confort<\/b><\/span> <span class=\"sw\"><b>de<\/b><\/span> <span class=\"sw\"><b>sommeil<\/b><\/span> <span class=\"sw\"><b>optimal.<\/b><\/span> <span class=\"sw\">Le<\/span> <span class=\"sw\">rembourrage<\/span> <span class=\"sw\">est<\/span> <span class=\"sw\"><b>constitu\u00e9<\/b><\/span> <span class=\"sw\"><b>de<\/b><\/span> <span class=\"sw\">mousse<\/span> <span class=\"sw\"><b>microcellulaire<\/b><\/span> <span class=\"sw\">de<\/span> <span class=\"sw\">haute<\/span> <span class=\"sw\">qualit\u00e9.<\/span> <span class=\"sw\"><b>Le<\/b><\/span> <span class=\"sw\"><b>c\u00e2ble<\/b><\/span> <span class=\"sw\"><b>m\u00e9tallique<\/b><\/span> <span class=\"sw\"><b>est<\/b><\/span> <span class=\"sw\"><b>recouvert<\/b><\/span> <span class=\"sw\">de<\/span> <span class=\"sw\">plastique<\/span> <span class=\"sw\">pour<\/span> <span class=\"sw\">une<\/span> <span class=\"sw\">stabilit\u00e9<\/span> <span class=\"sw\">maximale.<\/span> <span class=\"sw\">Pour<\/span> <span class=\"sw\"><b>plus<\/b><\/span> <span class=\"sw\"><b>de<\/b><\/span> <span class=\"sw\">s\u00e9curit\u00e9,<\/span> <span class=\"sw\"><b>les<\/b><\/span> <span class=\"sw\">pieds<\/span> <span class=\"sw\"><b>antid\u00e9rapants<\/b><\/span> <span class=\"sw\">en<\/span> <span class=\"sw\">bois<\/span> <span class=\"sw\"><b>de<\/b><\/span> <span class=\"sw\"><b>h\u00eatre<\/b><\/span> <span class=\"sw\">massif<\/span> <span class=\"sw\"><b>ajoutent<\/b><\/span> <span class=\"sw\"><b>de<\/b><\/span> <span class=\"sw\"><b>la<\/b><\/span> <span class=\"sw\"><b>stabilit\u00e9.<\/b><\/span> <span class=\"sw\">Le<\/span> <span class=\"sw\">poids<\/span> <span class=\"sw\">maximum<\/span> <span class=\"sw\">par<\/span> <span class=\"sw\"><b>personne<\/b><\/span> <span class=\"sw\">est<\/span> <span class=\"sw\">de<\/span> <span class=\"sw\">125<\/span> <span class=\"sw\"><b>kg,<\/b><\/span> <span class=\"sw\">la<\/span> <span class=\"sw\">charge<\/span> <span class=\"sw\">de<\/span> <span class=\"sw\">travail<\/span> <span class=\"sw\"><b>maximale<\/b><\/span> <span class=\"sw\"><b>r\u00e9partie<\/b><\/span> <span class=\"sw\">est<\/span> <span class=\"sw\">de<\/span> <span class=\"sw\">225<\/span> <span class=\"sw\"><b>kg,<\/b><\/span> <span class=\"sw\"><b>les<\/b><\/span> <span class=\"sw\"><b>dimensions<\/b><\/span> <span class=\"sw\">de<\/span> <span class=\"sw\">la<\/span> <span class=\"sw\">table<\/span> <span class=\"sw\"><b>(LxPxH)<\/b><\/span> <span class=\"sw\"><b>sont<\/b><\/span> <span class=\"sw\">de<\/span> <span class=\"sw\">215<\/span> <span class=\"sw\"><b>x<\/b><\/span> <span class=\"sw\"><b>80,5<\/b><\/span> <span class=\"sw\"><b>x<\/b><\/span> <span class=\"sw\"><b>(62-84,5)<\/b><\/span> <span class=\"sw\">cm.<\/span> <span class=\"sw\"><b>Les<\/b><\/span> <span class=\"sw\">dimensions<\/span> <span class=\"sw\"><b>du<\/b><\/span> <span class=\"sw\"><b>plan<\/b><\/span> <span class=\"sw\">de<\/span> <span class=\"sw\">couchage<\/span> <span class=\"sw\"><b>(L<\/b><\/span> <span class=\"sw\"><b>x<\/b><\/span> <span class=\"sw\"><b>P)<\/b><\/span> <span class=\"sw\"><b>sont<\/b><\/span> <span class=\"sw\">de<\/span> <span class=\"sw\">185<\/span> <span class=\"sw\"><b>x<\/b><\/span> <span class=\"sw\">60<\/span> <span class=\"sw\">cm.<\/span> <span class=\"sw\">Un<\/span> <span class=\"sw\">sac<\/span> <span class=\"sw\">de<\/span> <span class=\"sw\">transport<\/span> <span class=\"sw\">en<\/span> <span class=\"sw\">polyester<\/span> <span class=\"sw\">est<\/span> <span class=\"sw\">inclus.<\/span> <span class=\"sw\">La<\/span> <span class=\"sw\">table<\/span> <span class=\"sw\">de<\/span> <span class=\"sw\">massage<\/span> <span class=\"sw\"><b>peut<\/b><\/span> <span class=\"sw\"><b>\u00eatre<\/b><\/span> <span class=\"sw\">facilement<\/span> <span class=\"sw\"><b>nettoy\u00e9e<\/b><\/span> <span class=\"sw\">avec<\/span> <span class=\"sw\">un<\/span> <span class=\"sw\">chiffon<\/span> <span class=\"sw\">ou<\/span> <span class=\"sw\">une<\/span> <span class=\"sw\">\u00e9ponge<\/span> <span class=\"sw\">humide.<\/span><\/p>\n","protected":false},"excerpt":{"rendered":"<p>La table de massage pliante TDM102 offre un confort de massage unique pour vous faire sentir mieux. Installez et rangez rapidement la table de massage gr\u00e2ce \u00e0 sa conception pliante en deux parties et sa poign\u00e9e de transport. Il peut \u00eatre ajust\u00e9 pour diff\u00e9rents besoins tels que la taille (62-84,5 cm), les jambes, le cou [&hellip;]<\/p>\n","protected":false},"featured_media":20535,"comment_status":"open","ping_status":"closed","template":"","meta":[],"product_cat":[119],"product_tag":[],"class_list":{"0":"post-20534","1":"product","2":"type-product","3":"status-publish","4":"has-post-thumbnail","6":"product_cat-materiel-desthetique","9":"first","10":"instock","11":"shipping-taxable","12":"purchasable","13":"product-type-simple"},"yoast_head":"<!-- This site is optimized with the Yoast SEO plugin v23.2 - https:\/\/yoast.com\/wordpress\/plugins\/seo\/ -->\n<title>Table de massage pour salon esth\u00e9tique - Erec Cameroun<\/title>\n<meta name=\"robots\" content=\"index, follow, max-snippet:-1, max-image-preview:large, max-video-preview:-1\" \/>\n<link rel=\"canonical\" href=\"https:\/\/erec-cm.com\/index.php\/product\/table-de-massage-pour-salon-esthetique\/\" \/>\n<meta property=\"og:locale\" content=\"fr_FR\" \/>\n<meta property=\"og:type\" content=\"article\" \/>\n<meta property=\"og:title\" content=\"Table de massage pour salon esth\u00e9tique - Erec Cameroun\" \/>\n<meta property=\"og:description\" content=\"La table de massage pliante TDM102 offre un confort de massage unique pour vous faire sentir mieux. Installez et rangez rapidement la table de massage gr\u00e2ce \u00e0 sa conception pliante en deux parties et sa poign\u00e9e de transport. Il peut \u00eatre ajust\u00e9 pour diff\u00e9rents besoins tels que la taille (62-84,5 cm), les jambes, le cou [&hellip;]\" \/>\n<meta property=\"og:url\" content=\"https:\/\/erec-cm.com\/index.php\/product\/table-de-massage-pour-salon-esthetique\/\" \/>\n<meta property=\"og:site_name\" content=\"Erec Cameroun\" \/>\n<meta property=\"article:modified_time\" content=\"2026-04-09T03:45:09+00:00\" \/>\n<meta property=\"og:image\" content=\"https:\/\/erec-cm.com\/wp-content\/uploads\/2022\/12\/Table-de-massage-pour-salon-esthetique.jpg\" \/>\n\t<meta property=\"og:image:width\" content=\"1200\" \/>\n\t<meta property=\"og:image:height\" content=\"1200\" \/>\n\t<meta property=\"og:image:type\" content=\"image\/jpeg\" \/>\n<meta name=\"twitter:card\" content=\"summary_large_image\" \/>\n<meta name=\"twitter:label1\" content=\"Dur\u00e9e de lecture estim\u00e9e\" \/>\n\t<meta name=\"twitter:data1\" content=\"2 minutes\" \/>\n<script type=\"application\/ld+json\" class=\"yoast-schema-graph\">{\"@context\":\"https:\/\/schema.org\",\"@graph\":[{\"@type\":\"WebPage\",\"@id\":\"https:\/\/erec-cm.com\/index.php\/product\/table-de-massage-pour-salon-esthetique\/\",\"url\":\"https:\/\/erec-cm.com\/index.php\/product\/table-de-massage-pour-salon-esthetique\/\",\"name\":\"Table de massage pour salon esth\u00e9tique - Erec Cameroun\",\"isPartOf\":{\"@id\":\"https:\/\/erec-cm.com\/#website\"},\"primaryImageOfPage\":{\"@id\":\"https:\/\/erec-cm.com\/index.php\/product\/table-de-massage-pour-salon-esthetique\/#primaryimage\"},\"image\":{\"@id\":\"https:\/\/erec-cm.com\/index.php\/product\/table-de-massage-pour-salon-esthetique\/#primaryimage\"},\"thumbnailUrl\":\"https:\/\/erec-cm.com\/wp-content\/uploads\/2022\/12\/Table-de-massage-pour-salon-esthetique.jpg\",\"datePublished\":\"2022-12-05T13:21:11+00:00\",\"dateModified\":\"2026-04-09T03:45:09+00:00\",\"breadcrumb\":{\"@id\":\"https:\/\/erec-cm.com\/index.php\/product\/table-de-massage-pour-salon-esthetique\/#breadcrumb\"},\"inLanguage\":\"fr-FR\",\"potentialAction\":[{\"@type\":\"ReadAction\",\"target\":[\"https:\/\/erec-cm.com\/index.php\/product\/table-de-massage-pour-salon-esthetique\/\"]}]},{\"@type\":\"ImageObject\",\"inLanguage\":\"fr-FR\",\"@id\":\"https:\/\/erec-cm.com\/index.php\/product\/table-de-massage-pour-salon-esthetique\/#primaryimage\",\"url\":\"https:\/\/erec-cm.com\/wp-content\/uploads\/2022\/12\/Table-de-massage-pour-salon-esthetique.jpg\",\"contentUrl\":\"https:\/\/erec-cm.com\/wp-content\/uploads\/2022\/12\/Table-de-massage-pour-salon-esthetique.jpg\",\"width\":1200,\"height\":1200},{\"@type\":\"BreadcrumbList\",\"@id\":\"https:\/\/erec-cm.com\/index.php\/product\/table-de-massage-pour-salon-esthetique\/#breadcrumb\",\"itemListElement\":[{\"@type\":\"ListItem\",\"position\":1,\"name\":\"Home\",\"item\":\"https:\/\/erec-cm.com\/\"},{\"@type\":\"ListItem\",\"position\":2,\"name\":\"Shop\",\"item\":\"https:\/\/erec-cm.com\/index.php\/shop\/\"},{\"@type\":\"ListItem\",\"position\":3,\"name\":\"Table de massage pour salon esth\u00e9tique\"}]},{\"@type\":\"WebSite\",\"@id\":\"https:\/\/erec-cm.com\/#website\",\"url\":\"https:\/\/erec-cm.com\/\",\"name\":\"Erec Cameroun\",\"description\":\"Just another WordPress site\",\"potentialAction\":[{\"@type\":\"SearchAction\",\"target\":{\"@type\":\"EntryPoint\",\"urlTemplate\":\"https:\/\/erec-cm.com\/?s={search_term_string}\"},\"query-input\":\"required name=search_term_string\"}],\"inLanguage\":\"fr-FR\"}]}<\/script>\n<!-- \/ Yoast SEO plugin. -->","yoast_head_json":{"title":"Table de massage pour salon esth\u00e9tique - Erec Cameroun","robots":{"index":"index","follow":"follow","max-snippet":"max-snippet:-1","max-image-preview":"max-image-preview:large","max-video-preview":"max-video-preview:-1"},"canonical":"https:\/\/erec-cm.com\/index.php\/product\/table-de-massage-pour-salon-esthetique\/","og_locale":"fr_FR","og_type":"article","og_title":"Table de massage pour salon esth\u00e9tique - Erec Cameroun","og_description":"La table de massage pliante TDM102 offre un confort de massage unique pour vous faire sentir mieux. Installez et rangez rapidement la table de massage gr\u00e2ce \u00e0 sa conception pliante en deux parties et sa poign\u00e9e de transport. Il peut \u00eatre ajust\u00e9 pour diff\u00e9rents besoins tels que la taille (62-84,5 cm), les jambes, le cou [&hellip;]","og_url":"https:\/\/erec-cm.com\/index.php\/product\/table-de-massage-pour-salon-esthetique\/","og_site_name":"Erec Cameroun","article_modified_time":"2026-04-09T03:45:09+00:00","og_image":[{"width":1200,"height":1200,"url":"https:\/\/erec-cm.com\/wp-content\/uploads\/2022\/12\/Table-de-massage-pour-salon-esthetique.jpg","type":"image\/jpeg"}],"twitter_card":"summary_large_image","twitter_misc":{"Dur\u00e9e de lecture estim\u00e9e":"2 minutes"},"schema":{"@context":"https:\/\/schema.org","@graph":[{"@type":"WebPage","@id":"https:\/\/erec-cm.com\/index.php\/product\/table-de-massage-pour-salon-esthetique\/","url":"https:\/\/erec-cm.com\/index.php\/product\/table-de-massage-pour-salon-esthetique\/","name":"Table de massage pour salon esth\u00e9tique - Erec Cameroun","isPartOf":{"@id":"https:\/\/erec-cm.com\/#website"},"primaryImageOfPage":{"@id":"https:\/\/erec-cm.com\/index.php\/product\/table-de-massage-pour-salon-esthetique\/#primaryimage"},"image":{"@id":"https:\/\/erec-cm.com\/index.php\/product\/table-de-massage-pour-salon-esthetique\/#primaryimage"},"thumbnailUrl":"https:\/\/erec-cm.com\/wp-content\/uploads\/2022\/12\/Table-de-massage-pour-salon-esthetique.jpg","datePublished":"2022-12-05T13:21:11+00:00","dateModified":"2026-04-09T03:45:09+00:00","breadcrumb":{"@id":"https:\/\/erec-cm.com\/index.php\/product\/table-de-massage-pour-salon-esthetique\/#breadcrumb"},"inLanguage":"fr-FR","potentialAction":[{"@type":"ReadAction","target":["https:\/\/erec-cm.com\/index.php\/product\/table-de-massage-pour-salon-esthetique\/"]}]},{"@type":"ImageObject","inLanguage":"fr-FR","@id":"https:\/\/erec-cm.com\/index.php\/product\/table-de-massage-pour-salon-esthetique\/#primaryimage","url":"https:\/\/erec-cm.com\/wp-content\/uploads\/2022\/12\/Table-de-massage-pour-salon-esthetique.jpg","contentUrl":"https:\/\/erec-cm.com\/wp-content\/uploads\/2022\/12\/Table-de-massage-pour-salon-esthetique.jpg","width":1200,"height":1200},{"@type":"BreadcrumbList","@id":"https:\/\/erec-cm.com\/index.php\/product\/table-de-massage-pour-salon-esthetique\/#breadcrumb","itemListElement":[{"@type":"ListItem","position":1,"name":"Home","item":"https:\/\/erec-cm.com\/"},{"@type":"ListItem","position":2,"name":"Shop","item":"https:\/\/erec-cm.com\/index.php\/shop\/"},{"@type":"ListItem","position":3,"name":"Table de massage pour salon esth\u00e9tique"}]},{"@type":"WebSite","@id":"https:\/\/erec-cm.com\/#website","url":"https:\/\/erec-cm.com\/","name":"Erec Cameroun","description":"Just another WordPress site","potentialAction":[{"@type":"SearchAction","target":{"@type":"EntryPoint","urlTemplate":"https:\/\/erec-cm.com\/?s={search_term_string}"},"query-input":"required name=search_term_string"}],"inLanguage":"fr-FR"}]}},"_links":{"self":[{"href":"https:\/\/erec-cm.com\/index.php\/wp-json\/wp\/v2\/product\/20534","targetHints":{"allow":["GET"]}}],"collection":[{"href":"https:\/\/erec-cm.com\/index.php\/wp-json\/wp\/v2\/product"}],"about":[{"href":"https:\/\/erec-cm.com\/index.php\/wp-json\/wp\/v2\/types\/product"}],"replies":[{"embeddable":true,"href":"https:\/\/erec-cm.com\/index.php\/wp-json\/wp\/v2\/comments?post=20534"}],"wp:featuredmedia":[{"embeddable":true,"href":"https:\/\/erec-cm.com\/index.php\/wp-json\/wp\/v2\/media\/20535"}],"wp:attachment":[{"href":"https:\/\/erec-cm.com\/index.php\/wp-json\/wp\/v2\/media?parent=20534"}],"wp:term":[{"taxonomy":"product_cat","embeddable":true,"href":"https:\/\/erec-cm.com\/index.php\/wp-json\/wp\/v2\/product_cat?post=20534"},{"taxonomy":"product_tag","embeddable":true,"href":"https:\/\/erec-cm.com\/index.php\/wp-json\/wp\/v2\/product_tag?post=20534"}],"curies":[{"name":"wp","href":"https:\/\/api.w.org\/{rel}","templated":true}]}}