{"id":20536,"date":"2022-12-05T13:38:09","date_gmt":"2022-12-05T13:38:09","guid":{"rendered":"https:\/\/erec-cm.com\/?post_type=product&#038;p=20536"},"modified":"2026-04-29T11:20:25","modified_gmt":"2026-04-29T11:20:25","slug":"generateur-de-vapeur-hammam-pour-salon-esthetique","status":"publish","type":"product","link":"https:\/\/erec-cm.com\/index.php\/product\/generateur-de-vapeur-hammam-pour-salon-esthetique\/","title":{"rendered":"g\u00e9n\u00e9rateur de vapeur hammam pour salon esth\u00e9tique"},"content":{"rendered":"<p><span class=\"sw\"><b>Vous<\/b><\/span> <span class=\"sw\"><b>pouvez<\/b><\/span> <span class=\"sw\"><b>facilement<\/b><\/span> <span class=\"sw\"><b>cr\u00e9er<\/b><\/span> <span class=\"sw\"><b>un<\/b><\/span> <span class=\"sw\"><b>hammam<\/b><\/span> <span class=\"sw\"><b>priv\u00e9<\/b><\/span> <span class=\"sw\">et<\/span> <span class=\"sw\"><b>une<\/b><\/span> <span class=\"sw\"><b>salle<\/b><\/span> <span class=\"sw\"><b>de<\/b><\/span> <span class=\"sw\">hammam<\/span> <span class=\"sw\"><b>d&rsquo;enceinte<\/b><\/span> <span class=\"sw\"><b>de<\/b><\/span> <span class=\"sw\"><b>hammam<\/b><\/span> <span class=\"sw\"><b>professionnel.<\/b><\/span> <span class=\"sw\">G\u00e9n\u00e9rateur<\/span> <span class=\"sw\">de<\/span> <span class=\"sw\">vapeur<\/span> <span class=\"sw\"><b>avec<\/b><\/span> <span class=\"sw\"><b>toutes<\/b><\/span> <span class=\"sw\"><b>les<\/b><\/span> <span class=\"sw\">options,<\/span> <span class=\"sw\">contr\u00f4le<\/span> <span class=\"sw\">de<\/span> <span class=\"sw\"><b>l&rsquo;\u00e9clairage<\/b><\/span> <span class=\"sw\">et<\/span> <span class=\"sw\">de<\/span> <span class=\"sw\">la<\/span> <span class=\"sw\">ventilation,<\/span> <span class=\"sw\">d\u00e9sinfection<\/span> <span class=\"sw\">automatique<\/span> <span class=\"sw\">en<\/span> <span class=\"sw\">fin<\/span> <span class=\"sw\">de<\/span> <span class=\"sw\">cycle,<\/span> <span class=\"sw\">livr\u00e9<\/span> <span class=\"sw\">pr\u00e9-c\u00e2bl\u00e9<\/span> <span class=\"sw\">pour<\/span> <span class=\"sw\">un<\/span> <span class=\"sw\">montage<\/span> <span class=\"sw\"><b>facile.<\/b><\/span> <span class=\"sw\"><b>Complet<\/b><\/span> <span class=\"sw\">avec<\/span> <span class=\"sw\"><b>bo\u00eetier<\/b><\/span> <span class=\"sw\">de<\/span> <span class=\"sw\"><b>commande,<\/b><\/span> <span class=\"sw\">sonde,<\/span> <span class=\"sw\"><b>r\u00e9servoir<\/b><\/span> <span class=\"sw\">en<\/span> <span class=\"sw\"><b>acier<\/b><\/span> <span class=\"sw\"><b>inoxydable<\/b><\/span> <span class=\"sw\"><b>et<\/b><\/span> <span class=\"sw\">buse<\/span> <span class=\"sw\">de<\/span> <span class=\"sw\"><b>sortie.<\/b><\/span><\/p>\n","protected":false},"excerpt":{"rendered":"<p>Caract\u00e9ristique:<br \/>\nG\u00e9n\u00e9rateur de vapeur avec vanne de vidange automatique, fonction de vidange et de rin\u00e7age automatique.<br \/>\nLe r\u00e9servoir int\u00e9rieur utilise de l&rsquo;acier inoxydable 304 et la coque ext\u00e9rieure est en acier inoxydable 430 \u00e0 haute duret\u00e9.<br \/>\nContr\u00f4leur externe, peut r\u00e9gler le contr\u00f4le de la temp\u00e9rature, le contr\u00f4le du temps et le contr\u00f4le de l&rsquo;\u00e9clairage du hammam.<\/p>\n<p>Sp\u00e9cification:<br \/>\nType d&rsquo;article : g\u00e9n\u00e9rateur de vapeur.<br \/>\nMat\u00e9riau : acier inoxydable 304 + acier inoxydable 430<br \/>\nMinuterie d&rsquo;arr\u00eat : 30 minutes \u00e0 12 heures.<br \/>\nTemp\u00e9rature constante automatique : 25-55\u2103<br \/>\nTension\u00a0: 220-240\u00a0V, 50-60\u00a0Hz<br \/>\nPuissance : 3KW\/220V,4.5KW\/220V,6KW\/220V,9KW\/380V,12KW\/380V,15KW\/380V,18KW\/380V<br \/>\nIndice d&rsquo;\u00e9tanch\u00e9it\u00e9 : IPX4<br \/>\nPoids : env. 13800g \/ 486.8oz<br \/>\nTaille du produit: 45&#215;33.5x21cm \/ 17.7&#215;13.2&#215;8.3in<br \/>\nUtiliser la sc\u00e8ne\u00a0: hammam<\/p>\n<p>Liste des packages\u00a0:<br \/>\n1 contr\u00f4leur<br \/>\n1 pulv\u00e9risateur<br \/>\n1 x vanne \u00e9lectrique de drainage<br \/>\n1 adaptateur<br \/>\n1 x manuel en anglais<br \/>\n1 x g\u00e9n\u00e9rateur de vapeur<br \/>\n2 c\u00e2bles de connexion.<\/p>\n","protected":false},"featured_media":20537,"comment_status":"open","ping_status":"closed","template":"","meta":[],"product_cat":[119],"product_tag":[],"class_list":{"0":"post-20536","1":"product","2":"type-product","3":"status-publish","4":"has-post-thumbnail","6":"product_cat-materiel-desthetique","9":"first","10":"instock","11":"shipping-taxable","12":"purchasable","13":"product-type-simple"},"yoast_head":"<!-- This site is optimized with the Yoast SEO plugin v23.2 - https:\/\/yoast.com\/wordpress\/plugins\/seo\/ -->\n<title>g\u00e9n\u00e9rateur de vapeur hammam pour salon esth\u00e9tique - Erec Cameroun<\/title>\n<meta name=\"robots\" content=\"index, follow, max-snippet:-1, max-image-preview:large, max-video-preview:-1\" \/>\n<link rel=\"canonical\" href=\"https:\/\/erec-cm.com\/index.php\/product\/generateur-de-vapeur-hammam-pour-salon-esthetique\/\" \/>\n<meta property=\"og:locale\" content=\"fr_FR\" \/>\n<meta property=\"og:type\" content=\"article\" \/>\n<meta property=\"og:title\" content=\"g\u00e9n\u00e9rateur de vapeur hammam pour salon esth\u00e9tique - Erec Cameroun\" \/>\n<meta property=\"og:description\" content=\"Caract\u00e9ristique: G\u00e9n\u00e9rateur de vapeur avec vanne de vidange automatique, fonction de vidange et de rin\u00e7age automatique. Le r\u00e9servoir int\u00e9rieur utilise de l&#039;acier inoxydable 304 et la coque ext\u00e9rieure est en acier inoxydable 430 \u00e0 haute duret\u00e9. Contr\u00f4leur externe, peut r\u00e9gler le contr\u00f4le de la temp\u00e9rature, le contr\u00f4le du temps et le contr\u00f4le de l&#039;\u00e9clairage du hammam.  Sp\u00e9cification: Type d&#039;article : g\u00e9n\u00e9rateur de vapeur. Mat\u00e9riau : acier inoxydable 304 + acier inoxydable 430 Minuterie d&#039;arr\u00eat : 30 minutes \u00e0 12 heures. Temp\u00e9rature constante automatique : 25-55\u2103 Tension\u00a0: 220-240\u00a0V, 50-60\u00a0Hz Puissance : 3KW\/220V,4.5KW\/220V,6KW\/220V,9KW\/380V,12KW\/380V,15KW\/380V,18KW\/380V Indice d&#039;\u00e9tanch\u00e9it\u00e9 : IPX4 Poids : env. 13800g \/ 486.8oz Taille du produit: 45x33.5x21cm \/ 17.7x13.2x8.3in Utiliser la sc\u00e8ne\u00a0: hammam  Liste des packages\u00a0: 1 contr\u00f4leur 1 pulv\u00e9risateur 1 x vanne \u00e9lectrique de drainage 1 adaptateur 1 x manuel en anglais 1 x g\u00e9n\u00e9rateur de vapeur 2 c\u00e2bles de connexion.\" \/>\n<meta property=\"og:url\" content=\"https:\/\/erec-cm.com\/index.php\/product\/generateur-de-vapeur-hammam-pour-salon-esthetique\/\" \/>\n<meta property=\"og:site_name\" content=\"Erec Cameroun\" \/>\n<meta property=\"article:modified_time\" content=\"2026-04-29T11:20:25+00:00\" \/>\n<meta property=\"og:image\" content=\"https:\/\/erec-cm.com\/wp-content\/uploads\/2022\/12\/generateur-de-vapeur-hammam-pour-salon-esthetique.jpg\" \/>\n\t<meta property=\"og:image:width\" content=\"850\" \/>\n\t<meta property=\"og:image:height\" content=\"850\" \/>\n\t<meta property=\"og:image:type\" content=\"image\/jpeg\" \/>\n<meta name=\"twitter:card\" content=\"summary_large_image\" \/>\n<meta name=\"twitter:label1\" content=\"Dur\u00e9e de lecture estim\u00e9e\" \/>\n\t<meta name=\"twitter:data1\" content=\"1 minute\" \/>\n<script type=\"application\/ld+json\" class=\"yoast-schema-graph\">{\"@context\":\"https:\/\/schema.org\",\"@graph\":[{\"@type\":\"WebPage\",\"@id\":\"https:\/\/erec-cm.com\/index.php\/product\/generateur-de-vapeur-hammam-pour-salon-esthetique\/\",\"url\":\"https:\/\/erec-cm.com\/index.php\/product\/generateur-de-vapeur-hammam-pour-salon-esthetique\/\",\"name\":\"g\u00e9n\u00e9rateur de vapeur hammam pour salon esth\u00e9tique - Erec Cameroun\",\"isPartOf\":{\"@id\":\"https:\/\/erec-cm.com\/#website\"},\"primaryImageOfPage\":{\"@id\":\"https:\/\/erec-cm.com\/index.php\/product\/generateur-de-vapeur-hammam-pour-salon-esthetique\/#primaryimage\"},\"image\":{\"@id\":\"https:\/\/erec-cm.com\/index.php\/product\/generateur-de-vapeur-hammam-pour-salon-esthetique\/#primaryimage\"},\"thumbnailUrl\":\"https:\/\/erec-cm.com\/wp-content\/uploads\/2022\/12\/generateur-de-vapeur-hammam-pour-salon-esthetique.jpg\",\"datePublished\":\"2022-12-05T13:38:09+00:00\",\"dateModified\":\"2026-04-29T11:20:25+00:00\",\"breadcrumb\":{\"@id\":\"https:\/\/erec-cm.com\/index.php\/product\/generateur-de-vapeur-hammam-pour-salon-esthetique\/#breadcrumb\"},\"inLanguage\":\"fr-FR\",\"potentialAction\":[{\"@type\":\"ReadAction\",\"target\":[\"https:\/\/erec-cm.com\/index.php\/product\/generateur-de-vapeur-hammam-pour-salon-esthetique\/\"]}]},{\"@type\":\"ImageObject\",\"inLanguage\":\"fr-FR\",\"@id\":\"https:\/\/erec-cm.com\/index.php\/product\/generateur-de-vapeur-hammam-pour-salon-esthetique\/#primaryimage\",\"url\":\"https:\/\/erec-cm.com\/wp-content\/uploads\/2022\/12\/generateur-de-vapeur-hammam-pour-salon-esthetique.jpg\",\"contentUrl\":\"https:\/\/erec-cm.com\/wp-content\/uploads\/2022\/12\/generateur-de-vapeur-hammam-pour-salon-esthetique.jpg\",\"width\":850,\"height\":850},{\"@type\":\"BreadcrumbList\",\"@id\":\"https:\/\/erec-cm.com\/index.php\/product\/generateur-de-vapeur-hammam-pour-salon-esthetique\/#breadcrumb\",\"itemListElement\":[{\"@type\":\"ListItem\",\"position\":1,\"name\":\"Home\",\"item\":\"https:\/\/erec-cm.com\/\"},{\"@type\":\"ListItem\",\"position\":2,\"name\":\"Shop\",\"item\":\"https:\/\/erec-cm.com\/index.php\/shop\/\"},{\"@type\":\"ListItem\",\"position\":3,\"name\":\"g\u00e9n\u00e9rateur de vapeur hammam pour salon esth\u00e9tique\"}]},{\"@type\":\"WebSite\",\"@id\":\"https:\/\/erec-cm.com\/#website\",\"url\":\"https:\/\/erec-cm.com\/\",\"name\":\"Erec Cameroun\",\"description\":\"Just another WordPress site\",\"potentialAction\":[{\"@type\":\"SearchAction\",\"target\":{\"@type\":\"EntryPoint\",\"urlTemplate\":\"https:\/\/erec-cm.com\/?s={search_term_string}\"},\"query-input\":\"required name=search_term_string\"}],\"inLanguage\":\"fr-FR\"}]}<\/script>\n<!-- \/ Yoast SEO plugin. -->","yoast_head_json":{"title":"g\u00e9n\u00e9rateur de vapeur hammam pour salon esth\u00e9tique - Erec Cameroun","robots":{"index":"index","follow":"follow","max-snippet":"max-snippet:-1","max-image-preview":"max-image-preview:large","max-video-preview":"max-video-preview:-1"},"canonical":"https:\/\/erec-cm.com\/index.php\/product\/generateur-de-vapeur-hammam-pour-salon-esthetique\/","og_locale":"fr_FR","og_type":"article","og_title":"g\u00e9n\u00e9rateur de vapeur hammam pour salon esth\u00e9tique - Erec Cameroun","og_description":"Caract\u00e9ristique: G\u00e9n\u00e9rateur de vapeur avec vanne de vidange automatique, fonction de vidange et de rin\u00e7age automatique. Le r\u00e9servoir int\u00e9rieur utilise de l'acier inoxydable 304 et la coque ext\u00e9rieure est en acier inoxydable 430 \u00e0 haute duret\u00e9. Contr\u00f4leur externe, peut r\u00e9gler le contr\u00f4le de la temp\u00e9rature, le contr\u00f4le du temps et le contr\u00f4le de l'\u00e9clairage du hammam.  Sp\u00e9cification: Type d'article : g\u00e9n\u00e9rateur de vapeur. Mat\u00e9riau : acier inoxydable 304 + acier inoxydable 430 Minuterie d'arr\u00eat : 30 minutes \u00e0 12 heures. Temp\u00e9rature constante automatique : 25-55\u2103 Tension\u00a0: 220-240\u00a0V, 50-60\u00a0Hz Puissance : 3KW\/220V,4.5KW\/220V,6KW\/220V,9KW\/380V,12KW\/380V,15KW\/380V,18KW\/380V Indice d'\u00e9tanch\u00e9it\u00e9 : IPX4 Poids : env. 13800g \/ 486.8oz Taille du produit: 45x33.5x21cm \/ 17.7x13.2x8.3in Utiliser la sc\u00e8ne\u00a0: hammam  Liste des packages\u00a0: 1 contr\u00f4leur 1 pulv\u00e9risateur 1 x vanne \u00e9lectrique de drainage 1 adaptateur 1 x manuel en anglais 1 x g\u00e9n\u00e9rateur de vapeur 2 c\u00e2bles de connexion.","og_url":"https:\/\/erec-cm.com\/index.php\/product\/generateur-de-vapeur-hammam-pour-salon-esthetique\/","og_site_name":"Erec Cameroun","article_modified_time":"2026-04-29T11:20:25+00:00","og_image":[{"width":850,"height":850,"url":"https:\/\/erec-cm.com\/wp-content\/uploads\/2022\/12\/generateur-de-vapeur-hammam-pour-salon-esthetique.jpg","type":"image\/jpeg"}],"twitter_card":"summary_large_image","twitter_misc":{"Dur\u00e9e de lecture estim\u00e9e":"1 minute"},"schema":{"@context":"https:\/\/schema.org","@graph":[{"@type":"WebPage","@id":"https:\/\/erec-cm.com\/index.php\/product\/generateur-de-vapeur-hammam-pour-salon-esthetique\/","url":"https:\/\/erec-cm.com\/index.php\/product\/generateur-de-vapeur-hammam-pour-salon-esthetique\/","name":"g\u00e9n\u00e9rateur de vapeur hammam pour salon esth\u00e9tique - Erec Cameroun","isPartOf":{"@id":"https:\/\/erec-cm.com\/#website"},"primaryImageOfPage":{"@id":"https:\/\/erec-cm.com\/index.php\/product\/generateur-de-vapeur-hammam-pour-salon-esthetique\/#primaryimage"},"image":{"@id":"https:\/\/erec-cm.com\/index.php\/product\/generateur-de-vapeur-hammam-pour-salon-esthetique\/#primaryimage"},"thumbnailUrl":"https:\/\/erec-cm.com\/wp-content\/uploads\/2022\/12\/generateur-de-vapeur-hammam-pour-salon-esthetique.jpg","datePublished":"2022-12-05T13:38:09+00:00","dateModified":"2026-04-29T11:20:25+00:00","breadcrumb":{"@id":"https:\/\/erec-cm.com\/index.php\/product\/generateur-de-vapeur-hammam-pour-salon-esthetique\/#breadcrumb"},"inLanguage":"fr-FR","potentialAction":[{"@type":"ReadAction","target":["https:\/\/erec-cm.com\/index.php\/product\/generateur-de-vapeur-hammam-pour-salon-esthetique\/"]}]},{"@type":"ImageObject","inLanguage":"fr-FR","@id":"https:\/\/erec-cm.com\/index.php\/product\/generateur-de-vapeur-hammam-pour-salon-esthetique\/#primaryimage","url":"https:\/\/erec-cm.com\/wp-content\/uploads\/2022\/12\/generateur-de-vapeur-hammam-pour-salon-esthetique.jpg","contentUrl":"https:\/\/erec-cm.com\/wp-content\/uploads\/2022\/12\/generateur-de-vapeur-hammam-pour-salon-esthetique.jpg","width":850,"height":850},{"@type":"BreadcrumbList","@id":"https:\/\/erec-cm.com\/index.php\/product\/generateur-de-vapeur-hammam-pour-salon-esthetique\/#breadcrumb","itemListElement":[{"@type":"ListItem","position":1,"name":"Home","item":"https:\/\/erec-cm.com\/"},{"@type":"ListItem","position":2,"name":"Shop","item":"https:\/\/erec-cm.com\/index.php\/shop\/"},{"@type":"ListItem","position":3,"name":"g\u00e9n\u00e9rateur de vapeur hammam pour salon esth\u00e9tique"}]},{"@type":"WebSite","@id":"https:\/\/erec-cm.com\/#website","url":"https:\/\/erec-cm.com\/","name":"Erec Cameroun","description":"Just another WordPress site","potentialAction":[{"@type":"SearchAction","target":{"@type":"EntryPoint","urlTemplate":"https:\/\/erec-cm.com\/?s={search_term_string}"},"query-input":"required name=search_term_string"}],"inLanguage":"fr-FR"}]}},"_links":{"self":[{"href":"https:\/\/erec-cm.com\/index.php\/wp-json\/wp\/v2\/product\/20536","targetHints":{"allow":["GET"]}}],"collection":[{"href":"https:\/\/erec-cm.com\/index.php\/wp-json\/wp\/v2\/product"}],"about":[{"href":"https:\/\/erec-cm.com\/index.php\/wp-json\/wp\/v2\/types\/product"}],"replies":[{"embeddable":true,"href":"https:\/\/erec-cm.com\/index.php\/wp-json\/wp\/v2\/comments?post=20536"}],"wp:featuredmedia":[{"embeddable":true,"href":"https:\/\/erec-cm.com\/index.php\/wp-json\/wp\/v2\/media\/20537"}],"wp:attachment":[{"href":"https:\/\/erec-cm.com\/index.php\/wp-json\/wp\/v2\/media?parent=20536"}],"wp:term":[{"taxonomy":"product_cat","embeddable":true,"href":"https:\/\/erec-cm.com\/index.php\/wp-json\/wp\/v2\/product_cat?post=20536"},{"taxonomy":"product_tag","embeddable":true,"href":"https:\/\/erec-cm.com\/index.php\/wp-json\/wp\/v2\/product_tag?post=20536"}],"curies":[{"name":"wp","href":"https:\/\/api.w.org\/{rel}","templated":true}]}}