{"id":20540,"date":"2022-12-05T13:45:25","date_gmt":"2022-12-05T13:45:25","guid":{"rendered":"https:\/\/erec-cm.com\/?post_type=product&#038;p=20540"},"modified":"2026-04-29T11:21:56","modified_gmt":"2026-04-29T11:21:56","slug":"lit-de-soin-pliable-pour-salon-esthetique","status":"publish","type":"product","link":"https:\/\/erec-cm.com\/index.php\/product\/lit-de-soin-pliable-pour-salon-esthetique\/","title":{"rendered":"Lit de soin pliable pour salon esth\u00e9tique"},"content":{"rendered":"<p><span class=\"sw\"><b>Il<\/b><\/span> <span class=\"sw\"><b>peut<\/b><\/span> <span class=\"sw\"><b>\u00eatre<\/b><\/span> <span class=\"sw\"><b>facilement<\/b><\/span> <span class=\"sw\">et<\/span> <span class=\"sw\"><b>rapidement<\/b><\/span> <span class=\"sw\"><b>ajust\u00e9<\/b><\/span> <span class=\"sw\"><b>pour<\/b><\/span> <span class=\"sw\"><b>r\u00e9pondre<\/b><\/span> <span class=\"sw\">\u00e0<\/span> <span class=\"sw\">diff\u00e9rents<\/span> <span class=\"sw\">besoins<\/span> <span class=\"sw\"><b>tels<\/b><\/span> <span class=\"sw\"><b>que<\/b><\/span> <span class=\"sw\"><b>la<\/b><\/span> <span class=\"sw\"><b>taille,<\/b><\/span> <span class=\"sw\"><b>le<\/b><\/span> <span class=\"sw\">cou<\/span> <span class=\"sw\">et<\/span> <span class=\"sw\"><b>les<\/b><\/span> <span class=\"sw\">bras.<\/span> <span class=\"sw\">Cavit\u00e9<\/span> <span class=\"sw\"><b>faciale<\/b><\/span> <span class=\"sw\"><b>amovible<\/b><\/span> <span class=\"sw\">pour<\/span> <span class=\"sw\">plus<\/span> <span class=\"sw\">de<\/span> <span class=\"sw\"><b>commodit\u00e9.<\/b><\/span> <span class=\"sw\"><b>Appui-t\u00eate<\/b><\/span> <span class=\"sw\"><b>multifonctionnel<\/b><\/span> <span class=\"sw\">amovible<\/span> <span class=\"sw\"><b>avec<\/b><\/span> <span class=\"sw\"><b>velcro<\/b><\/span> <span class=\"sw\"><b>ergonomique.<\/b><\/span> <span class=\"sw\">Appui-t\u00eate<\/span> <span class=\"sw\"><b>rembourr\u00e9<\/b><\/span> <span class=\"sw\">amovible<\/span> <span class=\"sw\">pour<\/span> <span class=\"sw\">un<\/span> <span class=\"sw\">nettoyage<\/span> <span class=\"sw\">hygi\u00e9nique.<\/span> <span class=\"sw\"><b>Comprend<\/b><\/span> <span class=\"sw\"><b>des<\/b><\/span> <span class=\"sw\"><b>accoudoirs<\/b><\/span> <span class=\"sw\"><b>confortables<\/b><\/span> <span class=\"sw\">pour<\/span> <span class=\"sw\">un<\/span> <span class=\"sw\"><b>sommeil<\/b><\/span> <span class=\"sw\"><b>confortable.<\/b><\/span> <span class=\"sw\"><b>Espacement<\/b><\/span> <span class=\"sw\">des<\/span> <span class=\"sw\">accoudoirs<\/span> <span class=\"sw\">r\u00e9glable.<\/span> <span class=\"sw\"><b>Il<\/b><\/span> <span class=\"sw\"><b>peut<\/b><\/span> <span class=\"sw\"><b>\u00eatre<\/b><\/span> <span class=\"sw\">rapidement<\/span> <span class=\"sw\"><b>pli\u00e9<\/b><\/span> <span class=\"sw\">pour<\/span> <span class=\"sw\">un<\/span> <span class=\"sw\"><b>stockage<\/b><\/span> <span class=\"sw\"><b>et<\/b><\/span> <span class=\"sw\"><b>un<\/b><\/span> <span class=\"sw\"><b>transport<\/b><\/span> <span class=\"sw\">peu<\/span> <span class=\"sw\"><b>encombrants.<\/b><\/span> <span class=\"sw\">Pieds<\/span> <span class=\"sw\">en<\/span> <span class=\"sw\"><b>plastique<\/b><\/span> <span class=\"sw\"><b>antid\u00e9rapants.<\/b><\/span> <span class=\"sw\"><b>Poids<\/b><\/span> <span class=\"sw\"><b>l\u00e9ger<\/b><\/span> <span class=\"sw\">gr\u00e2ce<\/span> <span class=\"sw\">au<\/span> <span class=\"sw\">cadre<\/span> <span class=\"sw\">en<\/span> <span class=\"sw\">aluminium.<\/span> <span class=\"sw\"><b>C\u00e2ble<\/b><\/span> <span class=\"sw\"><b>en<\/b><\/span> <span class=\"sw\"><b>acier<\/b><\/span> <span class=\"sw\"><b>plastifi\u00e9<\/b><\/span> <span class=\"sw\">pour<\/span> <span class=\"sw\">une<\/span> <span class=\"sw\">stabilit\u00e9<\/span> <span class=\"sw\">maximale.<\/span> <span class=\"sw\"><b>Avec<\/b><\/span> <span class=\"sw\"><b>fonction<\/b><\/span> <span class=\"sw\"><b>transport.<\/b><\/span> <span class=\"sw\"><b>Sac<\/b><\/span> <span class=\"sw\">de<\/span> <span class=\"sw\">transport.<\/span> <span class=\"sw\">Supporte<\/span> <span class=\"sw\">jusqu&rsquo;\u00e0<\/span> <span class=\"sw\">250<\/span> <span class=\"sw\">kg<\/span> <span class=\"sw\"><b>au<\/b><\/span> <span class=\"sw\">travail.<\/span> <span class=\"sw\">***<\/span> <span class=\"sw\"><b>Donn\u00e9es<\/b><\/span> <span class=\"sw\"><b>techniques<\/b><\/span> <span class=\"sw\">:<\/span> <span class=\"sw\">Longueur<\/span> <span class=\"sw\">de<\/span> <span class=\"sw\">la<\/span> <span class=\"sw\">table<\/span> <span class=\"sw\">sans<\/span> <span class=\"sw\">appui-t\u00eate<\/span> <span class=\"sw\">environ<\/span> <span class=\"sw\">180<\/span> <span class=\"sw\">cm,<\/span> <span class=\"sw\">avec<\/span> <span class=\"sw\">appui-t\u00eate<\/span> <span class=\"sw\">environ<\/span> <span class=\"sw\">210<\/span> <span class=\"sw\">cm.<\/span> <span class=\"sw\">Largeur<\/span> <span class=\"sw\">de<\/span> <span class=\"sw\">la<\/span> <span class=\"sw\">table<\/span> <span class=\"sw\">sans<\/span> <span class=\"sw\">accoudoirs<\/span> <span class=\"sw\">environ<\/span> <span class=\"sw\">61<\/span> <span class=\"sw\">cm<\/span> <span class=\"sw\">&#8211;<\/span> <span class=\"sw\"><b>maximum<\/b><\/span> <span class=\"sw\">avec<\/span> <span class=\"sw\">accoudoirs<\/span> <span class=\"sw\">environ<\/span> <span class=\"sw\">95<\/span> <span class=\"sw\">cm.<\/span> <span class=\"sw\">Hauteur<\/span> <span class=\"sw\">de<\/span> <span class=\"sw\">travail<\/span> <span class=\"sw\">d&rsquo;environ<\/span> <span class=\"sw\">68<\/span> <span class=\"sw\">cm<\/span> <span class=\"sw\">\u00e0<\/span> <span class=\"sw\">90<\/span> <span class=\"sw\">cm<\/span> <span class=\"sw\">&#8211;<\/span> <span class=\"sw\">r\u00e9glable<\/span> <span class=\"sw\">par<\/span> <span class=\"sw\"><b>pas<\/b><\/span> <span class=\"sw\">de<\/span> <span class=\"sw\">3<\/span> <span class=\"sw\">cm.<\/span> <span class=\"sw\"><b>Une<\/b><\/span> <span class=\"sw\">charge<\/span> <span class=\"sw\"><b>utile<\/b><\/span> <span class=\"sw\">jusqu&rsquo;\u00e0<\/span> <span class=\"sw\">250<\/span> <span class=\"sw\"><b>kg<\/b><\/span> <span class=\"sw\"><b>est<\/b><\/span> <span class=\"sw\"><b>distribu\u00e9e<\/b><\/span> <span class=\"sw\">(non<\/span> <span class=\"sw\">s\u00e9lective).<\/span> <span class=\"sw\">Dimensions<\/span> <span class=\"sw\"><b>(pli\u00e9)<\/b><\/span> <span class=\"sw\">:<\/span> <span class=\"sw\"><b>Environ<\/b><\/span> <span class=\"sw\">90<\/span> <span class=\"sw\">cm<\/span> <span class=\"sw\">x<\/span> <span class=\"sw\">60<\/span> <span class=\"sw\">cm<\/span> <span class=\"sw\">x<\/span> <span class=\"sw\">16<\/span> <span class=\"sw\">cm.<\/span> <span class=\"sw\">Poids<\/span> <span class=\"sw\">:<\/span> <span class=\"sw\">environ<\/span> <span class=\"sw\">13<\/span> <span class=\"sw\">kg.<\/span> <span class=\"sw\">Rembourrage<\/span> <span class=\"sw\"><b>100%<\/b><\/span> <span class=\"sw\">PVC<\/span> <span class=\"sw\"><b>d&rsquo;environ<\/b><\/span> <span class=\"sw\">4<\/span> <span class=\"sw\">cm.<\/span> <span class=\"sw\"><b>Appuie-t\u00eate<\/b><\/span> <span class=\"sw\">en<\/span> <span class=\"sw\">aluminium<\/span> <span class=\"sw\">et<\/span> <span class=\"sw\"><b>bois.<\/b><\/span> <span class=\"sw\">***<\/span> <span class=\"sw\">Contenu<\/span> <span class=\"sw\">de<\/span> <span class=\"sw\">la<\/span> <span class=\"sw\">livraison<\/span> <span class=\"sw\">:<\/span> <span class=\"sw\">1<\/span> <span class=\"sw\"><b>table<\/b><\/span> <span class=\"sw\">de<\/span> <span class=\"sw\">massage.<\/span> <span class=\"sw\">1<\/span> <span class=\"sw\"><b>x<\/b><\/span> <span class=\"sw\"><b>appui-t\u00eate<\/b><\/span> <span class=\"sw\"><b>amovible<\/b><\/span> <span class=\"sw\">2<\/span> <span class=\"sw\"><b>accoudoirs<\/b><\/span> <span class=\"sw\">amovibles.<\/span> <span class=\"sw\">1<\/span> <span class=\"sw\"><b>sac<\/b><\/span> <span class=\"sw\">de<\/span> <span class=\"sw\">transport<\/span><\/p>\n","protected":false},"excerpt":{"rendered":"<p>Il peut \u00eatre facilement et rapidement ajust\u00e9 pour r\u00e9pondre \u00e0 diff\u00e9rents besoins tels que la taille, le cou et les bras. Cavit\u00e9 faciale amovible pour plus de commodit\u00e9. Appui-t\u00eate multifonctionnel amovible avec velcro ergonomique. Appui-t\u00eate rembourr\u00e9 amovible pour un nettoyage hygi\u00e9nique. Comprend des accoudoirs confortables pour un sommeil confortable. Espacement des accoudoirs r\u00e9glable. Il peut [&hellip;]<\/p>\n","protected":false},"featured_media":20541,"comment_status":"open","ping_status":"closed","template":"","meta":[],"product_cat":[119],"product_tag":[],"class_list":{"0":"post-20540","1":"product","2":"type-product","3":"status-publish","4":"has-post-thumbnail","6":"product_cat-materiel-desthetique","9":"first","10":"instock","11":"shipping-taxable","12":"product-type-simple"},"yoast_head":"<!-- This site is optimized with the Yoast SEO plugin v23.2 - https:\/\/yoast.com\/wordpress\/plugins\/seo\/ -->\n<title>Lit de soin pliable pour salon esth\u00e9tique - Erec Cameroun<\/title>\n<meta name=\"robots\" content=\"index, follow, max-snippet:-1, max-image-preview:large, max-video-preview:-1\" \/>\n<link rel=\"canonical\" href=\"https:\/\/erec-cm.com\/index.php\/product\/lit-de-soin-pliable-pour-salon-esthetique\/\" \/>\n<meta property=\"og:locale\" content=\"fr_FR\" \/>\n<meta property=\"og:type\" content=\"article\" \/>\n<meta property=\"og:title\" content=\"Lit de soin pliable pour salon esth\u00e9tique - Erec Cameroun\" \/>\n<meta property=\"og:description\" content=\"Il peut \u00eatre facilement et rapidement ajust\u00e9 pour r\u00e9pondre \u00e0 diff\u00e9rents besoins tels que la taille, le cou et les bras. Cavit\u00e9 faciale amovible pour plus de commodit\u00e9. Appui-t\u00eate multifonctionnel amovible avec velcro ergonomique. Appui-t\u00eate rembourr\u00e9 amovible pour un nettoyage hygi\u00e9nique. Comprend des accoudoirs confortables pour un sommeil confortable. Espacement des accoudoirs r\u00e9glable. Il peut [&hellip;]\" \/>\n<meta property=\"og:url\" content=\"https:\/\/erec-cm.com\/index.php\/product\/lit-de-soin-pliable-pour-salon-esthetique\/\" \/>\n<meta property=\"og:site_name\" content=\"Erec Cameroun\" \/>\n<meta property=\"article:modified_time\" content=\"2026-04-29T11:21:56+00:00\" \/>\n<meta property=\"og:image\" content=\"https:\/\/erec-cm.com\/wp-content\/uploads\/2022\/12\/Lit-de-soin-pliable-pour-salon-esthetique.webp\" \/>\n\t<meta property=\"og:image:width\" content=\"700\" \/>\n\t<meta property=\"og:image:height\" content=\"700\" \/>\n\t<meta property=\"og:image:type\" content=\"image\/webp\" \/>\n<meta name=\"twitter:card\" content=\"summary_large_image\" \/>\n<meta name=\"twitter:label1\" content=\"Dur\u00e9e de lecture estim\u00e9e\" \/>\n\t<meta name=\"twitter:data1\" content=\"2 minutes\" \/>\n<script type=\"application\/ld+json\" class=\"yoast-schema-graph\">{\"@context\":\"https:\/\/schema.org\",\"@graph\":[{\"@type\":\"WebPage\",\"@id\":\"https:\/\/erec-cm.com\/index.php\/product\/lit-de-soin-pliable-pour-salon-esthetique\/\",\"url\":\"https:\/\/erec-cm.com\/index.php\/product\/lit-de-soin-pliable-pour-salon-esthetique\/\",\"name\":\"Lit de soin pliable pour salon esth\u00e9tique - Erec Cameroun\",\"isPartOf\":{\"@id\":\"https:\/\/erec-cm.com\/#website\"},\"primaryImageOfPage\":{\"@id\":\"https:\/\/erec-cm.com\/index.php\/product\/lit-de-soin-pliable-pour-salon-esthetique\/#primaryimage\"},\"image\":{\"@id\":\"https:\/\/erec-cm.com\/index.php\/product\/lit-de-soin-pliable-pour-salon-esthetique\/#primaryimage\"},\"thumbnailUrl\":\"https:\/\/erec-cm.com\/wp-content\/uploads\/2022\/12\/Lit-de-soin-pliable-pour-salon-esthetique.webp\",\"datePublished\":\"2022-12-05T13:45:25+00:00\",\"dateModified\":\"2026-04-29T11:21:56+00:00\",\"breadcrumb\":{\"@id\":\"https:\/\/erec-cm.com\/index.php\/product\/lit-de-soin-pliable-pour-salon-esthetique\/#breadcrumb\"},\"inLanguage\":\"fr-FR\",\"potentialAction\":[{\"@type\":\"ReadAction\",\"target\":[\"https:\/\/erec-cm.com\/index.php\/product\/lit-de-soin-pliable-pour-salon-esthetique\/\"]}]},{\"@type\":\"ImageObject\",\"inLanguage\":\"fr-FR\",\"@id\":\"https:\/\/erec-cm.com\/index.php\/product\/lit-de-soin-pliable-pour-salon-esthetique\/#primaryimage\",\"url\":\"https:\/\/erec-cm.com\/wp-content\/uploads\/2022\/12\/Lit-de-soin-pliable-pour-salon-esthetique.webp\",\"contentUrl\":\"https:\/\/erec-cm.com\/wp-content\/uploads\/2022\/12\/Lit-de-soin-pliable-pour-salon-esthetique.webp\",\"width\":700,\"height\":700},{\"@type\":\"BreadcrumbList\",\"@id\":\"https:\/\/erec-cm.com\/index.php\/product\/lit-de-soin-pliable-pour-salon-esthetique\/#breadcrumb\",\"itemListElement\":[{\"@type\":\"ListItem\",\"position\":1,\"name\":\"Home\",\"item\":\"https:\/\/erec-cm.com\/\"},{\"@type\":\"ListItem\",\"position\":2,\"name\":\"Shop\",\"item\":\"https:\/\/erec-cm.com\/index.php\/shop\/\"},{\"@type\":\"ListItem\",\"position\":3,\"name\":\"Lit de soin pliable pour salon esth\u00e9tique\"}]},{\"@type\":\"WebSite\",\"@id\":\"https:\/\/erec-cm.com\/#website\",\"url\":\"https:\/\/erec-cm.com\/\",\"name\":\"Erec Cameroun\",\"description\":\"Just another WordPress site\",\"potentialAction\":[{\"@type\":\"SearchAction\",\"target\":{\"@type\":\"EntryPoint\",\"urlTemplate\":\"https:\/\/erec-cm.com\/?s={search_term_string}\"},\"query-input\":\"required name=search_term_string\"}],\"inLanguage\":\"fr-FR\"}]}<\/script>\n<!-- \/ Yoast SEO plugin. -->","yoast_head_json":{"title":"Lit de soin pliable pour salon esth\u00e9tique - Erec Cameroun","robots":{"index":"index","follow":"follow","max-snippet":"max-snippet:-1","max-image-preview":"max-image-preview:large","max-video-preview":"max-video-preview:-1"},"canonical":"https:\/\/erec-cm.com\/index.php\/product\/lit-de-soin-pliable-pour-salon-esthetique\/","og_locale":"fr_FR","og_type":"article","og_title":"Lit de soin pliable pour salon esth\u00e9tique - Erec Cameroun","og_description":"Il peut \u00eatre facilement et rapidement ajust\u00e9 pour r\u00e9pondre \u00e0 diff\u00e9rents besoins tels que la taille, le cou et les bras. Cavit\u00e9 faciale amovible pour plus de commodit\u00e9. Appui-t\u00eate multifonctionnel amovible avec velcro ergonomique. Appui-t\u00eate rembourr\u00e9 amovible pour un nettoyage hygi\u00e9nique. Comprend des accoudoirs confortables pour un sommeil confortable. Espacement des accoudoirs r\u00e9glable. Il peut [&hellip;]","og_url":"https:\/\/erec-cm.com\/index.php\/product\/lit-de-soin-pliable-pour-salon-esthetique\/","og_site_name":"Erec Cameroun","article_modified_time":"2026-04-29T11:21:56+00:00","og_image":[{"width":700,"height":700,"url":"https:\/\/erec-cm.com\/wp-content\/uploads\/2022\/12\/Lit-de-soin-pliable-pour-salon-esthetique.webp","type":"image\/webp"}],"twitter_card":"summary_large_image","twitter_misc":{"Dur\u00e9e de lecture estim\u00e9e":"2 minutes"},"schema":{"@context":"https:\/\/schema.org","@graph":[{"@type":"WebPage","@id":"https:\/\/erec-cm.com\/index.php\/product\/lit-de-soin-pliable-pour-salon-esthetique\/","url":"https:\/\/erec-cm.com\/index.php\/product\/lit-de-soin-pliable-pour-salon-esthetique\/","name":"Lit de soin pliable pour salon esth\u00e9tique - Erec Cameroun","isPartOf":{"@id":"https:\/\/erec-cm.com\/#website"},"primaryImageOfPage":{"@id":"https:\/\/erec-cm.com\/index.php\/product\/lit-de-soin-pliable-pour-salon-esthetique\/#primaryimage"},"image":{"@id":"https:\/\/erec-cm.com\/index.php\/product\/lit-de-soin-pliable-pour-salon-esthetique\/#primaryimage"},"thumbnailUrl":"https:\/\/erec-cm.com\/wp-content\/uploads\/2022\/12\/Lit-de-soin-pliable-pour-salon-esthetique.webp","datePublished":"2022-12-05T13:45:25+00:00","dateModified":"2026-04-29T11:21:56+00:00","breadcrumb":{"@id":"https:\/\/erec-cm.com\/index.php\/product\/lit-de-soin-pliable-pour-salon-esthetique\/#breadcrumb"},"inLanguage":"fr-FR","potentialAction":[{"@type":"ReadAction","target":["https:\/\/erec-cm.com\/index.php\/product\/lit-de-soin-pliable-pour-salon-esthetique\/"]}]},{"@type":"ImageObject","inLanguage":"fr-FR","@id":"https:\/\/erec-cm.com\/index.php\/product\/lit-de-soin-pliable-pour-salon-esthetique\/#primaryimage","url":"https:\/\/erec-cm.com\/wp-content\/uploads\/2022\/12\/Lit-de-soin-pliable-pour-salon-esthetique.webp","contentUrl":"https:\/\/erec-cm.com\/wp-content\/uploads\/2022\/12\/Lit-de-soin-pliable-pour-salon-esthetique.webp","width":700,"height":700},{"@type":"BreadcrumbList","@id":"https:\/\/erec-cm.com\/index.php\/product\/lit-de-soin-pliable-pour-salon-esthetique\/#breadcrumb","itemListElement":[{"@type":"ListItem","position":1,"name":"Home","item":"https:\/\/erec-cm.com\/"},{"@type":"ListItem","position":2,"name":"Shop","item":"https:\/\/erec-cm.com\/index.php\/shop\/"},{"@type":"ListItem","position":3,"name":"Lit de soin pliable pour salon esth\u00e9tique"}]},{"@type":"WebSite","@id":"https:\/\/erec-cm.com\/#website","url":"https:\/\/erec-cm.com\/","name":"Erec Cameroun","description":"Just another WordPress site","potentialAction":[{"@type":"SearchAction","target":{"@type":"EntryPoint","urlTemplate":"https:\/\/erec-cm.com\/?s={search_term_string}"},"query-input":"required name=search_term_string"}],"inLanguage":"fr-FR"}]}},"_links":{"self":[{"href":"https:\/\/erec-cm.com\/index.php\/wp-json\/wp\/v2\/product\/20540","targetHints":{"allow":["GET"]}}],"collection":[{"href":"https:\/\/erec-cm.com\/index.php\/wp-json\/wp\/v2\/product"}],"about":[{"href":"https:\/\/erec-cm.com\/index.php\/wp-json\/wp\/v2\/types\/product"}],"replies":[{"embeddable":true,"href":"https:\/\/erec-cm.com\/index.php\/wp-json\/wp\/v2\/comments?post=20540"}],"wp:featuredmedia":[{"embeddable":true,"href":"https:\/\/erec-cm.com\/index.php\/wp-json\/wp\/v2\/media\/20541"}],"wp:attachment":[{"href":"https:\/\/erec-cm.com\/index.php\/wp-json\/wp\/v2\/media?parent=20540"}],"wp:term":[{"taxonomy":"product_cat","embeddable":true,"href":"https:\/\/erec-cm.com\/index.php\/wp-json\/wp\/v2\/product_cat?post=20540"},{"taxonomy":"product_tag","embeddable":true,"href":"https:\/\/erec-cm.com\/index.php\/wp-json\/wp\/v2\/product_tag?post=20540"}],"curies":[{"name":"wp","href":"https:\/\/api.w.org\/{rel}","templated":true}]}}