{"id":20542,"date":"2022-12-05T13:51:47","date_gmt":"2022-12-05T13:51:47","guid":{"rendered":"https:\/\/erec-cm.com\/?post_type=product&#038;p=20542"},"modified":"2026-04-29T11:16:54","modified_gmt":"2026-04-29T11:16:54","slug":"appareil-dhydratation-pour-salon-esthetique","status":"publish","type":"product","link":"https:\/\/erec-cm.com\/index.php\/product\/appareil-dhydratation-pour-salon-esthetique\/","title":{"rendered":"Appareil d&rsquo;hydratation Pour salon esth\u00e9tique"},"content":{"rendered":"<p><span class=\"sw\">Cet<\/span> <span class=\"sw\">appareil<\/span> <span class=\"sw\"><b>utilise<\/b><\/span> <span class=\"sw\"><b>un<\/b><\/span> <span class=\"sw\">syst\u00e8me<\/span> <span class=\"sw\"><b>d&rsquo;hydratation<\/b><\/span> <span class=\"sw\">de<\/span> <span class=\"sw\">l&rsquo;eau<\/span> <span class=\"sw\"><b>nano-dynamique<\/b><\/span> <span class=\"sw\"><b>qui<\/b><\/span> <span class=\"sw\"><b>convertit<\/b><\/span> <span class=\"sw\">l&rsquo;eau<\/span> <span class=\"sw\">en<\/span> <span class=\"sw\"><b>mol\u00e9cules.<\/b><\/span> <span class=\"sw\"><b>Hydrate<\/b><\/span> <span class=\"sw\">les<\/span> <span class=\"sw\">cheveux<\/span> <span class=\"sw\">secs<\/span> <span class=\"sw\"><b>et<\/b><\/span> <span class=\"sw\">la<\/span> <span class=\"sw\">peau<\/span> <span class=\"sw\">du<\/span> <span class=\"sw\">visage.<\/span> <span class=\"sw\">Rend<\/span> <span class=\"sw\">vos<\/span> <span class=\"sw\">cheveux<\/span> <span class=\"sw\">plus<\/span> <span class=\"sw\">brillants<\/span> <span class=\"sw\">et<\/span> <span class=\"sw\"><b>plus<\/b><\/span> <span class=\"sw\">soyeux.<\/span> <span class=\"sw\"><b>Illumine<\/b><\/span> <span class=\"sw\">et<\/span> <span class=\"sw\"><b>lisse<\/b><\/span> <span class=\"sw\"><b>la<\/b><\/span> <span class=\"sw\"><b>peau.<\/b><\/span> <span class=\"sw\">Conception<\/span> <span class=\"sw\">ergonomique<\/span> <span class=\"sw\">de<\/span> <span class=\"sw\">la<\/span> <span class=\"sw\"><b>poign\u00e9e<\/b><\/span> <span class=\"sw\"><b>:<\/b><\/span> <span class=\"sw\"><b>Fournit<\/b><\/span> <span class=\"sw\">une<\/span> <span class=\"sw\">sensation<\/span> <span class=\"sw\"><b>confortable.<\/b><\/span> <span class=\"sw\">Convient<\/span> <span class=\"sw\">pour<\/span> <span class=\"sw\"><b>le<\/b><\/span> <span class=\"sw\"><b>salon<\/b><\/span> <span class=\"sw\"><b>et<\/b><\/span> <span class=\"sw\">la<\/span> <span class=\"sw\">maison.<\/span><\/p>\n","protected":false},"excerpt":{"rendered":"<p>Cet appareil utilise un syst\u00e8me d&rsquo;hydratation de l&rsquo;eau nano-dynamique qui convertit l&rsquo;eau en mol\u00e9cules. Hydrate les cheveux secs et la peau du visage. Rend vos cheveux plus brillants et plus soyeux. Illumine et lisse la peau. Conception ergonomique de la poign\u00e9e : Fournit une sensation confortable. Convient pour le salon et la maison.<\/p>\n","protected":false},"featured_media":20543,"comment_status":"open","ping_status":"closed","template":"","meta":[],"product_cat":[119],"product_tag":[],"class_list":{"0":"post-20542","1":"product","2":"type-product","3":"status-publish","4":"has-post-thumbnail","6":"product_cat-materiel-desthetique","9":"first","10":"instock","11":"shipping-taxable","12":"purchasable","13":"product-type-simple"},"yoast_head":"<!-- This site is optimized with the Yoast SEO plugin v23.2 - https:\/\/yoast.com\/wordpress\/plugins\/seo\/ -->\n<title>Appareil d&#039;hydratation Pour salon esth\u00e9tique - Erec Cameroun<\/title>\n<meta name=\"robots\" content=\"index, follow, max-snippet:-1, max-image-preview:large, max-video-preview:-1\" \/>\n<link rel=\"canonical\" href=\"https:\/\/erec-cm.com\/index.php\/product\/appareil-dhydratation-pour-salon-esthetique\/\" \/>\n<meta property=\"og:locale\" content=\"fr_FR\" \/>\n<meta property=\"og:type\" content=\"article\" \/>\n<meta property=\"og:title\" content=\"Appareil d&#039;hydratation Pour salon esth\u00e9tique - Erec Cameroun\" \/>\n<meta property=\"og:description\" content=\"Cet appareil utilise un syst\u00e8me d&rsquo;hydratation de l&rsquo;eau nano-dynamique qui convertit l&rsquo;eau en mol\u00e9cules. Hydrate les cheveux secs et la peau du visage. Rend vos cheveux plus brillants et plus soyeux. Illumine et lisse la peau. Conception ergonomique de la poign\u00e9e : Fournit une sensation confortable. Convient pour le salon et la maison.\" \/>\n<meta property=\"og:url\" content=\"https:\/\/erec-cm.com\/index.php\/product\/appareil-dhydratation-pour-salon-esthetique\/\" \/>\n<meta property=\"og:site_name\" content=\"Erec Cameroun\" \/>\n<meta property=\"article:modified_time\" content=\"2026-04-29T11:16:54+00:00\" \/>\n<meta property=\"og:image\" content=\"https:\/\/erec-cm.com\/wp-content\/uploads\/2022\/12\/Appareil-dhydratation-Pour-salon-esthetique.webp\" \/>\n\t<meta property=\"og:image:width\" content=\"1000\" \/>\n\t<meta property=\"og:image:height\" content=\"1000\" \/>\n\t<meta property=\"og:image:type\" content=\"image\/webp\" \/>\n<meta name=\"twitter:card\" content=\"summary_large_image\" \/>\n<meta name=\"twitter:label1\" content=\"Dur\u00e9e de lecture estim\u00e9e\" \/>\n\t<meta name=\"twitter:data1\" content=\"1 minute\" \/>\n<script type=\"application\/ld+json\" class=\"yoast-schema-graph\">{\"@context\":\"https:\/\/schema.org\",\"@graph\":[{\"@type\":\"WebPage\",\"@id\":\"https:\/\/erec-cm.com\/index.php\/product\/appareil-dhydratation-pour-salon-esthetique\/\",\"url\":\"https:\/\/erec-cm.com\/index.php\/product\/appareil-dhydratation-pour-salon-esthetique\/\",\"name\":\"Appareil d'hydratation Pour salon esth\u00e9tique - Erec Cameroun\",\"isPartOf\":{\"@id\":\"https:\/\/erec-cm.com\/#website\"},\"primaryImageOfPage\":{\"@id\":\"https:\/\/erec-cm.com\/index.php\/product\/appareil-dhydratation-pour-salon-esthetique\/#primaryimage\"},\"image\":{\"@id\":\"https:\/\/erec-cm.com\/index.php\/product\/appareil-dhydratation-pour-salon-esthetique\/#primaryimage\"},\"thumbnailUrl\":\"https:\/\/erec-cm.com\/wp-content\/uploads\/2022\/12\/Appareil-dhydratation-Pour-salon-esthetique.webp\",\"datePublished\":\"2022-12-05T13:51:47+00:00\",\"dateModified\":\"2026-04-29T11:16:54+00:00\",\"breadcrumb\":{\"@id\":\"https:\/\/erec-cm.com\/index.php\/product\/appareil-dhydratation-pour-salon-esthetique\/#breadcrumb\"},\"inLanguage\":\"fr-FR\",\"potentialAction\":[{\"@type\":\"ReadAction\",\"target\":[\"https:\/\/erec-cm.com\/index.php\/product\/appareil-dhydratation-pour-salon-esthetique\/\"]}]},{\"@type\":\"ImageObject\",\"inLanguage\":\"fr-FR\",\"@id\":\"https:\/\/erec-cm.com\/index.php\/product\/appareil-dhydratation-pour-salon-esthetique\/#primaryimage\",\"url\":\"https:\/\/erec-cm.com\/wp-content\/uploads\/2022\/12\/Appareil-dhydratation-Pour-salon-esthetique.webp\",\"contentUrl\":\"https:\/\/erec-cm.com\/wp-content\/uploads\/2022\/12\/Appareil-dhydratation-Pour-salon-esthetique.webp\",\"width\":1000,\"height\":1000},{\"@type\":\"BreadcrumbList\",\"@id\":\"https:\/\/erec-cm.com\/index.php\/product\/appareil-dhydratation-pour-salon-esthetique\/#breadcrumb\",\"itemListElement\":[{\"@type\":\"ListItem\",\"position\":1,\"name\":\"Home\",\"item\":\"https:\/\/erec-cm.com\/\"},{\"@type\":\"ListItem\",\"position\":2,\"name\":\"Shop\",\"item\":\"https:\/\/erec-cm.com\/index.php\/shop\/\"},{\"@type\":\"ListItem\",\"position\":3,\"name\":\"Appareil d&rsquo;hydratation Pour salon esth\u00e9tique\"}]},{\"@type\":\"WebSite\",\"@id\":\"https:\/\/erec-cm.com\/#website\",\"url\":\"https:\/\/erec-cm.com\/\",\"name\":\"Erec Cameroun\",\"description\":\"Just another WordPress site\",\"potentialAction\":[{\"@type\":\"SearchAction\",\"target\":{\"@type\":\"EntryPoint\",\"urlTemplate\":\"https:\/\/erec-cm.com\/?s={search_term_string}\"},\"query-input\":\"required name=search_term_string\"}],\"inLanguage\":\"fr-FR\"}]}<\/script>\n<!-- \/ Yoast SEO plugin. -->","yoast_head_json":{"title":"Appareil d'hydratation Pour salon esth\u00e9tique - Erec Cameroun","robots":{"index":"index","follow":"follow","max-snippet":"max-snippet:-1","max-image-preview":"max-image-preview:large","max-video-preview":"max-video-preview:-1"},"canonical":"https:\/\/erec-cm.com\/index.php\/product\/appareil-dhydratation-pour-salon-esthetique\/","og_locale":"fr_FR","og_type":"article","og_title":"Appareil d'hydratation Pour salon esth\u00e9tique - Erec Cameroun","og_description":"Cet appareil utilise un syst\u00e8me d&rsquo;hydratation de l&rsquo;eau nano-dynamique qui convertit l&rsquo;eau en mol\u00e9cules. Hydrate les cheveux secs et la peau du visage. Rend vos cheveux plus brillants et plus soyeux. Illumine et lisse la peau. Conception ergonomique de la poign\u00e9e : Fournit une sensation confortable. Convient pour le salon et la maison.","og_url":"https:\/\/erec-cm.com\/index.php\/product\/appareil-dhydratation-pour-salon-esthetique\/","og_site_name":"Erec Cameroun","article_modified_time":"2026-04-29T11:16:54+00:00","og_image":[{"width":1000,"height":1000,"url":"https:\/\/erec-cm.com\/wp-content\/uploads\/2022\/12\/Appareil-dhydratation-Pour-salon-esthetique.webp","type":"image\/webp"}],"twitter_card":"summary_large_image","twitter_misc":{"Dur\u00e9e de lecture estim\u00e9e":"1 minute"},"schema":{"@context":"https:\/\/schema.org","@graph":[{"@type":"WebPage","@id":"https:\/\/erec-cm.com\/index.php\/product\/appareil-dhydratation-pour-salon-esthetique\/","url":"https:\/\/erec-cm.com\/index.php\/product\/appareil-dhydratation-pour-salon-esthetique\/","name":"Appareil d'hydratation Pour salon esth\u00e9tique - Erec Cameroun","isPartOf":{"@id":"https:\/\/erec-cm.com\/#website"},"primaryImageOfPage":{"@id":"https:\/\/erec-cm.com\/index.php\/product\/appareil-dhydratation-pour-salon-esthetique\/#primaryimage"},"image":{"@id":"https:\/\/erec-cm.com\/index.php\/product\/appareil-dhydratation-pour-salon-esthetique\/#primaryimage"},"thumbnailUrl":"https:\/\/erec-cm.com\/wp-content\/uploads\/2022\/12\/Appareil-dhydratation-Pour-salon-esthetique.webp","datePublished":"2022-12-05T13:51:47+00:00","dateModified":"2026-04-29T11:16:54+00:00","breadcrumb":{"@id":"https:\/\/erec-cm.com\/index.php\/product\/appareil-dhydratation-pour-salon-esthetique\/#breadcrumb"},"inLanguage":"fr-FR","potentialAction":[{"@type":"ReadAction","target":["https:\/\/erec-cm.com\/index.php\/product\/appareil-dhydratation-pour-salon-esthetique\/"]}]},{"@type":"ImageObject","inLanguage":"fr-FR","@id":"https:\/\/erec-cm.com\/index.php\/product\/appareil-dhydratation-pour-salon-esthetique\/#primaryimage","url":"https:\/\/erec-cm.com\/wp-content\/uploads\/2022\/12\/Appareil-dhydratation-Pour-salon-esthetique.webp","contentUrl":"https:\/\/erec-cm.com\/wp-content\/uploads\/2022\/12\/Appareil-dhydratation-Pour-salon-esthetique.webp","width":1000,"height":1000},{"@type":"BreadcrumbList","@id":"https:\/\/erec-cm.com\/index.php\/product\/appareil-dhydratation-pour-salon-esthetique\/#breadcrumb","itemListElement":[{"@type":"ListItem","position":1,"name":"Home","item":"https:\/\/erec-cm.com\/"},{"@type":"ListItem","position":2,"name":"Shop","item":"https:\/\/erec-cm.com\/index.php\/shop\/"},{"@type":"ListItem","position":3,"name":"Appareil d&rsquo;hydratation Pour salon esth\u00e9tique"}]},{"@type":"WebSite","@id":"https:\/\/erec-cm.com\/#website","url":"https:\/\/erec-cm.com\/","name":"Erec Cameroun","description":"Just another WordPress site","potentialAction":[{"@type":"SearchAction","target":{"@type":"EntryPoint","urlTemplate":"https:\/\/erec-cm.com\/?s={search_term_string}"},"query-input":"required name=search_term_string"}],"inLanguage":"fr-FR"}]}},"_links":{"self":[{"href":"https:\/\/erec-cm.com\/index.php\/wp-json\/wp\/v2\/product\/20542","targetHints":{"allow":["GET"]}}],"collection":[{"href":"https:\/\/erec-cm.com\/index.php\/wp-json\/wp\/v2\/product"}],"about":[{"href":"https:\/\/erec-cm.com\/index.php\/wp-json\/wp\/v2\/types\/product"}],"replies":[{"embeddable":true,"href":"https:\/\/erec-cm.com\/index.php\/wp-json\/wp\/v2\/comments?post=20542"}],"wp:featuredmedia":[{"embeddable":true,"href":"https:\/\/erec-cm.com\/index.php\/wp-json\/wp\/v2\/media\/20543"}],"wp:attachment":[{"href":"https:\/\/erec-cm.com\/index.php\/wp-json\/wp\/v2\/media?parent=20542"}],"wp:term":[{"taxonomy":"product_cat","embeddable":true,"href":"https:\/\/erec-cm.com\/index.php\/wp-json\/wp\/v2\/product_cat?post=20542"},{"taxonomy":"product_tag","embeddable":true,"href":"https:\/\/erec-cm.com\/index.php\/wp-json\/wp\/v2\/product_tag?post=20542"}],"curies":[{"name":"wp","href":"https:\/\/api.w.org\/{rel}","templated":true}]}}