{"id":20550,"date":"2023-03-08T17:49:43","date_gmt":"2023-03-08T17:49:43","guid":{"rendered":"https:\/\/erec-cm.com\/?post_type=product&#038;p=20550"},"modified":"2026-04-29T11:21:21","modified_gmt":"2026-04-29T11:21:21","slug":"huile-de-rincin-de-qualite-e-vente-au-cameroun","status":"publish","type":"product","link":"https:\/\/erec-cm.com\/index.php\/product\/huile-de-rincin-de-qualite-e-vente-au-cameroun\/","title":{"rendered":"Huile de rincin de qualit\u00e9 en vente au Cameroun"},"content":{"rendered":"<p><em><strong><span class=\"sw\">Huile<\/span> <span class=\"sw\">mill\u00e9naire<\/span><\/strong><\/em><span class=\"sw\"><br \/>\n<\/span><span class=\"sw\"><b>L&rsquo;huile<\/b><\/span> <span class=\"sw\">de<\/span> <span class=\"sw\"><b>ricin<\/b><\/span> <span class=\"sw\"><b>semble<\/b><\/span> <span class=\"sw\"><b>avoir<\/b><\/span> <span class=\"sw\"><b>\u00e9t\u00e9<\/b><\/span> <span class=\"sw\">utilis\u00e9e<\/span> <span class=\"sw\">par<\/span> <span class=\"sw\">la<\/span> <span class=\"sw\">reine<\/span> <span class=\"sw\">Cl\u00e9op\u00e2tre<\/span> <span class=\"sw\">pour<\/span> <span class=\"sw\">se<\/span> <span class=\"sw\"><b>d\u00e9maquiller,<\/b><\/span> <span class=\"sw\"><b>et<\/b><\/span> <span class=\"sw\"><b>aussi<\/b><\/span> <span class=\"sw\"><b>alimenter<\/b><\/span> <span class=\"sw\"><b>ses<\/b><\/span> <span class=\"sw\">lampes.<\/span> <span class=\"sw\"><b>Ce<\/b><\/span> <span class=\"sw\"><b>n&rsquo;est<\/b><\/span> <span class=\"sw\"><b>pas<\/b><\/span> <span class=\"sw\"><b>\u00e9tonnant<\/b><\/span> <span class=\"sw\">car<\/span> <span class=\"sw\"><b>l&rsquo;huile<\/b><\/span> <span class=\"sw\"><b>de<\/b><\/span> <span class=\"sw\">ricin<\/span> <span class=\"sw\">pousse<\/span> <span class=\"sw\"><b>principalement<\/b><\/span> <span class=\"sw\">en<\/span> <span class=\"sw\">Afrique<\/span> <span class=\"sw\">et<\/span> <span class=\"sw\">ses<\/span> <span class=\"sw\"><b>bienfaits<\/b><\/span> <span class=\"sw\">sont<\/span> <span class=\"sw\"><b>connus<\/b><\/span> <span class=\"sw\">depuis<\/span> <span class=\"sw\">des<\/span> <span class=\"sw\"><b>milliers<\/b><\/span> <span class=\"sw\"><b>d&rsquo;ann\u00e9es.<\/b><\/span> <span class=\"sw\">Des<\/span> <span class=\"sw\">graines<\/span> <span class=\"sw\">ont<\/span> <span class=\"sw\">\u00e9t\u00e9<\/span> <span class=\"sw\">trouv\u00e9es<\/span> <span class=\"sw\">dans<\/span> <span class=\"sw\"><b>des<\/b><\/span> <span class=\"sw\">tombes<\/span> <span class=\"sw\">\u00e9gyptiennes.<\/span> <span class=\"sw\"><b>De<\/b><\/span> <span class=\"sw\">nos<\/span> <span class=\"sw\"><b>jours,<\/b><\/span> <span class=\"sw\"><b>nos<\/b><\/span> <span class=\"sw\"><b>grands-m\u00e8res<\/b><\/span> <span class=\"sw\">utilisaient<\/span> <span class=\"sw\">l&rsquo;huile<\/span> <span class=\"sw\">de<\/span> <span class=\"sw\">ricin<\/span> <span class=\"sw\">pour<\/span> <span class=\"sw\"><b>panser<\/b><\/span> <span class=\"sw\"><b>toutes<\/b><\/span> <span class=\"sw\">les<\/span> <span class=\"sw\"><b>blessures<\/b><\/span> <span class=\"sw\">du<\/span> <span class=\"sw\">quotidien.<\/span> <span class=\"sw\"><b>soin<\/b><\/span> <span class=\"sw\">des<\/span> <span class=\"sw\">cheveux<\/span><span class=\"sw\"><br \/>\n<\/span><span class=\"sw\">Cheveux<\/span> <span class=\"sw\">secs,<\/span> <span class=\"sw\">cheveux<\/span> <span class=\"sw\">gras,<\/span> <span class=\"sw\">cheveux<\/span> <span class=\"sw\">cassants,<\/span> <span class=\"sw\">cheveux<\/span> <span class=\"sw\"><b>afro&#8230;<\/b><\/span> <span class=\"sw\"><b>tous<\/b><\/span> <span class=\"sw\">les<\/span> <span class=\"sw\">types<\/span> <span class=\"sw\">de<\/span> <span class=\"sw\">cheveux<\/span> <span class=\"sw\"><b>seront<\/b><\/span> <span class=\"sw\"><b>r\u00e9confort\u00e9s<\/b><\/span> <span class=\"sw\"><b>par<\/b><\/span> <span class=\"sw\"><b>l&rsquo;huile<\/b><\/span> <span class=\"sw\"><b>de<\/b><\/span> <span class=\"sw\">ricin.<\/span> <span class=\"sw\">Cette<\/span> <span class=\"sw\">huile<\/span> <span class=\"sw\">est<\/span> <span class=\"sw\">tr\u00e8s<\/span> <span class=\"sw\">nourrissante.<\/span> <span class=\"sw\"><b>Hydrate<\/b><\/span> <span class=\"sw\"><b>en<\/b><\/span> <span class=\"sw\"><b>profondeur<\/b><\/span> <span class=\"sw\">le<\/span> <span class=\"sw\">cuir<\/span> <span class=\"sw\"><b>chevelu,<\/b><\/span> <span class=\"sw\">nourrit<\/span> <span class=\"sw\">et<\/span> <span class=\"sw\"><b>\u00e9paissit<\/b><\/span> <span class=\"sw\">les<\/span> <span class=\"sw\">cheveux<\/span> <span class=\"sw\"><b>de<\/b><\/span> <span class=\"sw\"><b>la<\/b><\/span> <span class=\"sw\"><b>racine<\/b><\/span> <span class=\"sw\"><b>aux<\/b><\/span> <span class=\"sw\">pointes,<\/span> <span class=\"sw\"><b>acc\u00e9l\u00e9rant<\/b><\/span> <span class=\"sw\">la<\/span> <span class=\"sw\"><b>croissance.<\/b><\/span> <span class=\"sw\">M\u00e9langez<\/span> <span class=\"sw\"><b>de<\/b><\/span> <span class=\"sw\">l&rsquo;huile<\/span> <span class=\"sw\">de<\/span> <span class=\"sw\">ricin<\/span> <span class=\"sw\"><b>avec<\/b><\/span> <span class=\"sw\">de<\/span> <span class=\"sw\">l&rsquo;huile<\/span> <span class=\"sw\">d&rsquo;amande<\/span> <span class=\"sw\">douce<\/span> <span class=\"sw\">ou<\/span> <span class=\"sw\"><b>d&rsquo;huile<\/b><\/span> <span class=\"sw\">d&rsquo;olive,<\/span> <span class=\"sw\">massez<\/span> <span class=\"sw\">votre<\/span> <span class=\"sw\">cuir<\/span> <span class=\"sw\">chevelu,<\/span> <span class=\"sw\"><b>enveloppez<\/b><\/span> <span class=\"sw\"><b>vos<\/b><\/span> <span class=\"sw\"><b>cheveux<\/b><\/span> <span class=\"sw\">dans<\/span> <span class=\"sw\">une<\/span> <span class=\"sw\">serviette<\/span> <span class=\"sw\">ou<\/span> <span class=\"sw\">un<\/span> <span class=\"sw\">bonnet<\/span> <span class=\"sw\">de<\/span> <span class=\"sw\"><b>bain<\/b><\/span> <span class=\"sw\">et<\/span> <span class=\"sw\">laissez<\/span> <span class=\"sw\"><b>agir<\/b><\/span> <span class=\"sw\"><b>pendant<\/b><\/span> <span class=\"sw\"><b>1<\/b><\/span> <span class=\"sw\"><b>\u00e0<\/b><\/span> <span class=\"sw\"><b>3<\/b><\/span> <span class=\"sw\">heures.<\/span> <span class=\"sw\">Pour<\/span> <span class=\"sw\">un<\/span> <span class=\"sw\"><b>meilleur<\/b><\/span> <span class=\"sw\"><b>entretien,<\/b><\/span> <span class=\"sw\"><b>laissez<\/b><\/span> <span class=\"sw\">l&rsquo;huile<\/span> <span class=\"sw\"><b>agir<\/b><\/span> <span class=\"sw\">toute<\/span> <span class=\"sw\">la<\/span> <span class=\"sw\"><b>nuit<\/b><\/span> <span class=\"sw\"><b>et<\/b><\/span> <span class=\"sw\"><b>n&rsquo;oubliez<\/b><\/span> <span class=\"sw\">pas<\/span> <span class=\"sw\">de<\/span> <span class=\"sw\">prot\u00e9ger<\/span> <span class=\"sw\">votre<\/span> <span class=\"sw\">oreiller.<\/span> <span class=\"sw\">Rincez<\/span> <span class=\"sw\"><b>\u00e0<\/b><\/span> <span class=\"sw\">l&rsquo;eau<\/span> <span class=\"sw\"><b>ti\u00e8de.<\/b><\/span> <span class=\"sw\">Deux<\/span> <span class=\"sw\"><b>shampoings<\/b><\/span> <span class=\"sw\">peuvent<\/span> <span class=\"sw\">\u00eatre<\/span> <span class=\"sw\">n\u00e9cessaires.<\/span><span class=\"sw\"><br \/>\n<\/span><span class=\"sw\"><br \/>\n<\/span><em><strong><span class=\"sw\">Tous<\/span> <span class=\"sw\">les<\/span> <span class=\"sw\">bienfaits<\/span> <span class=\"sw\">de<\/span> <span class=\"sw\">la<\/span> <span class=\"sw\">peau<\/span><\/strong><\/em><span class=\"sw\"><br \/>\n<\/span><span class=\"sw\">L&rsquo;huile<\/span> <span class=\"sw\">de<\/span> <span class=\"sw\">ricin<\/span> <span class=\"sw\">r\u00e9duit<\/span> <span class=\"sw\">l&rsquo;acn\u00e9,<\/span> <span class=\"sw\"><b>hydrate,<\/b><\/span> <span class=\"sw\">att\u00e9nue<\/span> <span class=\"sw\">les<\/span> <span class=\"sw\">rides<\/span> <span class=\"sw\">et<\/span> <span class=\"sw\">ridules,<\/span> <span class=\"sw\"><b>apaise<\/b><\/span> <span class=\"sw\">les<\/span> <span class=\"sw\">d\u00e9mangeaisons,<\/span> <span class=\"sw\"><b>att\u00e9nue<\/b><\/span> <span class=\"sw\">les<\/span> <span class=\"sw\"><b>taches<\/b><\/span> <span class=\"sw\">brunes<\/span> <span class=\"sw\"><b>du<\/b><\/span> <span class=\"sw\">visage<\/span> <span class=\"sw\">et<\/span> <span class=\"sw\"><b>des<\/b><\/span> <span class=\"sw\">mains,<\/span> <span class=\"sw\">efface<\/span> <span class=\"sw\">les<\/span> <span class=\"sw\"><b>vergetures,<\/b><\/span> <span class=\"sw\">d\u00e9sinfecte<\/span> <span class=\"sw\">les<\/span> <span class=\"sw\">petites<\/span> <span class=\"sw\"><b>imperfections.<\/b><\/span> <span class=\"sw\"><b>Dites<\/b><\/span> <span class=\"sw\"><b>adieu<\/b><\/span> <span class=\"sw\"><b>aux<\/b><\/span> <span class=\"sw\"><b>craquelures,<\/b><\/span> <span class=\"sw\"><b>\u00e0<\/b><\/span> <span class=\"sw\">la<\/span> <span class=\"sw\"><b>s\u00e9cheresse<\/b><\/span> <span class=\"sw\">et<\/span> <span class=\"sw\"><b>aux<\/b><\/span> <span class=\"sw\"><b>craquelures<\/b><\/span> <span class=\"sw\">!<\/span> <span class=\"sw\">Avec<\/span> <span class=\"sw\"><b>le<\/b><\/span> <span class=\"sw\">temps<\/span> <span class=\"sw\">et<\/span> <span class=\"sw\">la<\/span> <span class=\"sw\">patience,<\/span> <span class=\"sw\">les<\/span> <span class=\"sw\">cicatrices<\/span> <span class=\"sw\"><b>deviendront<\/b><\/span> <span class=\"sw\">presque<\/span> <span class=\"sw\">invisibles<\/span> <span class=\"sw\">et<\/span> <span class=\"sw\">les<\/span> <span class=\"sw\">tissus<\/span> <span class=\"sw\">de<\/span> <span class=\"sw\">ces<\/span> <span class=\"sw\">zones<\/span> <span class=\"sw\">sensibles<\/span> <span class=\"sw\"><b>se<\/b><\/span> <span class=\"sw\"><b>renforceront.<\/b><\/span> <span class=\"sw\"><b>Je<\/b><\/span> <span class=\"sw\">vous<\/span> <span class=\"sw\"><b>avais<\/b><\/span> <span class=\"sw\">dit<\/span> <span class=\"sw\">que<\/span> <span class=\"sw\">c&rsquo;\u00e9tait<\/span> <span class=\"sw\">un<\/span> <span class=\"sw\">rem\u00e8de<\/span> <span class=\"sw\">miracle<\/span> <span class=\"sw\">!<\/span><span class=\"sw\"><br \/>\n<\/span><span class=\"sw\"><br \/>\n<\/span><em><strong><span class=\"sw\">D\u00e9maquillant<\/span> <span class=\"sw\">naturel<\/span><\/strong><\/em><span class=\"sw\"><br \/>\n<\/span><span class=\"sw\">L&rsquo;huile<\/span> <span class=\"sw\">de<\/span> <span class=\"sw\">ricin<\/span> <span class=\"sw\"><b>devient<\/b><\/span> <span class=\"sw\">votre<\/span> <span class=\"sw\">meilleure<\/span> <span class=\"sw\"><b>alli\u00e9e<\/b><\/span> <span class=\"sw\">pour<\/span> <span class=\"sw\">d\u00e9maquiller<\/span> <span class=\"sw\">votre<\/span> <span class=\"sw\">peau<\/span> <span class=\"sw\">en<\/span> <span class=\"sw\"><b>douceur.Voici<\/b><\/span> <span class=\"sw\"><b>comment<\/b><\/span> <span class=\"sw\"><b>\u00e9viter<\/b><\/span> <span class=\"sw\">les<\/span> <span class=\"sw\">produits<\/span> <span class=\"sw\"><b>chimiques<\/b><\/span> <span class=\"sw\"><b>(p\u00e9troliers)<\/b><\/span> <span class=\"sw\"><b>dans<\/b><\/span> <span class=\"sw\"><b>les<\/b><\/span> <span class=\"sw\"><b>lotions<\/b><\/span> <span class=\"sw\"><b>du<\/b><\/span> <span class=\"sw\"><b>rayon<\/b><\/span> <span class=\"sw\"><b>cosm\u00e9tique<\/b><\/span> <span class=\"sw\">des<\/span> <span class=\"sw\">grands<\/span> <span class=\"sw\">magasins.<\/span> <span class=\"sw\"><b>Appliquez<\/b><\/span> <span class=\"sw\"><b>de<\/b><\/span> <span class=\"sw\">l&rsquo;huile<\/span> <span class=\"sw\">de<\/span> <span class=\"sw\">ricin<\/span> <span class=\"sw\">sur<\/span> <span class=\"sw\"><b>les<\/b><\/span> <span class=\"sw\">yeux<\/span> <span class=\"sw\">et<\/span> <span class=\"sw\"><b>le<\/b><\/span> <span class=\"sw\"><b>visage<\/b><\/span> <span class=\"sw\"><b>avec<\/b><\/span> <span class=\"sw\"><b>un<\/b><\/span> <span class=\"sw\"><b>coton.<\/b><\/span> <span class=\"sw\">Ne<\/span> <span class=\"sw\"><b>pas<\/b><\/span> <span class=\"sw\"><b>rincer.<\/b><\/span> <span class=\"sw\"><b>L&rsquo;exc\u00e8s<\/b><\/span> <span class=\"sw\">d&rsquo;huile<\/span> <span class=\"sw\"><b>hydrate<\/b><\/span> <span class=\"sw\">votre<\/span> <span class=\"sw\">peau.<\/span> <span class=\"sw\">Sachez<\/span> <span class=\"sw\">\u00e9galement<\/span> <span class=\"sw\">que<\/span> <span class=\"sw\">cette<\/span> <span class=\"sw\"><b>huile<\/b><\/span> <span class=\"sw\"><b>miracle<\/b><\/span> <span class=\"sw\"><b>\u00e9paissira<\/b><\/span> <span class=\"sw\">vos<\/span> <span class=\"sw\">cils<\/span> <span class=\"sw\">et<\/span> <span class=\"sw\">sourcils.<\/span> <span class=\"sw\"><b>Ajoutez<\/b><\/span> <span class=\"sw\"><b>2<\/b><\/span> <span class=\"sw\">gouttes<\/span> <span class=\"sw\">\u00e0<\/span> <span class=\"sw\">votre<\/span> <span class=\"sw\">mascara<\/span> <span class=\"sw\">habituel<\/span> <span class=\"sw\">ou<\/span> <span class=\"sw\">versez<\/span> <span class=\"sw\"><b>environ<\/b><\/span> <span class=\"sw\"><b>10<\/b><\/span> <span class=\"sw\">gouttes<\/span> <span class=\"sw\">dans<\/span> <span class=\"sw\">un<\/span> <span class=\"sw\">tube<\/span> <span class=\"sw\">de<\/span> <span class=\"sw\">mascara<\/span> <span class=\"sw\">vide.<\/span> <span class=\"sw\"><b>Appliquer<\/b><\/span> <span class=\"sw\">comme<\/span> <span class=\"sw\">un<\/span> <span class=\"sw\">maquillage<\/span> <span class=\"sw\"><b>ordinaire<\/b><\/span> <span class=\"sw\">ou<\/span> <span class=\"sw\">avant<\/span> <span class=\"sw\">de<\/span> <span class=\"sw\"><b>se<\/b><\/span> <span class=\"sw\"><b>coucher.<\/b><\/span> <span class=\"sw\">Pour<\/span> <span class=\"sw\">les<\/span> <span class=\"sw\">sourcils,<\/span> <span class=\"sw\"><b>masser<\/b><\/span> <span class=\"sw\"><b>2<\/b><\/span> <span class=\"sw\"><b>minutes<\/b><\/span> <span class=\"sw\"><b>avant<\/b><\/span> <span class=\"sw\"><b>de<\/b><\/span> <span class=\"sw\"><b>rincer.<\/b><\/span><\/p>\n","protected":false},"excerpt":{"rendered":"<ul>\n<li>Type de produit : Huile de ricin<\/li>\n<li>Fragrances: huile de ricin<\/li>\n<li>Particularit\u00e9: croissance extr\u00eame des cheveux<\/li>\n<li>Capacit\u00e9: 60 ml<\/li>\n<\/ul>\n","protected":false},"featured_media":20551,"comment_status":"open","ping_status":"closed","template":"","meta":[],"product_cat":[123],"product_tag":[],"class_list":{"0":"post-20550","1":"product","2":"type-product","3":"status-publish","4":"has-post-thumbnail","6":"product_cat-huile-essentielle","9":"first","10":"instock","11":"shipping-taxable","12":"purchasable","13":"product-type-simple"},"yoast_head":"<!-- This site is optimized with the Yoast SEO plugin v23.2 - https:\/\/yoast.com\/wordpress\/plugins\/seo\/ -->\n<title>Huile de rincin de qualit\u00e9 en vente au Cameroun - Erec Cameroun<\/title>\n<meta name=\"robots\" content=\"index, follow, max-snippet:-1, max-image-preview:large, max-video-preview:-1\" \/>\n<link rel=\"canonical\" href=\"https:\/\/erec-cm.com\/index.php\/product\/huile-de-rincin-de-qualite-e-vente-au-cameroun\/\" \/>\n<meta property=\"og:locale\" content=\"fr_FR\" \/>\n<meta property=\"og:type\" content=\"article\" \/>\n<meta property=\"og:title\" content=\"Huile de rincin de qualit\u00e9 en vente au Cameroun - Erec Cameroun\" \/>\n<meta property=\"og:description\" content=\"Type de produit : Huile de ricin  Fragrances: huile de ricin  Particularit\u00e9: croissance extr\u00eame des cheveux  Capacit\u00e9: 60 ml\" \/>\n<meta property=\"og:url\" content=\"https:\/\/erec-cm.com\/index.php\/product\/huile-de-rincin-de-qualite-e-vente-au-cameroun\/\" \/>\n<meta property=\"og:site_name\" content=\"Erec Cameroun\" \/>\n<meta property=\"article:modified_time\" content=\"2026-04-29T11:21:21+00:00\" \/>\n<meta property=\"og:image\" content=\"https:\/\/erec-cm.com\/wp-content\/uploads\/2023\/03\/Huile-de-rincin-1.jpg\" \/>\n\t<meta property=\"og:image:width\" content=\"1280\" \/>\n\t<meta property=\"og:image:height\" content=\"1280\" \/>\n\t<meta property=\"og:image:type\" content=\"image\/jpeg\" \/>\n<meta name=\"twitter:card\" content=\"summary_large_image\" \/>\n<meta name=\"twitter:label1\" content=\"Dur\u00e9e de lecture estim\u00e9e\" \/>\n\t<meta name=\"twitter:data1\" content=\"2 minutes\" \/>\n<script type=\"application\/ld+json\" class=\"yoast-schema-graph\">{\"@context\":\"https:\/\/schema.org\",\"@graph\":[{\"@type\":\"WebPage\",\"@id\":\"https:\/\/erec-cm.com\/index.php\/product\/huile-de-rincin-de-qualite-e-vente-au-cameroun\/\",\"url\":\"https:\/\/erec-cm.com\/index.php\/product\/huile-de-rincin-de-qualite-e-vente-au-cameroun\/\",\"name\":\"Huile de rincin de qualit\u00e9 en vente au Cameroun - Erec Cameroun\",\"isPartOf\":{\"@id\":\"https:\/\/erec-cm.com\/#website\"},\"primaryImageOfPage\":{\"@id\":\"https:\/\/erec-cm.com\/index.php\/product\/huile-de-rincin-de-qualite-e-vente-au-cameroun\/#primaryimage\"},\"image\":{\"@id\":\"https:\/\/erec-cm.com\/index.php\/product\/huile-de-rincin-de-qualite-e-vente-au-cameroun\/#primaryimage\"},\"thumbnailUrl\":\"https:\/\/erec-cm.com\/wp-content\/uploads\/2023\/03\/Huile-de-rincin-1.jpg\",\"datePublished\":\"2023-03-08T17:49:43+00:00\",\"dateModified\":\"2026-04-29T11:21:21+00:00\",\"breadcrumb\":{\"@id\":\"https:\/\/erec-cm.com\/index.php\/product\/huile-de-rincin-de-qualite-e-vente-au-cameroun\/#breadcrumb\"},\"inLanguage\":\"fr-FR\",\"potentialAction\":[{\"@type\":\"ReadAction\",\"target\":[\"https:\/\/erec-cm.com\/index.php\/product\/huile-de-rincin-de-qualite-e-vente-au-cameroun\/\"]}]},{\"@type\":\"ImageObject\",\"inLanguage\":\"fr-FR\",\"@id\":\"https:\/\/erec-cm.com\/index.php\/product\/huile-de-rincin-de-qualite-e-vente-au-cameroun\/#primaryimage\",\"url\":\"https:\/\/erec-cm.com\/wp-content\/uploads\/2023\/03\/Huile-de-rincin-1.jpg\",\"contentUrl\":\"https:\/\/erec-cm.com\/wp-content\/uploads\/2023\/03\/Huile-de-rincin-1.jpg\",\"width\":1280,\"height\":1280},{\"@type\":\"BreadcrumbList\",\"@id\":\"https:\/\/erec-cm.com\/index.php\/product\/huile-de-rincin-de-qualite-e-vente-au-cameroun\/#breadcrumb\",\"itemListElement\":[{\"@type\":\"ListItem\",\"position\":1,\"name\":\"Home\",\"item\":\"https:\/\/erec-cm.com\/\"},{\"@type\":\"ListItem\",\"position\":2,\"name\":\"Shop\",\"item\":\"https:\/\/erec-cm.com\/index.php\/shop\/\"},{\"@type\":\"ListItem\",\"position\":3,\"name\":\"Huile de rincin de qualit\u00e9 en vente au Cameroun\"}]},{\"@type\":\"WebSite\",\"@id\":\"https:\/\/erec-cm.com\/#website\",\"url\":\"https:\/\/erec-cm.com\/\",\"name\":\"Erec Cameroun\",\"description\":\"Just another WordPress site\",\"potentialAction\":[{\"@type\":\"SearchAction\",\"target\":{\"@type\":\"EntryPoint\",\"urlTemplate\":\"https:\/\/erec-cm.com\/?s={search_term_string}\"},\"query-input\":\"required name=search_term_string\"}],\"inLanguage\":\"fr-FR\"}]}<\/script>\n<!-- \/ Yoast SEO plugin. -->","yoast_head_json":{"title":"Huile de rincin de qualit\u00e9 en vente au Cameroun - Erec Cameroun","robots":{"index":"index","follow":"follow","max-snippet":"max-snippet:-1","max-image-preview":"max-image-preview:large","max-video-preview":"max-video-preview:-1"},"canonical":"https:\/\/erec-cm.com\/index.php\/product\/huile-de-rincin-de-qualite-e-vente-au-cameroun\/","og_locale":"fr_FR","og_type":"article","og_title":"Huile de rincin de qualit\u00e9 en vente au Cameroun - Erec Cameroun","og_description":"Type de produit : Huile de ricin  Fragrances: huile de ricin  Particularit\u00e9: croissance extr\u00eame des cheveux  Capacit\u00e9: 60 ml","og_url":"https:\/\/erec-cm.com\/index.php\/product\/huile-de-rincin-de-qualite-e-vente-au-cameroun\/","og_site_name":"Erec Cameroun","article_modified_time":"2026-04-29T11:21:21+00:00","og_image":[{"width":1280,"height":1280,"url":"https:\/\/erec-cm.com\/wp-content\/uploads\/2023\/03\/Huile-de-rincin-1.jpg","type":"image\/jpeg"}],"twitter_card":"summary_large_image","twitter_misc":{"Dur\u00e9e de lecture estim\u00e9e":"2 minutes"},"schema":{"@context":"https:\/\/schema.org","@graph":[{"@type":"WebPage","@id":"https:\/\/erec-cm.com\/index.php\/product\/huile-de-rincin-de-qualite-e-vente-au-cameroun\/","url":"https:\/\/erec-cm.com\/index.php\/product\/huile-de-rincin-de-qualite-e-vente-au-cameroun\/","name":"Huile de rincin de qualit\u00e9 en vente au Cameroun - Erec Cameroun","isPartOf":{"@id":"https:\/\/erec-cm.com\/#website"},"primaryImageOfPage":{"@id":"https:\/\/erec-cm.com\/index.php\/product\/huile-de-rincin-de-qualite-e-vente-au-cameroun\/#primaryimage"},"image":{"@id":"https:\/\/erec-cm.com\/index.php\/product\/huile-de-rincin-de-qualite-e-vente-au-cameroun\/#primaryimage"},"thumbnailUrl":"https:\/\/erec-cm.com\/wp-content\/uploads\/2023\/03\/Huile-de-rincin-1.jpg","datePublished":"2023-03-08T17:49:43+00:00","dateModified":"2026-04-29T11:21:21+00:00","breadcrumb":{"@id":"https:\/\/erec-cm.com\/index.php\/product\/huile-de-rincin-de-qualite-e-vente-au-cameroun\/#breadcrumb"},"inLanguage":"fr-FR","potentialAction":[{"@type":"ReadAction","target":["https:\/\/erec-cm.com\/index.php\/product\/huile-de-rincin-de-qualite-e-vente-au-cameroun\/"]}]},{"@type":"ImageObject","inLanguage":"fr-FR","@id":"https:\/\/erec-cm.com\/index.php\/product\/huile-de-rincin-de-qualite-e-vente-au-cameroun\/#primaryimage","url":"https:\/\/erec-cm.com\/wp-content\/uploads\/2023\/03\/Huile-de-rincin-1.jpg","contentUrl":"https:\/\/erec-cm.com\/wp-content\/uploads\/2023\/03\/Huile-de-rincin-1.jpg","width":1280,"height":1280},{"@type":"BreadcrumbList","@id":"https:\/\/erec-cm.com\/index.php\/product\/huile-de-rincin-de-qualite-e-vente-au-cameroun\/#breadcrumb","itemListElement":[{"@type":"ListItem","position":1,"name":"Home","item":"https:\/\/erec-cm.com\/"},{"@type":"ListItem","position":2,"name":"Shop","item":"https:\/\/erec-cm.com\/index.php\/shop\/"},{"@type":"ListItem","position":3,"name":"Huile de rincin de qualit\u00e9 en vente au Cameroun"}]},{"@type":"WebSite","@id":"https:\/\/erec-cm.com\/#website","url":"https:\/\/erec-cm.com\/","name":"Erec Cameroun","description":"Just another WordPress site","potentialAction":[{"@type":"SearchAction","target":{"@type":"EntryPoint","urlTemplate":"https:\/\/erec-cm.com\/?s={search_term_string}"},"query-input":"required name=search_term_string"}],"inLanguage":"fr-FR"}]}},"_links":{"self":[{"href":"https:\/\/erec-cm.com\/index.php\/wp-json\/wp\/v2\/product\/20550","targetHints":{"allow":["GET"]}}],"collection":[{"href":"https:\/\/erec-cm.com\/index.php\/wp-json\/wp\/v2\/product"}],"about":[{"href":"https:\/\/erec-cm.com\/index.php\/wp-json\/wp\/v2\/types\/product"}],"replies":[{"embeddable":true,"href":"https:\/\/erec-cm.com\/index.php\/wp-json\/wp\/v2\/comments?post=20550"}],"wp:featuredmedia":[{"embeddable":true,"href":"https:\/\/erec-cm.com\/index.php\/wp-json\/wp\/v2\/media\/20551"}],"wp:attachment":[{"href":"https:\/\/erec-cm.com\/index.php\/wp-json\/wp\/v2\/media?parent=20550"}],"wp:term":[{"taxonomy":"product_cat","embeddable":true,"href":"https:\/\/erec-cm.com\/index.php\/wp-json\/wp\/v2\/product_cat?post=20550"},{"taxonomy":"product_tag","embeddable":true,"href":"https:\/\/erec-cm.com\/index.php\/wp-json\/wp\/v2\/product_tag?post=20550"}],"curies":[{"name":"wp","href":"https:\/\/api.w.org\/{rel}","templated":true}]}}