{"id":20552,"date":"2023-03-08T17:55:12","date_gmt":"2023-03-08T17:55:12","guid":{"rendered":"https:\/\/erec-cm.com\/?post_type=product&#038;p=20552"},"modified":"2026-04-24T04:26:34","modified_gmt":"2026-04-24T04:26:34","slug":"huile-de-neem-en-vente-au-cameroun","status":"publish","type":"product","link":"https:\/\/erec-cm.com\/index.php\/product\/huile-de-neem-en-vente-au-cameroun\/","title":{"rendered":"Huile de neem en vente au Cameroun"},"content":{"rendered":"<p><span class=\"sw\">L&rsquo;huile<\/span> <span class=\"sw\">v\u00e9g\u00e9tale<\/span> <span class=\"sw\">de<\/span> <span class=\"sw\"><b>Neem<\/b><\/span> <span class=\"sw\">est<\/span> <span class=\"sw\">100%<\/span> <span class=\"sw\">pure<\/span> <span class=\"sw\">et<\/span> <span class=\"sw\">naturelle.<\/span> <span class=\"sw\"><b>Il<\/b><\/span> <span class=\"sw\">est<\/span> <span class=\"sw\"><b>extrait<\/b><\/span> <span class=\"sw\">\u00e0<\/span> <span class=\"sw\">froid<\/span> <span class=\"sw\">des<\/span> <span class=\"sw\">graines<\/span> <span class=\"sw\">contenues<\/span> <span class=\"sw\">dans<\/span> <span class=\"sw\"><b>le<\/b><\/span> <span class=\"sw\"><b>fruit.<\/b><\/span> <span class=\"sw\"><b>Prot\u00e8ge<\/b><\/span> <span class=\"sw\"><b>et<\/b><\/span> <span class=\"sw\"><b>nourrit<\/b><\/span> <span class=\"sw\">la<\/span> <span class=\"sw\">peau,<\/span> <span class=\"sw\"><b>combat<\/b><\/span> <span class=\"sw\">le<\/span> <span class=\"sw\">vieillissement,<\/span> <span class=\"sw\">combat<\/span> <span class=\"sw\">l&rsquo;acn\u00e9,<\/span> <span class=\"sw\"><b>apaise<\/b><\/span> <span class=\"sw\">les<\/span> <span class=\"sw\"><b>furoncles<\/b><\/span> <span class=\"sw\"><b>et<\/b><\/span> <span class=\"sw\">l&rsquo;ecz\u00e9ma,<\/span> <span class=\"sw\"><b>combat<\/b><\/span> <span class=\"sw\">les<\/span> <span class=\"sw\">infections<\/span> <span class=\"sw\">fongiques<\/span> <span class=\"sw\"><b>telles<\/b><\/span> <span class=\"sw\"><b>que<\/b><\/span> <span class=\"sw\"><b>la<\/b><\/span> <span class=\"sw\"><b>mycose<\/b><\/span> <span class=\"sw\">des<\/span> <span class=\"sw\">ongles,<\/span> <span class=\"sw\">le<\/span> <span class=\"sw\">pied<\/span> <span class=\"sw\">d&rsquo;athl\u00e8te,<\/span> <span class=\"sw\">traite<\/span> <span class=\"sw\">les<\/span> <span class=\"sw\"><b>imperfections<\/b><\/span> <span class=\"sw\">mineures.<\/span> <span class=\"sw\">croissance.<\/span><span class=\"sw\"><br \/>\n<\/span><span class=\"sw\"><br \/>\n<\/span><span class=\"sw\"><b>Caract\u00e9ristiques<\/b><\/span> <span class=\"sw\"><b>sp\u00e9ciales<\/b><\/span> <span class=\"sw\">:<\/span><span class=\"sw\"><br \/>\n<\/span><span class=\"sw\"><b>Probl\u00e8me<\/b><\/span> <span class=\"sw\"><b>de<\/b><\/span> <span class=\"sw\"><b>soins<\/b><\/span> <span class=\"sw\"><b>de<\/b><\/span> <span class=\"sw\"><b>la<\/b><\/span> <span class=\"sw\"><b>peau,<\/b><\/span> <span class=\"sw\"><b>soins<\/b><\/span> <span class=\"sw\"><b>des<\/b><\/span> <span class=\"sw\">cheveux.<\/span> <span class=\"sw\"><b>afficher<\/b><\/span><span class=\"sw\"><br \/>\n<\/span><\/p>\n<ul style=\"font-weight: 400;\">\n<li>Infections cutan\u00e9es<\/li>\n<li>Anti-poux<\/li>\n<li>Mycoses<\/li>\n<li>Acn\u00e9<\/li>\n<li>Ecz\u00e9ma<\/li>\n<li>Pellicules<\/li>\n<li>D\u00e9mangeaisons<\/li>\n<li>Action contre les insectes<\/li>\n<\/ul>\n<p>&nbsp;<\/p>\n","protected":false},"excerpt":{"rendered":"<ul class=\"-pvs -mvxs -phm -lsn\">\n<li class=\"-pvxs\"><span class=\"-b\">Gamme de produits<\/span>: Huile corporelle<\/li>\n<li class=\"-pvxs\"><span class=\"-b\">Mod\u00e8le<\/span>: 125 ML<\/li>\n<li class=\"-pvxs\"><span class=\"-b\">Poids (kg)<\/span>: 125<\/li>\n<li class=\"-pvxs\"><span class=\"-b\">Couleur<\/span>: vert<\/li>\n<li class=\"-pvxs\"><span class=\"-b\">Mat\u00e9riau principal<\/span>: graines de neem press\u00e9es<\/li>\n<li class=\"-pvxs\"><span class=\"-b\">\u00c9tiquette d&rsquo;entretien<\/span>: &#8211; Utilisation voie cutan\u00e9e- Tenir hors de port\u00e9e des enfants- Conserver dans un endroits frais et sec<\/li>\n<\/ul>\n","protected":false},"featured_media":20553,"comment_status":"open","ping_status":"closed","template":"","meta":[],"product_cat":[123],"product_tag":[],"class_list":{"0":"post-20552","1":"product","2":"type-product","3":"status-publish","4":"has-post-thumbnail","6":"product_cat-huile-essentielle","9":"first","10":"instock","11":"shipping-taxable","12":"purchasable","13":"product-type-simple"},"yoast_head":"<!-- This site is optimized with the Yoast SEO plugin v23.2 - https:\/\/yoast.com\/wordpress\/plugins\/seo\/ -->\n<title>Huile de neem en vente au Cameroun - Erec Cameroun<\/title>\n<meta name=\"robots\" content=\"index, follow, max-snippet:-1, max-image-preview:large, max-video-preview:-1\" \/>\n<link rel=\"canonical\" href=\"https:\/\/erec-cm.com\/index.php\/product\/huile-de-neem-en-vente-au-cameroun\/\" \/>\n<meta property=\"og:locale\" content=\"fr_FR\" \/>\n<meta property=\"og:type\" content=\"article\" \/>\n<meta property=\"og:title\" content=\"Huile de neem en vente au Cameroun - Erec Cameroun\" \/>\n<meta property=\"og:description\" content=\"Gamme de produits: Huile corporelle  Mod\u00e8le: 125 ML  Poids (kg): 125  Couleur: vert  Mat\u00e9riau principal: graines de neem press\u00e9es  \u00c9tiquette d&#039;entretien: - Utilisation voie cutan\u00e9e- Tenir hors de port\u00e9e des enfants- Conserver dans un endroits frais et sec\" \/>\n<meta property=\"og:url\" content=\"https:\/\/erec-cm.com\/index.php\/product\/huile-de-neem-en-vente-au-cameroun\/\" \/>\n<meta property=\"og:site_name\" content=\"Erec Cameroun\" \/>\n<meta property=\"article:modified_time\" content=\"2026-04-24T04:26:34+00:00\" \/>\n<meta property=\"og:image\" content=\"https:\/\/erec-cm.com\/wp-content\/uploads\/2023\/03\/Huile-de-neem.jpg\" \/>\n\t<meta property=\"og:image:width\" content=\"1280\" \/>\n\t<meta property=\"og:image:height\" content=\"1280\" \/>\n\t<meta property=\"og:image:type\" content=\"image\/jpeg\" \/>\n<meta name=\"twitter:card\" content=\"summary_large_image\" \/>\n<meta name=\"twitter:label1\" content=\"Dur\u00e9e de lecture estim\u00e9e\" \/>\n\t<meta name=\"twitter:data1\" content=\"1 minute\" \/>\n<script type=\"application\/ld+json\" class=\"yoast-schema-graph\">{\"@context\":\"https:\/\/schema.org\",\"@graph\":[{\"@type\":\"WebPage\",\"@id\":\"https:\/\/erec-cm.com\/index.php\/product\/huile-de-neem-en-vente-au-cameroun\/\",\"url\":\"https:\/\/erec-cm.com\/index.php\/product\/huile-de-neem-en-vente-au-cameroun\/\",\"name\":\"Huile de neem en vente au Cameroun - Erec Cameroun\",\"isPartOf\":{\"@id\":\"https:\/\/erec-cm.com\/#website\"},\"primaryImageOfPage\":{\"@id\":\"https:\/\/erec-cm.com\/index.php\/product\/huile-de-neem-en-vente-au-cameroun\/#primaryimage\"},\"image\":{\"@id\":\"https:\/\/erec-cm.com\/index.php\/product\/huile-de-neem-en-vente-au-cameroun\/#primaryimage\"},\"thumbnailUrl\":\"https:\/\/erec-cm.com\/wp-content\/uploads\/2023\/03\/Huile-de-neem.jpg\",\"datePublished\":\"2023-03-08T17:55:12+00:00\",\"dateModified\":\"2026-04-24T04:26:34+00:00\",\"breadcrumb\":{\"@id\":\"https:\/\/erec-cm.com\/index.php\/product\/huile-de-neem-en-vente-au-cameroun\/#breadcrumb\"},\"inLanguage\":\"fr-FR\",\"potentialAction\":[{\"@type\":\"ReadAction\",\"target\":[\"https:\/\/erec-cm.com\/index.php\/product\/huile-de-neem-en-vente-au-cameroun\/\"]}]},{\"@type\":\"ImageObject\",\"inLanguage\":\"fr-FR\",\"@id\":\"https:\/\/erec-cm.com\/index.php\/product\/huile-de-neem-en-vente-au-cameroun\/#primaryimage\",\"url\":\"https:\/\/erec-cm.com\/wp-content\/uploads\/2023\/03\/Huile-de-neem.jpg\",\"contentUrl\":\"https:\/\/erec-cm.com\/wp-content\/uploads\/2023\/03\/Huile-de-neem.jpg\",\"width\":1280,\"height\":1280},{\"@type\":\"BreadcrumbList\",\"@id\":\"https:\/\/erec-cm.com\/index.php\/product\/huile-de-neem-en-vente-au-cameroun\/#breadcrumb\",\"itemListElement\":[{\"@type\":\"ListItem\",\"position\":1,\"name\":\"Home\",\"item\":\"https:\/\/erec-cm.com\/\"},{\"@type\":\"ListItem\",\"position\":2,\"name\":\"Shop\",\"item\":\"https:\/\/erec-cm.com\/index.php\/shop\/\"},{\"@type\":\"ListItem\",\"position\":3,\"name\":\"Huile de neem en vente au Cameroun\"}]},{\"@type\":\"WebSite\",\"@id\":\"https:\/\/erec-cm.com\/#website\",\"url\":\"https:\/\/erec-cm.com\/\",\"name\":\"Erec Cameroun\",\"description\":\"Just another WordPress site\",\"potentialAction\":[{\"@type\":\"SearchAction\",\"target\":{\"@type\":\"EntryPoint\",\"urlTemplate\":\"https:\/\/erec-cm.com\/?s={search_term_string}\"},\"query-input\":\"required name=search_term_string\"}],\"inLanguage\":\"fr-FR\"}]}<\/script>\n<!-- \/ Yoast SEO plugin. -->","yoast_head_json":{"title":"Huile de neem en vente au Cameroun - Erec Cameroun","robots":{"index":"index","follow":"follow","max-snippet":"max-snippet:-1","max-image-preview":"max-image-preview:large","max-video-preview":"max-video-preview:-1"},"canonical":"https:\/\/erec-cm.com\/index.php\/product\/huile-de-neem-en-vente-au-cameroun\/","og_locale":"fr_FR","og_type":"article","og_title":"Huile de neem en vente au Cameroun - Erec Cameroun","og_description":"Gamme de produits: Huile corporelle  Mod\u00e8le: 125 ML  Poids (kg): 125  Couleur: vert  Mat\u00e9riau principal: graines de neem press\u00e9es  \u00c9tiquette d'entretien: - Utilisation voie cutan\u00e9e- Tenir hors de port\u00e9e des enfants- Conserver dans un endroits frais et sec","og_url":"https:\/\/erec-cm.com\/index.php\/product\/huile-de-neem-en-vente-au-cameroun\/","og_site_name":"Erec Cameroun","article_modified_time":"2026-04-24T04:26:34+00:00","og_image":[{"width":1280,"height":1280,"url":"https:\/\/erec-cm.com\/wp-content\/uploads\/2023\/03\/Huile-de-neem.jpg","type":"image\/jpeg"}],"twitter_card":"summary_large_image","twitter_misc":{"Dur\u00e9e de lecture estim\u00e9e":"1 minute"},"schema":{"@context":"https:\/\/schema.org","@graph":[{"@type":"WebPage","@id":"https:\/\/erec-cm.com\/index.php\/product\/huile-de-neem-en-vente-au-cameroun\/","url":"https:\/\/erec-cm.com\/index.php\/product\/huile-de-neem-en-vente-au-cameroun\/","name":"Huile de neem en vente au Cameroun - Erec Cameroun","isPartOf":{"@id":"https:\/\/erec-cm.com\/#website"},"primaryImageOfPage":{"@id":"https:\/\/erec-cm.com\/index.php\/product\/huile-de-neem-en-vente-au-cameroun\/#primaryimage"},"image":{"@id":"https:\/\/erec-cm.com\/index.php\/product\/huile-de-neem-en-vente-au-cameroun\/#primaryimage"},"thumbnailUrl":"https:\/\/erec-cm.com\/wp-content\/uploads\/2023\/03\/Huile-de-neem.jpg","datePublished":"2023-03-08T17:55:12+00:00","dateModified":"2026-04-24T04:26:34+00:00","breadcrumb":{"@id":"https:\/\/erec-cm.com\/index.php\/product\/huile-de-neem-en-vente-au-cameroun\/#breadcrumb"},"inLanguage":"fr-FR","potentialAction":[{"@type":"ReadAction","target":["https:\/\/erec-cm.com\/index.php\/product\/huile-de-neem-en-vente-au-cameroun\/"]}]},{"@type":"ImageObject","inLanguage":"fr-FR","@id":"https:\/\/erec-cm.com\/index.php\/product\/huile-de-neem-en-vente-au-cameroun\/#primaryimage","url":"https:\/\/erec-cm.com\/wp-content\/uploads\/2023\/03\/Huile-de-neem.jpg","contentUrl":"https:\/\/erec-cm.com\/wp-content\/uploads\/2023\/03\/Huile-de-neem.jpg","width":1280,"height":1280},{"@type":"BreadcrumbList","@id":"https:\/\/erec-cm.com\/index.php\/product\/huile-de-neem-en-vente-au-cameroun\/#breadcrumb","itemListElement":[{"@type":"ListItem","position":1,"name":"Home","item":"https:\/\/erec-cm.com\/"},{"@type":"ListItem","position":2,"name":"Shop","item":"https:\/\/erec-cm.com\/index.php\/shop\/"},{"@type":"ListItem","position":3,"name":"Huile de neem en vente au Cameroun"}]},{"@type":"WebSite","@id":"https:\/\/erec-cm.com\/#website","url":"https:\/\/erec-cm.com\/","name":"Erec Cameroun","description":"Just another WordPress site","potentialAction":[{"@type":"SearchAction","target":{"@type":"EntryPoint","urlTemplate":"https:\/\/erec-cm.com\/?s={search_term_string}"},"query-input":"required name=search_term_string"}],"inLanguage":"fr-FR"}]}},"_links":{"self":[{"href":"https:\/\/erec-cm.com\/index.php\/wp-json\/wp\/v2\/product\/20552","targetHints":{"allow":["GET"]}}],"collection":[{"href":"https:\/\/erec-cm.com\/index.php\/wp-json\/wp\/v2\/product"}],"about":[{"href":"https:\/\/erec-cm.com\/index.php\/wp-json\/wp\/v2\/types\/product"}],"replies":[{"embeddable":true,"href":"https:\/\/erec-cm.com\/index.php\/wp-json\/wp\/v2\/comments?post=20552"}],"wp:featuredmedia":[{"embeddable":true,"href":"https:\/\/erec-cm.com\/index.php\/wp-json\/wp\/v2\/media\/20553"}],"wp:attachment":[{"href":"https:\/\/erec-cm.com\/index.php\/wp-json\/wp\/v2\/media?parent=20552"}],"wp:term":[{"taxonomy":"product_cat","embeddable":true,"href":"https:\/\/erec-cm.com\/index.php\/wp-json\/wp\/v2\/product_cat?post=20552"},{"taxonomy":"product_tag","embeddable":true,"href":"https:\/\/erec-cm.com\/index.php\/wp-json\/wp\/v2\/product_tag?post=20552"}],"curies":[{"name":"wp","href":"https:\/\/api.w.org\/{rel}","templated":true}]}}