{"id":20558,"date":"2023-03-08T18:01:43","date_gmt":"2023-03-08T18:01:43","guid":{"rendered":"https:\/\/erec-cm.com\/?post_type=product&#038;p=20558"},"modified":"2026-04-29T11:21:37","modified_gmt":"2026-04-29T11:21:37","slug":"huile-de-sesame-en-vente-au-cameroun","status":"publish","type":"product","link":"https:\/\/erec-cm.com\/index.php\/product\/huile-de-sesame-en-vente-au-cameroun\/","title":{"rendered":"Huile de s\u00e9same en vente au Cameroun"},"content":{"rendered":"<p><span class=\"sw\">L&rsquo;huile<\/span> <span class=\"sw\">de<\/span> <span class=\"sw\">s\u00e9same<\/span> <span class=\"sw\">HT26<\/span> <span class=\"sw\">est<\/span> <span class=\"sw\"><b>souvent<\/b><\/span> <span class=\"sw\"><b>utilis\u00e9e<\/b><\/span> <span class=\"sw\"><b>en<\/b><\/span> <span class=\"sw\"><b>\u00ab\u00a0Afrocosm\u00e9tique\u00a0\u00bb.<\/b><\/span> <span class=\"sw\">Son<\/span> <span class=\"sw\">action<\/span> <span class=\"sw\"><b>restructurante<\/b><\/span> <span class=\"sw\">est<\/span> <span class=\"sw\">b\u00e9n\u00e9fique<\/span> <span class=\"sw\">pour<\/span> <span class=\"sw\">la<\/span> <span class=\"sw\">peau<\/span> <span class=\"sw\">et<\/span> <span class=\"sw\">les<\/span> <span class=\"sw\">cheveux.<\/span><span class=\"sw\"><br \/>\n<\/span><span class=\"sw\">Utilis\u00e9e<\/span> <span class=\"sw\">en<\/span> <span class=\"sw\">massage<\/span> <span class=\"sw\">corporel,<\/span> <span class=\"sw\">elle<\/span> <span class=\"sw\">adoucit<\/span> <span class=\"sw\">les<\/span> <span class=\"sw\">peaux<\/span> <span class=\"sw\">les<\/span> <span class=\"sw\">plus<\/span> <span class=\"sw\">s\u00e8ches<\/span> <span class=\"sw\"><b>et<\/b><\/span> <span class=\"sw\"><b>les<\/b><\/span> <span class=\"sw\"><b>r\u00e9pare<\/b><\/span> <span class=\"sw\">sans<\/span> <span class=\"sw\">les<\/span> <span class=\"sw\">graisser.<\/span><span class=\"sw\"><br \/>\n<\/span><span class=\"sw\">L&rsquo;huile<\/span> <span class=\"sw\">de<\/span> <span class=\"sw\">s\u00e9same<\/span> <span class=\"sw\">HT26<\/span> <span class=\"sw\">est<\/span> <span class=\"sw\"><b>\u00e9galement<\/b><\/span> <span class=\"sw\">efficace<\/span> <span class=\"sw\">pour<\/span> <span class=\"sw\"><b>conditionner<\/b><\/span> <span class=\"sw\">les<\/span> <span class=\"sw\">cheveux<\/span> <span class=\"sw\">et<\/span> <span class=\"sw\">les<\/span> <span class=\"sw\">ongles.<\/span><\/p>\n","protected":false},"excerpt":{"rendered":"<ul class=\"-pvs -mvxs -phm -lsn\">\n<li class=\"-pvxs\"><span class=\"-b\">Gamme de produits<\/span>: soins corporels<\/li>\n<li class=\"-pvxs\"><span class=\"-b\">Mod\u00e8le<\/span>: huile<\/li>\n<li class=\"-pvxs\"><span class=\"-b\">Pays de production<\/span>: France<\/li>\n<li class=\"-pvxs\"><span class=\"-b\">Poids (kg)<\/span>: 0.5<\/li>\n<li class=\"-pvxs\"><span class=\"-b\">Couleur<\/span>: blanc<\/li>\n<li class=\"-pvxs\"><span class=\"-b\">Mat\u00e9riau principal<\/span>: verre<\/li>\n<\/ul>\n","protected":false},"featured_media":20559,"comment_status":"open","ping_status":"closed","template":"","meta":[],"product_cat":[123],"product_tag":[],"class_list":{"0":"post-20558","1":"product","2":"type-product","3":"status-publish","4":"has-post-thumbnail","6":"product_cat-huile-essentielle","9":"first","10":"instock","11":"shipping-taxable","12":"purchasable","13":"product-type-simple"},"yoast_head":"<!-- This site is optimized with the Yoast SEO plugin v23.2 - https:\/\/yoast.com\/wordpress\/plugins\/seo\/ -->\n<title>Huile de s\u00e9same en vente au Cameroun - Erec Cameroun<\/title>\n<meta name=\"robots\" content=\"index, follow, max-snippet:-1, max-image-preview:large, max-video-preview:-1\" \/>\n<link rel=\"canonical\" href=\"https:\/\/erec-cm.com\/index.php\/product\/huile-de-sesame-en-vente-au-cameroun\/\" \/>\n<meta property=\"og:locale\" content=\"fr_FR\" \/>\n<meta property=\"og:type\" content=\"article\" \/>\n<meta property=\"og:title\" content=\"Huile de s\u00e9same en vente au Cameroun - Erec Cameroun\" \/>\n<meta property=\"og:description\" content=\"Gamme de produits: soins corporels  Mod\u00e8le: huile  Pays de production: France  Poids (kg): 0.5  Couleur: blanc  Mat\u00e9riau principal: verre\" \/>\n<meta property=\"og:url\" content=\"https:\/\/erec-cm.com\/index.php\/product\/huile-de-sesame-en-vente-au-cameroun\/\" \/>\n<meta property=\"og:site_name\" content=\"Erec Cameroun\" \/>\n<meta property=\"article:modified_time\" content=\"2026-04-29T11:21:37+00:00\" \/>\n<meta property=\"og:image\" content=\"https:\/\/erec-cm.com\/wp-content\/uploads\/2023\/03\/Huile-de-sesame.jpg\" \/>\n\t<meta property=\"og:image:width\" content=\"1280\" \/>\n\t<meta property=\"og:image:height\" content=\"1280\" \/>\n\t<meta property=\"og:image:type\" content=\"image\/jpeg\" \/>\n<meta name=\"twitter:card\" content=\"summary_large_image\" \/>\n<meta name=\"twitter:label1\" content=\"Dur\u00e9e de lecture estim\u00e9e\" \/>\n\t<meta name=\"twitter:data1\" content=\"1 minute\" \/>\n<script type=\"application\/ld+json\" class=\"yoast-schema-graph\">{\"@context\":\"https:\/\/schema.org\",\"@graph\":[{\"@type\":\"WebPage\",\"@id\":\"https:\/\/erec-cm.com\/index.php\/product\/huile-de-sesame-en-vente-au-cameroun\/\",\"url\":\"https:\/\/erec-cm.com\/index.php\/product\/huile-de-sesame-en-vente-au-cameroun\/\",\"name\":\"Huile de s\u00e9same en vente au Cameroun - Erec Cameroun\",\"isPartOf\":{\"@id\":\"https:\/\/erec-cm.com\/#website\"},\"primaryImageOfPage\":{\"@id\":\"https:\/\/erec-cm.com\/index.php\/product\/huile-de-sesame-en-vente-au-cameroun\/#primaryimage\"},\"image\":{\"@id\":\"https:\/\/erec-cm.com\/index.php\/product\/huile-de-sesame-en-vente-au-cameroun\/#primaryimage\"},\"thumbnailUrl\":\"https:\/\/erec-cm.com\/wp-content\/uploads\/2023\/03\/Huile-de-sesame.jpg\",\"datePublished\":\"2023-03-08T18:01:43+00:00\",\"dateModified\":\"2026-04-29T11:21:37+00:00\",\"breadcrumb\":{\"@id\":\"https:\/\/erec-cm.com\/index.php\/product\/huile-de-sesame-en-vente-au-cameroun\/#breadcrumb\"},\"inLanguage\":\"fr-FR\",\"potentialAction\":[{\"@type\":\"ReadAction\",\"target\":[\"https:\/\/erec-cm.com\/index.php\/product\/huile-de-sesame-en-vente-au-cameroun\/\"]}]},{\"@type\":\"ImageObject\",\"inLanguage\":\"fr-FR\",\"@id\":\"https:\/\/erec-cm.com\/index.php\/product\/huile-de-sesame-en-vente-au-cameroun\/#primaryimage\",\"url\":\"https:\/\/erec-cm.com\/wp-content\/uploads\/2023\/03\/Huile-de-sesame.jpg\",\"contentUrl\":\"https:\/\/erec-cm.com\/wp-content\/uploads\/2023\/03\/Huile-de-sesame.jpg\",\"width\":1280,\"height\":1280},{\"@type\":\"BreadcrumbList\",\"@id\":\"https:\/\/erec-cm.com\/index.php\/product\/huile-de-sesame-en-vente-au-cameroun\/#breadcrumb\",\"itemListElement\":[{\"@type\":\"ListItem\",\"position\":1,\"name\":\"Home\",\"item\":\"https:\/\/erec-cm.com\/\"},{\"@type\":\"ListItem\",\"position\":2,\"name\":\"Shop\",\"item\":\"https:\/\/erec-cm.com\/index.php\/shop\/\"},{\"@type\":\"ListItem\",\"position\":3,\"name\":\"Huile de s\u00e9same en vente au Cameroun\"}]},{\"@type\":\"WebSite\",\"@id\":\"https:\/\/erec-cm.com\/#website\",\"url\":\"https:\/\/erec-cm.com\/\",\"name\":\"Erec Cameroun\",\"description\":\"Just another WordPress site\",\"potentialAction\":[{\"@type\":\"SearchAction\",\"target\":{\"@type\":\"EntryPoint\",\"urlTemplate\":\"https:\/\/erec-cm.com\/?s={search_term_string}\"},\"query-input\":\"required name=search_term_string\"}],\"inLanguage\":\"fr-FR\"}]}<\/script>\n<!-- \/ Yoast SEO plugin. -->","yoast_head_json":{"title":"Huile de s\u00e9same en vente au Cameroun - Erec Cameroun","robots":{"index":"index","follow":"follow","max-snippet":"max-snippet:-1","max-image-preview":"max-image-preview:large","max-video-preview":"max-video-preview:-1"},"canonical":"https:\/\/erec-cm.com\/index.php\/product\/huile-de-sesame-en-vente-au-cameroun\/","og_locale":"fr_FR","og_type":"article","og_title":"Huile de s\u00e9same en vente au Cameroun - Erec Cameroun","og_description":"Gamme de produits: soins corporels  Mod\u00e8le: huile  Pays de production: France  Poids (kg): 0.5  Couleur: blanc  Mat\u00e9riau principal: verre","og_url":"https:\/\/erec-cm.com\/index.php\/product\/huile-de-sesame-en-vente-au-cameroun\/","og_site_name":"Erec Cameroun","article_modified_time":"2026-04-29T11:21:37+00:00","og_image":[{"width":1280,"height":1280,"url":"https:\/\/erec-cm.com\/wp-content\/uploads\/2023\/03\/Huile-de-sesame.jpg","type":"image\/jpeg"}],"twitter_card":"summary_large_image","twitter_misc":{"Dur\u00e9e de lecture estim\u00e9e":"1 minute"},"schema":{"@context":"https:\/\/schema.org","@graph":[{"@type":"WebPage","@id":"https:\/\/erec-cm.com\/index.php\/product\/huile-de-sesame-en-vente-au-cameroun\/","url":"https:\/\/erec-cm.com\/index.php\/product\/huile-de-sesame-en-vente-au-cameroun\/","name":"Huile de s\u00e9same en vente au Cameroun - Erec Cameroun","isPartOf":{"@id":"https:\/\/erec-cm.com\/#website"},"primaryImageOfPage":{"@id":"https:\/\/erec-cm.com\/index.php\/product\/huile-de-sesame-en-vente-au-cameroun\/#primaryimage"},"image":{"@id":"https:\/\/erec-cm.com\/index.php\/product\/huile-de-sesame-en-vente-au-cameroun\/#primaryimage"},"thumbnailUrl":"https:\/\/erec-cm.com\/wp-content\/uploads\/2023\/03\/Huile-de-sesame.jpg","datePublished":"2023-03-08T18:01:43+00:00","dateModified":"2026-04-29T11:21:37+00:00","breadcrumb":{"@id":"https:\/\/erec-cm.com\/index.php\/product\/huile-de-sesame-en-vente-au-cameroun\/#breadcrumb"},"inLanguage":"fr-FR","potentialAction":[{"@type":"ReadAction","target":["https:\/\/erec-cm.com\/index.php\/product\/huile-de-sesame-en-vente-au-cameroun\/"]}]},{"@type":"ImageObject","inLanguage":"fr-FR","@id":"https:\/\/erec-cm.com\/index.php\/product\/huile-de-sesame-en-vente-au-cameroun\/#primaryimage","url":"https:\/\/erec-cm.com\/wp-content\/uploads\/2023\/03\/Huile-de-sesame.jpg","contentUrl":"https:\/\/erec-cm.com\/wp-content\/uploads\/2023\/03\/Huile-de-sesame.jpg","width":1280,"height":1280},{"@type":"BreadcrumbList","@id":"https:\/\/erec-cm.com\/index.php\/product\/huile-de-sesame-en-vente-au-cameroun\/#breadcrumb","itemListElement":[{"@type":"ListItem","position":1,"name":"Home","item":"https:\/\/erec-cm.com\/"},{"@type":"ListItem","position":2,"name":"Shop","item":"https:\/\/erec-cm.com\/index.php\/shop\/"},{"@type":"ListItem","position":3,"name":"Huile de s\u00e9same en vente au Cameroun"}]},{"@type":"WebSite","@id":"https:\/\/erec-cm.com\/#website","url":"https:\/\/erec-cm.com\/","name":"Erec Cameroun","description":"Just another WordPress site","potentialAction":[{"@type":"SearchAction","target":{"@type":"EntryPoint","urlTemplate":"https:\/\/erec-cm.com\/?s={search_term_string}"},"query-input":"required name=search_term_string"}],"inLanguage":"fr-FR"}]}},"_links":{"self":[{"href":"https:\/\/erec-cm.com\/index.php\/wp-json\/wp\/v2\/product\/20558","targetHints":{"allow":["GET"]}}],"collection":[{"href":"https:\/\/erec-cm.com\/index.php\/wp-json\/wp\/v2\/product"}],"about":[{"href":"https:\/\/erec-cm.com\/index.php\/wp-json\/wp\/v2\/types\/product"}],"replies":[{"embeddable":true,"href":"https:\/\/erec-cm.com\/index.php\/wp-json\/wp\/v2\/comments?post=20558"}],"wp:featuredmedia":[{"embeddable":true,"href":"https:\/\/erec-cm.com\/index.php\/wp-json\/wp\/v2\/media\/20559"}],"wp:attachment":[{"href":"https:\/\/erec-cm.com\/index.php\/wp-json\/wp\/v2\/media?parent=20558"}],"wp:term":[{"taxonomy":"product_cat","embeddable":true,"href":"https:\/\/erec-cm.com\/index.php\/wp-json\/wp\/v2\/product_cat?post=20558"},{"taxonomy":"product_tag","embeddable":true,"href":"https:\/\/erec-cm.com\/index.php\/wp-json\/wp\/v2\/product_tag?post=20558"}],"curies":[{"name":"wp","href":"https:\/\/api.w.org\/{rel}","templated":true}]}}